{"id":19993,"date":"2024-11-25T15:48:22","date_gmt":"2024-11-25T14:48:22","guid":{"rendered":"https:\/\/lt-laborhandel.de\/?post_type=product&#038;p=19993"},"modified":"2026-03-13T09:47:38","modified_gmt":"2026-03-13T08:47:38","slug":"memmert-universalschrank-uf450mplus-449l-20-300c","status":"publish","type":"product","link":"https:\/\/lt-laborhandel.de\/en\/produkt\/memmert-universalschrank-uf450mplus-449l-20-300c\/","title":{"rendered":"Memmert Universalschrank UF450mplus, 449l, 20-300\u00b0C"},"content":{"rendered":"<p>Universalschrank UF450mplus, Medizinprodukt, forcierte Umluft, TwinDISPLAY, 449 l, Arbeitstemperaturbereich mind. 10 \u00b0C \u00fcber Raumtemperatur bis +300 \u00b0C, Einstelltemperaturbereich +20 \u00b0C bis +300 \u00b0C, mit 2 Gitterrosten, Edelstahlt\u00fcr, elektronisch einstellbare Abluftklappe von 0 % &#8211; 100 % in 10 % Schritten sowie L\u00fcfterdrehzahleinstellung von 0 % &#8211; 100 % in 10 % Schritten, Ethernet-Schnittstelle zum Auslesen der Protokolldaten; zus\u00e4tzlich \u00dcbertragung von Programmen sowie Online-Protokollierung; USB-Port am ControlCOCKPIT f\u00fcr USB-Stick; Mehrfach-\u00dcbertemperaturschutz, integrierter Datenlogger mit Speicherkapazit\u00e4t f\u00fcr min.10 Jahre,  Einstellung von je 3 Kalibrierwerten am ControlCOCKPIT; Werkskalibrierzertifikat f\u00fcr +160 \u00b0C; Strukturedelstahlgeh\u00e4use: 1224 x 1247 x 784 mm; Edelstahlinnenraum: 1040 x 720 x 600 mm; Spannung: 400 V, 50\/60 Hz; max. Leistungsaufnahme: ca. 5800 W<\/p>\n<p><b>Zubeh\u00f6r und Ersatzteile auf Anfrage erh\u00e4ltlich!<\/b><\/p>\n","protected":false},"excerpt":{"rendered":"<p><b>Zubeh\u00f6r- und Ersatzteile erhalten Sie gerne auf Anfrage!<\/b><\/p>\n","protected":false},"featured_media":20018,"template":"","meta":[],"product_brand":[358],"product_cat":[322,209],"product_tag":[],"class_list":{"0":"post-19993","1":"product","2":"type-product","3":"status-publish","4":"has-post-thumbnail","6":"product_brand-memmert","7":"product_cat-memmert","8":"product_cat-universalschraenke","9":"product_shipping_class-standard","11":"first","12":"instock","13":"taxable","14":"shipping-taxable","15":"purchasable","16":"product-type-simple"},"tiered_pricing_type":"fixed","tiered_pricing_fixed_rules":[],"tiered_pricing_product_settings":{"layout":"default","base_unit_name":{"singular":null,"plural":null},"default_variation":null},"tiered_pricing_minimum_quantity":null,"tiered_pricing_roles_data":[],"tiered_pricing_percentage_rules":[],"_links":{"self":[{"href":"https:\/\/lt-laborhandel.de\/en\/wp-json\/wp\/v2\/product\/19993","targetHints":{"allow":["GET"]}}],"collection":[{"href":"https:\/\/lt-laborhandel.de\/en\/wp-json\/wp\/v2\/product"}],"about":[{"href":"https:\/\/lt-laborhandel.de\/en\/wp-json\/wp\/v2\/types\/product"}],"wp:featuredmedia":[{"embeddable":true,"href":"https:\/\/lt-laborhandel.de\/en\/wp-json\/wp\/v2\/media\/20018"}],"wp:attachment":[{"href":"https:\/\/lt-laborhandel.de\/en\/wp-json\/wp\/v2\/media?parent=19993"}],"wp:term":[{"taxonomy":"product_brand","embeddable":true,"href":"https:\/\/lt-laborhandel.de\/en\/wp-json\/wp\/v2\/product_brand?post=19993"},{"taxonomy":"product_cat","embeddable":true,"href":"https:\/\/lt-laborhandel.de\/en\/wp-json\/wp\/v2\/product_cat?post=19993"},{"taxonomy":"product_tag","embeddable":true,"href":"https:\/\/lt-laborhandel.de\/en\/wp-json\/wp\/v2\/product_tag?post=19993"}],"curies":[{"name":"wp","href":"https:\/\/api.w.org\/{rel}","templated":true}]}}