{"id":19877,"date":"2024-11-25T09:05:03","date_gmt":"2024-11-25T08:05:03","guid":{"rendered":"https:\/\/lt-laborhandel.de\/?post_type=product&#038;p=19877"},"modified":"2026-03-13T09:47:24","modified_gmt":"2026-03-13T08:47:24","slug":"memmert-brutschrank-in260m-256l-20-80c","status":"publish","type":"product","link":"https:\/\/lt-laborhandel.de\/en\/produkt\/memmert-brutschrank-in260m-256l-20-80c\/","title":{"rendered":"Memmert Brutschrank IN260m, 256l, 20-80\u00b0C"},"content":{"rendered":"<p>Brutschrank IN260m, Medizinprodukt, nat\u00fcrliche Konvektion, SingleDISPLAY, 256 l, Arbeitstemperaturbereich mind. 5 \u00b0C \u00fcber Raumtemperatur bis +80 \u00b0C, Einstelltemperaturbereich +20 \u00b0C bis +80 \u00b0C, mit 2 Gitterrosten, \u00e4u\u00dfere Edelstahlt\u00fcr, innere Glast\u00fcr, elektronisch einstellbare Abluftklappe von 0 % &#8211; 100 % in 10 % Schritten, Ethernet-Schnittstelle zum Auslesen der Protokolldaten; doppelter \u00dcbertemperaturschutz, integrierter Datenlogger mit Speicherkapazit\u00e4t f\u00fcr min. 10 Jahre, Einstellung von je 3 Kalibrierwerten am ControlCOCKPIT; Werkskalibrierzertifikat f\u00fcr +37 \u00b0C; Strukturedelstahlgeh\u00e4use: 824 x 1183 x 684 mm; Edelstahlinnenraum: 640 x 800 x 500 mm; Spannung: 230 V, 50\/60 Hz; max. Leistungsaufnahme: ca. 1700 W<\/p>\n<p><b>Zubeh\u00f6r und Ersatzteile auf Anfrage erh\u00e4ltlich!<\/b><\/p>\n","protected":false},"excerpt":{"rendered":"<p><b>Zubeh\u00f6r- und Ersatzteile erhalten Sie gerne auf Anfrage!<\/b><\/p>\n","protected":false},"featured_media":19879,"template":"","meta":[],"product_brand":[358],"product_cat":[206,322],"product_tag":[],"class_list":{"0":"post-19877","1":"product","2":"type-product","3":"status-publish","4":"has-post-thumbnail","6":"product_brand-memmert","7":"product_cat-brutschraenke","8":"product_cat-memmert","9":"product_shipping_class-standard","11":"first","12":"instock","13":"taxable","14":"shipping-taxable","15":"purchasable","16":"product-type-simple"},"tiered_pricing_type":"fixed","tiered_pricing_fixed_rules":[],"tiered_pricing_product_settings":{"layout":"default","base_unit_name":{"singular":null,"plural":null},"default_variation":null},"tiered_pricing_minimum_quantity":null,"tiered_pricing_roles_data":[],"tiered_pricing_percentage_rules":[],"_links":{"self":[{"href":"https:\/\/lt-laborhandel.de\/en\/wp-json\/wp\/v2\/product\/19877","targetHints":{"allow":["GET"]}}],"collection":[{"href":"https:\/\/lt-laborhandel.de\/en\/wp-json\/wp\/v2\/product"}],"about":[{"href":"https:\/\/lt-laborhandel.de\/en\/wp-json\/wp\/v2\/types\/product"}],"wp:featuredmedia":[{"embeddable":true,"href":"https:\/\/lt-laborhandel.de\/en\/wp-json\/wp\/v2\/media\/19879"}],"wp:attachment":[{"href":"https:\/\/lt-laborhandel.de\/en\/wp-json\/wp\/v2\/media?parent=19877"}],"wp:term":[{"taxonomy":"product_brand","embeddable":true,"href":"https:\/\/lt-laborhandel.de\/en\/wp-json\/wp\/v2\/product_brand?post=19877"},{"taxonomy":"product_cat","embeddable":true,"href":"https:\/\/lt-laborhandel.de\/en\/wp-json\/wp\/v2\/product_cat?post=19877"},{"taxonomy":"product_tag","embeddable":true,"href":"https:\/\/lt-laborhandel.de\/en\/wp-json\/wp\/v2\/product_tag?post=19877"}],"curies":[{"name":"wp","href":"https:\/\/api.w.org\/{rel}","templated":true}]}}