{"id":19672,"date":"2024-11-07T11:18:28","date_gmt":"2024-11-07T10:18:28","guid":{"rendered":"https:\/\/lt-laborhandel.de\/?post_type=product&#038;p=19672"},"modified":"2026-01-30T21:00:18","modified_gmt":"2026-01-30T20:00:18","slug":"kern-inverses-fluoreszenzmikroskop-ocm-167","status":"publish","type":"product","link":"https:\/\/lt-laborhandel.de\/en\/produkt\/kern-inverses-fluoreszenzmikroskop-ocm-167\/","title":{"rendered":"KERN Inverses Fluoreszenzmikroskop OCM 167"},"content":{"rendered":"<p>Inverses Fluoreszenzmikroskop OCM 167<\/p>\n<p>Produktfamilie: OCM-1<\/p>\n<p>Das inverse biologische Labormikroskop \u2013 auch mit Fluoreszenz<\/p>\n<p>Beschreibung:<\/p>\n<p>Die OCM-Serie zeichnet sich durch ihr ergonomisches, robustes und extra standfestes Design aus. Diese Bauform, mit ihrem sehr gro\u00dfen Arbeitsabstand, ist beispielsweise f\u00fcr die Beobachtung und Analyse von Zellkulturen besonders geeignet<\/p>\n<p>Eine 5W-LED-Beleuchtung sorgt f\u00fcr eine optimale Ausleuchtung im Hellfeld Ihres Pr\u00e4parates. Als Fluoreszenzmikroskop steht Ihnen zus\u00e4tzlich eine Osram 5W-LED-Epi-Fluoreszenzauflichteinheit f\u00fcr eine perfekte Ausleuchtung und Anregung Ihrer Fluoreszenzpr\u00e4parate zur Verf\u00fcgung<\/p>\n<p>Ein spezieller Abbe-N.A.-0,3-Kondensor mit Aperturblende und gro\u00dfem Arbeitsabstand von 72 mm gew\u00e4hrleistet ein optimales Arbeiten im Hellfeld, Phasenkontrast und bei Fluoreszenzanwendungen<\/p>\n<p>Die OCM-Serie ist serienm\u00e4\u00dfig mit einem trinokularen Tubus ausgestattet<\/p>\n<p>Der mechanische Objekttisch inklusive Objekthalter (\u2205 110 mm) erm\u00f6glicht ein schnelles und effektives Arbeiten. Weitere Halterungen f\u00fcr Kulturschalen sind im Lieferumfang enthalten oder als Zubeh\u00f6r erh\u00e4ltlich<\/p>\n<p>Weitere Optionen wie z. B. eine Auswahl an Okularen, Objektiven, Objekthaltern und weiteren Phasenkontrasteinheiten k\u00f6nnen als Zubeh\u00f6r integriert werden<\/p>\n<p>Eine Staubschutzhaube sowie eine Betriebsanleitung befinden sich im Lieferumfang<\/p>\n<p>Technische Daten:<\/p>\n<p>Optisches System\tInfinity<\/p>\n<p>Tubus Art\tTrinokular<\/p>\n<p>Okular Vergr\u00f6\u00dferung\t10 x<\/p>\n<p>Okular Sehfeld\t22 mm<\/p>\n<p>Standard-Objektive\t10x, 20x, 40x, PH 20x<\/p>\n<p>Objektivqualit\u00e4t\tInfinity Plan<\/p>\n<p>Objektivrevolver-Einschraubpl\u00e4tze\t5<\/p>\n<p>Beleuchtungsrichtung\tAuflicht, Durchlicht<\/p>\n<p>Beleuchtungsart Durchlicht\tLED<\/p>\n<p>Beleuchtungsart Auflicht\tLED<\/p>\n<p>Beleuchtungsst\u00e4rke Auflicht\t5W<\/p>\n<p>Fluoreszenzeinheit\tB, G (LED)<\/p>\n<p>Kondensor-Typ\tStandard<\/p>\n<p>Kondensor-Apertur\t0,3<\/p>\n<p>Kondensor-Montage\tfix<\/p>\n<p>Fokussierungsmechanik\tKoaxialer Grob- und Feintrieb<\/p>\n<p>Feintrieb-Minimum\t0,002 mm<\/p>\n<p>Abmessungen (B\u00d7T\u00d7H)\t782\u00d7304\u00d7530 mm<\/p>\n<p>GTIN\/EAN-Nummer\t4045761263529<\/p>\n","protected":false},"excerpt":{"rendered":"<p><b>Zubeh\u00f6r- und Ersatzteile erhalten Sie gerne auf Anfrage!<\/b><\/p>\n","protected":false},"featured_media":19699,"template":"","meta":[],"product_brand":[],"product_cat":[330,165],"product_tag":[],"class_list":{"0":"post-19672","1":"product","2":"type-product","3":"status-publish","4":"has-post-thumbnail","6":"product_cat-kern","7":"product_cat-mikroskope","8":"product_shipping_class-standard","10":"first","11":"instock","12":"taxable","13":"shipping-taxable","14":"purchasable","15":"product-type-simple"},"tiered_pricing_type":"fixed","tiered_pricing_fixed_rules":[],"tiered_pricing_product_settings":{"layout":"default","base_unit_name":{"singular":null,"plural":null},"default_variation":null},"tiered_pricing_minimum_quantity":null,"tiered_pricing_roles_data":[],"tiered_pricing_percentage_rules":[],"_links":{"self":[{"href":"https:\/\/lt-laborhandel.de\/en\/wp-json\/wp\/v2\/product\/19672","targetHints":{"allow":["GET"]}}],"collection":[{"href":"https:\/\/lt-laborhandel.de\/en\/wp-json\/wp\/v2\/product"}],"about":[{"href":"https:\/\/lt-laborhandel.de\/en\/wp-json\/wp\/v2\/types\/product"}],"wp:featuredmedia":[{"embeddable":true,"href":"https:\/\/lt-laborhandel.de\/en\/wp-json\/wp\/v2\/media\/19699"}],"wp:attachment":[{"href":"https:\/\/lt-laborhandel.de\/en\/wp-json\/wp\/v2\/media?parent=19672"}],"wp:term":[{"taxonomy":"product_brand","embeddable":true,"href":"https:\/\/lt-laborhandel.de\/en\/wp-json\/wp\/v2\/product_brand?post=19672"},{"taxonomy":"product_cat","embeddable":true,"href":"https:\/\/lt-laborhandel.de\/en\/wp-json\/wp\/v2\/product_cat?post=19672"},{"taxonomy":"product_tag","embeddable":true,"href":"https:\/\/lt-laborhandel.de\/en\/wp-json\/wp\/v2\/product_tag?post=19672"}],"curies":[{"name":"wp","href":"https:\/\/api.w.org\/{rel}","templated":true}]}}