{"id":19669,"date":"2024-11-07T11:18:12","date_gmt":"2024-11-07T10:18:12","guid":{"rendered":"https:\/\/lt-laborhandel.de\/?post_type=product&#038;p=19669"},"modified":"2026-01-30T21:00:17","modified_gmt":"2026-01-30T20:00:17","slug":"kern-stereo-zoom-mikroskop-ozs-574","status":"publish","type":"product","link":"https:\/\/lt-laborhandel.de\/en\/produkt\/kern-stereo-zoom-mikroskop-ozs-574\/","title":{"rendered":"KERN Stereo-Zoom-Mikroskop OZS 574"},"content":{"rendered":"<p>Stereo-Zoom-Mikroskop OZS 574<\/p>\n<p>Produktfamilie: OZS-5<\/p>\n<p>Professionelles Stereo-Zoom-Mikroskop mit Parallel-Optik f\u00fcr ausgezeichnete Bilder, Tiefensch\u00e4rfe, Kontrast und erm\u00fcdungsfreies Arbeiten<\/p>\n<p>Beschreibung:<\/p>\n<p>Bei der KERN OZS-5-Serie handelt es sich um spezielle und sehr hochwertige Stereo-Zoom-Mikroskope mit Parallel-Optik f\u00fcr anspruchsvolle Analysen<\/p>\n<p>Die KERN OZS-5-Serie steht Ihnen als starke und stufenlos einstellbare 3W-LED-Auf- und Durchlichtvariante f\u00fcr eine optimale Beleuchtung Ihrer Probe zur Verf\u00fcgung<\/p>\n<p>Die Parallel-Optik ist das hochwertigste optische System und liefert ausgezeichnete Bilder mit bestem Kontrast, Farbe und Tiefensch\u00e4rfe bei erm\u00fcdungsfreiem Arbeiten. Auch ist das Nachfokussieren bei der Zoomvergr\u00f6\u00dferung nur in sehr geringem Ma\u00dfe notwendig<\/p>\n<p>Als Standard bietet Ihnen dieses Mikroskop eine stufenlose Gesamtvergr\u00f6\u00dferung von 8 x-80 x<\/p>\n<p>Das KERN OZS 574 ist serienm\u00e4\u00dfig als trinokulare Version ausgef\u00fchrt und ist somit vorbereitet f\u00fcr den Anschluss einer Kamera zur Dokumentation und f\u00fcr Qualit\u00e4tsberichte<\/p>\n<p>Der S\u00e4ulenst\u00e4nder ist durch seine variable und robuste Einstellmechanik besonders flexibel und erm\u00f6glicht so ein ergonomisches Arbeiten<\/p>\n<p>Eine gro\u00dfe Auswahl an Okularen, (Universal-) St\u00e4ndern, externen Beleuchtungen, Vorsatzobjektiven sowie ein Dunkelfeldeinsatz und vieles mehr stehen Ihnen als Zubeh\u00f6r zur Verf\u00fcgung<\/p>\n<p>Eine Staubschutzhaube, Augenmuscheln sowie eine mehrsprachige Betriebsanleitung befinden sich im Lieferumfang<\/p>\n<p>Technische Daten:<\/p>\n<p>Optisches System\tParallel<\/p>\n<p>Tubus Art\tTrinokular<\/p>\n<p>Okular Vergr\u00f6\u00dferung\t10 x<\/p>\n<p>Okular Sehfeld\t22 mm<\/p>\n<p>Vergr\u00f6\u00dferungsverh\u00e4ltnis\t10,0:1<\/p>\n<p>Zoom [Min]\t0,8 x<\/p>\n<p>Zoom [Max]\t8 x<\/p>\n<p>Beleuchtungsrichtung\tAuflicht, Durchlicht<\/p>\n<p>Beleuchtungsart Durchlicht\tLED<\/p>\n<p>Beleuchtungsart Auflicht\tLED<\/p>\n<p>Beleuchtungsst\u00e4rke Auflicht\t3W<\/p>\n<p>Fokussierungsmechanik\tGrobtrieb<\/p>\n<p>Arbeitsabstand\t91 mm<\/p>\n<p>Probenh\u00f6he [Max]\t100 mm<\/p>\n<p>St\u00e4nder-Bauweise\tS\u00e4ule<\/p>\n<p>Abmessungen (B\u00d7T\u00d7H)\t305\u00d7300\u00d7540 mm<\/p>\n<p>GTIN\/EAN-Nummer\t4045761169432<\/p>\n","protected":false},"excerpt":{"rendered":"<p><b>Zubeh\u00f6r- und Ersatzteile erhalten Sie gerne auf Anfrage!<\/b><\/p>\n","protected":false},"featured_media":19693,"template":"","meta":[],"product_brand":[],"product_cat":[330,165],"product_tag":[],"class_list":{"0":"post-19669","1":"product","2":"type-product","3":"status-publish","4":"has-post-thumbnail","6":"product_cat-kern","7":"product_cat-mikroskope","8":"product_shipping_class-standard","10":"first","11":"instock","12":"taxable","13":"shipping-taxable","14":"purchasable","15":"product-type-simple"},"tiered_pricing_type":"fixed","tiered_pricing_fixed_rules":[],"tiered_pricing_product_settings":{"layout":"default","base_unit_name":{"singular":null,"plural":null},"default_variation":null},"tiered_pricing_minimum_quantity":null,"tiered_pricing_roles_data":[],"tiered_pricing_percentage_rules":[],"_links":{"self":[{"href":"https:\/\/lt-laborhandel.de\/en\/wp-json\/wp\/v2\/product\/19669","targetHints":{"allow":["GET"]}}],"collection":[{"href":"https:\/\/lt-laborhandel.de\/en\/wp-json\/wp\/v2\/product"}],"about":[{"href":"https:\/\/lt-laborhandel.de\/en\/wp-json\/wp\/v2\/types\/product"}],"wp:featuredmedia":[{"embeddable":true,"href":"https:\/\/lt-laborhandel.de\/en\/wp-json\/wp\/v2\/media\/19693"}],"wp:attachment":[{"href":"https:\/\/lt-laborhandel.de\/en\/wp-json\/wp\/v2\/media?parent=19669"}],"wp:term":[{"taxonomy":"product_brand","embeddable":true,"href":"https:\/\/lt-laborhandel.de\/en\/wp-json\/wp\/v2\/product_brand?post=19669"},{"taxonomy":"product_cat","embeddable":true,"href":"https:\/\/lt-laborhandel.de\/en\/wp-json\/wp\/v2\/product_cat?post=19669"},{"taxonomy":"product_tag","embeddable":true,"href":"https:\/\/lt-laborhandel.de\/en\/wp-json\/wp\/v2\/product_tag?post=19669"}],"curies":[{"name":"wp","href":"https:\/\/api.w.org\/{rel}","templated":true}]}}