{"id":19668,"date":"2024-11-07T11:18:09","date_gmt":"2024-11-07T10:18:09","guid":{"rendered":"https:\/\/lt-laborhandel.de\/?post_type=product&#038;p=19668"},"modified":"2026-01-30T21:00:17","modified_gmt":"2026-01-30T20:00:17","slug":"kern-digitalmikroskop-set-ozp-558t241","status":"publish","type":"product","link":"https:\/\/lt-laborhandel.de\/en\/produkt\/kern-digitalmikroskop-set-ozp-558t241\/","title":{"rendered":"KERN Digitalmikroskop-Set OZP 558T241"},"content":{"rendered":"<p>Digitalmikroskop-Set OZP 558T241<\/p>\n<p>Produktfamilie: OZP-S<\/p>\n<p>Erstklassige Optik sowie starke Beleuchtung kombiniert mit hoher Flexibilit\u00e4t und digitalen Werkzeugen<\/p>\n<p>Beschreibung:<\/p>\n<p>Die Stereomikroskope der OZP-5-Serie stehen Ihnen auch als digitale Komplettl\u00f6sung mit adaptierter Tablet Kamera f\u00fcr Ihre Live-Untersuchung zur Verf\u00fcgung. Der passende C-Mount Adapter ist selbstverst\u00e4ndlich in der Lieferung enthalten<\/p>\n<p>Die adaptierte KERN ODC 241 Tablet-Kamera wurde speziell f\u00fcr die einfache, bequeme und direkte Untersuchung der Probe auf dem Bildschirm entwickelt. Optimal geeignet f\u00fcr Sch\u00fcler und Studenten in der Ausbildung oder zu Demonstrationszwecken im Labor<\/p>\n<p>Eine Staubschutzhaube, Augenmuscheln sowie eine mehrsprachige Betriebsanleitung befinden sich im Lieferumfang<\/p>\n<p>OZP 558<\/p>\n<p>Das KERN OZP-5 Stereo-Zoom-Mikroskop zeichnet sich durch seinen \u00fcberdurchschnittlichen Vergr\u00f6\u00dferungsbereich und seine robuste sowie ergonomische Form aus, welche ein m\u00fcheloses und einfaches Arbeiten \u00fcber mehrere Stunden hinweg erm\u00f6glicht<\/p>\n<p>Das KERN OZP 558 steht Ihnen als starke und stufenlos einstellbare 3W-LED-Auf- und Durchlichtvariante f\u00fcr eine optimale Beleuchtung Ihrer Probe zur Verf\u00fcgung<\/p>\n<p>Neben dem gro\u00dfen Arbeitsabstand, einem extra gro\u00dfen Sehfeld und einer brillianten Aufl\u00f6sung liefert das KERN OZP 558 farbtreue und tiefenscharfe Bilder mit hohem Kontrast<\/p>\n<p>Der \u00fcberaus gro\u00dfe und stufenlos einstellbare Vergr\u00f6\u00dferungsbereich von 6- bis 55-facher Vergr\u00f6\u00dferung erm\u00f6glicht Ihnen ein schnelles und effektives Arbeiten<\/p>\n<p>Der S\u00e4ulenst\u00e4nder ist durch seine variable und robuste Einstellmechanik besonders flexibel und erm\u00f6glicht so ein ergonomisches Arbeiten<\/p>\n<p>ODC 241<\/p>\n<p>Die integrierte 5-MP-Kamera erm\u00f6glicht neben der Live-\u00dcbertragung des Bildes an das Android Tablet auch die Erstellung von Bildern und Videos zur Dokumentation. Einfache Messungen, wie z. B. Strecken-, Fl\u00e4chen- und Winkelmessungen sowie eine manuelle Z\u00e4hlfunktion sind ebenfalls vorhanden<\/p>\n<p>Ein automatischer Wei\u00dfabgleich und der automatische Kontrastausgleich kann schnell und einfach vorgenommen werden, was ein effizientes Arbeiten erm\u00f6glicht<\/p>\n<p>Durch die integrierten Schnittstellen werden eine Vielzahl an weiteren Funktionen bereitgestellt, wie z. B.<\/p>\n<p>&#8211; Datenspeicherung auf USB-Stick oder SD-Karte<\/p>\n<p>&#8211; Anschluss einer USB-Maus<\/p>\n<p>&#8211; \u00dcbertragung des Livebildes auf einen externen Bildschirm per HDMI<\/p>\n<p>&#8211; \u00dcbertragung gespeicherter Daten an externe Empf\u00e4nger per WLAN<\/p>\n<p>Technische Daten:<\/p>\n<p>Optisches System\tGreenough<\/p>\n<p>Tubus Art\tTrinokular<\/p>\n<p>Okular Vergr\u00f6\u00dferung\t10 x<\/p>\n<p>Okular Sehfeld\t23 mm<\/p>\n<p>Vergr\u00f6\u00dferungsverh\u00e4ltnis\t9,2:1<\/p>\n<p>Zoom [Min]\t0,6 x<\/p>\n<p>Zoom [Max]\t5,5 x<\/p>\n<p>Beleuchtungsrichtung\tAuflicht, Durchlicht<\/p>\n<p>Beleuchtungsart Durchlicht\tLED<\/p>\n<p>Beleuchtungsart Auflicht\tLED<\/p>\n<p>Beleuchtungsst\u00e4rke Auflicht\t3W<\/p>\n<p>Fokussierungsmechanik\tGrobtrieb<\/p>\n<p>Display-Art\tLCD-Touch<\/p>\n<p>Display Gr\u00f6\u00dfe\t9,7&#8243;<\/p>\n<p>Display Aufl\u00f6sung\t2048&#215;1536<\/p>\n<p>mcuDetails\tQuad Core Cortex-A17; 1,8 GHz<\/p>\n<p>Kamera &#8211; Sensorart\tSony CMOS<\/p>\n<p>Kamera &#8211; Farbtiefe\tFarbe<\/p>\n<p>Kamera &#8211; Sensorgr\u00f6\u00dfe\t1\/2,8&#8243;<\/p>\n<p>Kamera &#8211; Aufl\u00f6sung\t5 MP<\/p>\n<p>Kamera &#8211; Framerate\t30 fps<\/p>\n<p>Schnittstellen\tWLAN, USB 2.0, HDMI, MicroSD Kartenslot<\/p>\n<p>C-Mount Vergr\u00f6\u00dferung\t0,5 x<\/p>\n<p>Arbeitsabstand\t108 mm<\/p>\n<p>Probenh\u00f6he [Max]\t110 mm<\/p>\n<p>St\u00e4nder-Bauweise\tS\u00e4ule<\/p>\n<p>Abmessungen (B\u00d7T\u00d7H)\t330\u00d7285\u00d7690 mm<\/p>\n<p>GTIN\/EAN-Nummer\t4045761228580<\/p>\n","protected":false},"excerpt":{"rendered":"<p><b>Zubeh\u00f6r- und Ersatzteile erhalten Sie gerne auf Anfrage!<\/b><\/p>\n","protected":false},"featured_media":19690,"template":"","meta":[],"product_brand":[],"product_cat":[330,165],"product_tag":[],"class_list":{"0":"post-19668","1":"product","2":"type-product","3":"status-publish","4":"has-post-thumbnail","6":"product_cat-kern","7":"product_cat-mikroskope","8":"product_shipping_class-standard","10":"first","11":"instock","12":"taxable","13":"shipping-taxable","14":"purchasable","15":"product-type-simple"},"tiered_pricing_type":"fixed","tiered_pricing_fixed_rules":[],"tiered_pricing_product_settings":{"layout":"default","base_unit_name":{"singular":null,"plural":null},"default_variation":null},"tiered_pricing_minimum_quantity":null,"tiered_pricing_roles_data":[],"tiered_pricing_percentage_rules":[],"_links":{"self":[{"href":"https:\/\/lt-laborhandel.de\/en\/wp-json\/wp\/v2\/product\/19668","targetHints":{"allow":["GET"]}}],"collection":[{"href":"https:\/\/lt-laborhandel.de\/en\/wp-json\/wp\/v2\/product"}],"about":[{"href":"https:\/\/lt-laborhandel.de\/en\/wp-json\/wp\/v2\/types\/product"}],"wp:featuredmedia":[{"embeddable":true,"href":"https:\/\/lt-laborhandel.de\/en\/wp-json\/wp\/v2\/media\/19690"}],"wp:attachment":[{"href":"https:\/\/lt-laborhandel.de\/en\/wp-json\/wp\/v2\/media?parent=19668"}],"wp:term":[{"taxonomy":"product_brand","embeddable":true,"href":"https:\/\/lt-laborhandel.de\/en\/wp-json\/wp\/v2\/product_brand?post=19668"},{"taxonomy":"product_cat","embeddable":true,"href":"https:\/\/lt-laborhandel.de\/en\/wp-json\/wp\/v2\/product_cat?post=19668"},{"taxonomy":"product_tag","embeddable":true,"href":"https:\/\/lt-laborhandel.de\/en\/wp-json\/wp\/v2\/product_tag?post=19668"}],"curies":[{"name":"wp","href":"https:\/\/api.w.org\/{rel}","templated":true}]}}