{"id":19667,"date":"2024-11-07T11:18:05","date_gmt":"2024-11-07T10:18:05","guid":{"rendered":"https:\/\/lt-laborhandel.de\/?post_type=product&#038;p=19667"},"modified":"2026-01-30T21:00:17","modified_gmt":"2026-01-30T20:00:17","slug":"kern-digitalmikroskop-set-ozp-558c832","status":"publish","type":"product","link":"https:\/\/lt-laborhandel.de\/en\/produkt\/kern-digitalmikroskop-set-ozp-558c832\/","title":{"rendered":"KERN Digitalmikroskop-Set OZP 558C832"},"content":{"rendered":"<p>Digitalmikroskop-Set OZP 558C832<\/p>\n<p>Produktfamilie: OZP-S<\/p>\n<p>Erstklassige Optik sowie starke Beleuchtung kombiniert mit hoher Flexibilit\u00e4t und digitalen Werkzeugen<\/p>\n<p>Beschreibung:<\/p>\n<p>Die Stereomikroskope der OZP-5-Serie stehen Ihnen auch als digitale Komplettl\u00f6sung mit adaptierter C-Mount Kamera f\u00fcr Ihre Live-Untersuchung zur Verf\u00fcgung. Der passende C-Mount Adapter ist selbstverst\u00e4ndlich in der Lieferung enthalten<\/p>\n<p>Die adaptierte C-Mount Kamera ist in unterschiedlichen Ausf\u00fchrungen verf\u00fcgbar und universell einsetzbar<\/p>\n<p>Eine Staubschutzhaube, Augenmuscheln sowie eine mehrsprachige Betriebsanleitung befinden sich im Lieferumfang<\/p>\n<p>OZP 558<\/p>\n<p>Das KERN OZP-5 Stereo-Zoom-Mikroskop zeichnet sich durch seinen \u00fcberdurchschnittlichen Vergr\u00f6\u00dferungsbereich und seine robuste sowie ergonomische Form aus, welche ein m\u00fcheloses und einfaches Arbeiten \u00fcber mehrere Stunden hinweg erm\u00f6glicht<\/p>\n<p>Das KERN OZP 558 steht Ihnen als starke und stufenlos einstellbare 3W-LED-Auf- und Durchlichtvariante f\u00fcr eine optimale Beleuchtung Ihrer Probe zur Verf\u00fcgung<\/p>\n<p>Neben dem gro\u00dfen Arbeitsabstand, einem extra gro\u00dfen Sehfeld und einer brillianten Aufl\u00f6sung liefert das KERN OZP 558 farbtreue und tiefenscharfe Bilder mit hohem Kontrast<\/p>\n<p>Der \u00fcberaus gro\u00dfe und stufenlos einstellbare Vergr\u00f6\u00dferungsbereich von 6- bis 55-facher Vergr\u00f6\u00dferung erm\u00f6glicht Ihnen ein schnelles und effektives Arbeiten<\/p>\n<p>Der S\u00e4ulenst\u00e4nder ist durch seine variable und robuste Einstellmechanik besonders flexibel und erm\u00f6glicht so ein ergonomisches Arbeiten<\/p>\n<p>ODC 832<\/p>\n<p>Durch die bew\u00e4hrte CMOS-Technik, in Verbindung mit USB 2.0, werden die Bilder schnell und klar dargestellt<\/p>\n<p>Auch f\u00fcr anspruchsvollere Applikationen, wie beispielsweise im Dunkelfeld, im Phasenkontrast und bei Fluorezenz-Anwendungen sind diese Kameras geeignet<\/p>\n<p>Eine optimale Synchronisation, eine hohe Bildrate sowie eine stabile Bildperformance wird in Verbindung mit unserer mitgelieferten Software Microscope VIS Ihre t\u00e4gliche Arbeit wesentlich erleichtern<\/p>\n<p>Die Stromversorgung erfolgt durch das USB-Kabel, sodass keine zus\u00e4tzliche Stromversorgung ben\u00f6tigt wird<\/p>\n<p>Im Lieferumfang befindet sich neben der Kamera unsere mehrsprachige KERN Software Microscope VIS Basic KERN OXM 901, ein USB-Kabel (L\u00e4nge: 2000 mm) diverse Okularadapter und ein Objektmikrometer zur Kalibrierung der Software<\/p>\n<p>Technische Daten:<\/p>\n<p>Optisches System\tGreenough<\/p>\n<p>Tubus Art\tTrinokular<\/p>\n<p>Okular Vergr\u00f6\u00dferung\t10 x<\/p>\n<p>Okular Sehfeld\t23 mm<\/p>\n<p>Vergr\u00f6\u00dferungsverh\u00e4ltnis\t9,2:1<\/p>\n<p>Zoom [Min]\t0,6 x<\/p>\n<p>Zoom [Max]\t5,5 x<\/p>\n<p>Beleuchtungsrichtung\tAuflicht, Durchlicht<\/p>\n<p>Beleuchtungsart Durchlicht\tLED<\/p>\n<p>Beleuchtungsart Auflicht\tLED<\/p>\n<p>Beleuchtungsst\u00e4rke Auflicht\t3W<\/p>\n<p>Fokussierungsmechanik\tGrobtrieb<\/p>\n<p>Kamera &#8211; Sensorart\tCMOS<\/p>\n<p>Kamera &#8211; Farbtiefe\tFarbe<\/p>\n<p>Kamera &#8211; Sensorgr\u00f6\u00dfe\t1\/2,5&#8243;<\/p>\n<p>Kamera &#8211; Aufl\u00f6sung\t5,1 MP<\/p>\n<p>Kamera &#8211; Framerate\t14,2 &#8211; 101,2 fps<\/p>\n<p>Schnittstellen\tUSB 3.0<\/p>\n<p>Arbeitsabstand\t108 mm<\/p>\n<p>Probenh\u00f6he [Max]\t110 mm<\/p>\n<p>St\u00e4nder-Bauweise\tS\u00e4ule<\/p>\n<p>Abmessungen (B\u00d7T\u00d7H)\t330\u00d7285\u00d7540 mm<\/p>\n<p>GTIN\/EAN-Nummer\t4045761228740<\/p>\n","protected":false},"excerpt":{"rendered":"<p><b>Zubeh\u00f6r- und Ersatzteile erhalten Sie gerne auf Anfrage!<\/b><\/p>\n","protected":false},"featured_media":19688,"template":"","meta":[],"product_brand":[360],"product_cat":[330,165],"product_tag":[],"class_list":{"0":"post-19667","1":"product","2":"type-product","3":"status-publish","4":"has-post-thumbnail","6":"product_brand-kern","7":"product_cat-kern","8":"product_cat-mikroskope","9":"product_shipping_class-standard","11":"first","12":"instock","13":"taxable","14":"shipping-taxable","15":"purchasable","16":"product-type-simple"},"tiered_pricing_type":"fixed","tiered_pricing_fixed_rules":[],"tiered_pricing_product_settings":{"layout":"default","base_unit_name":{"singular":null,"plural":null},"default_variation":null},"tiered_pricing_minimum_quantity":null,"tiered_pricing_roles_data":[],"tiered_pricing_percentage_rules":[],"_links":{"self":[{"href":"https:\/\/lt-laborhandel.de\/en\/wp-json\/wp\/v2\/product\/19667","targetHints":{"allow":["GET"]}}],"collection":[{"href":"https:\/\/lt-laborhandel.de\/en\/wp-json\/wp\/v2\/product"}],"about":[{"href":"https:\/\/lt-laborhandel.de\/en\/wp-json\/wp\/v2\/types\/product"}],"wp:featuredmedia":[{"embeddable":true,"href":"https:\/\/lt-laborhandel.de\/en\/wp-json\/wp\/v2\/media\/19688"}],"wp:attachment":[{"href":"https:\/\/lt-laborhandel.de\/en\/wp-json\/wp\/v2\/media?parent=19667"}],"wp:term":[{"taxonomy":"product_brand","embeddable":true,"href":"https:\/\/lt-laborhandel.de\/en\/wp-json\/wp\/v2\/product_brand?post=19667"},{"taxonomy":"product_cat","embeddable":true,"href":"https:\/\/lt-laborhandel.de\/en\/wp-json\/wp\/v2\/product_cat?post=19667"},{"taxonomy":"product_tag","embeddable":true,"href":"https:\/\/lt-laborhandel.de\/en\/wp-json\/wp\/v2\/product_tag?post=19667"}],"curies":[{"name":"wp","href":"https:\/\/api.w.org\/{rel}","templated":true}]}}