{"id":19544,"date":"2024-10-24T08:53:24","date_gmt":"2024-10-24T06:53:24","guid":{"rendered":"https:\/\/lt-laborhandel.de\/?post_type=product&#038;p=19544"},"modified":"2026-01-30T21:00:14","modified_gmt":"2026-01-30T20:00:14","slug":"kern-fluoreszenzmikroskop-obn-141","status":"publish","type":"product","link":"https:\/\/lt-laborhandel.de\/en\/produkt\/kern-fluoreszenzmikroskop-obn-141\/","title":{"rendered":"KERN Fluoreszenzmikroskop OBN 141"},"content":{"rendered":"<p>Fluoreszenzmikroskop OBN 141<\/p>\n<p>Produktfamilie: OBN-14<\/p>\n<p>Das Fluoreszenzmikroskop f\u00fcr den professionellen Anwender<\/p>\n<p>Beschreibung<\/p>\n<p>Das Fluoreszenzmikroskop der KERN OBN-14-Serie basiert auf der gewohnt hohen Qualit\u00e4t und Vielfalt der OBN-Serie. Das hervorragende und standfeste Design in Kombination mit der hochwertigen Optik setzt Ma\u00dfst\u00e4be in der Fluoreszenzmikroskopie dieser Klasse<\/p>\n<p>3W-LED-Durchlichtbeleuchtung mit 3W-LED-Epi-Fluroeszenzauflichtbeleuchtung<\/p>\n<p>Diese Serie verf\u00fcgt \u00fcber eine professionelle K\u00f6hler-Beleuchtung mit einstellbarer Leuchtfeldblende sowie einem zentrier- und h\u00f6henverstellbaren 1,25-Abbe-Kondensor mit regulierbarer Aperturblende<\/p>\n<p>Der sehr gro\u00dfe mechanische Kreuztisch mit ergonomischem, beidseitig koaxialem Grob- und Feintrieb erm\u00f6glicht eine schnelle, pr\u00e4zise Einstellung und Fokussierung Ihrer Probe<\/p>\n<p>Das bis zu 6-fach best\u00fcckbare Filterrad ist standardm\u00e4\u00dfig ausgestattet mit B\/G Fluoreszenzfilter<\/p>\n<p>Eine gro\u00dfe Auswahl an Okularen, Objektiven, Farbfiltern, Dunkelfeldkondensoren sowie ein Butterfly-Tubus, Polarisations- und Phasenkontrasteinheiten lassen sich dank des modularen Bausystems einfach integrieren<\/p>\n<p>Das Zentrierobjektiv f\u00fcr die Fluoreszenzeinstellung, eine Staubschutzhaube, Augenmuscheln sowie eine mehrsprachige Betriebsanleitung befinden sich im Lieferumfang<\/p>\n<p>Technische Daten<\/p>\n<p>Optisches System\tInfinity<\/p>\n<p>Tubus Art\tTrinokular<\/p>\n<p>Okular Vergr\u00f6\u00dferung\t10 x<\/p>\n<p>Okular Sehfeld\t20 mm<\/p>\n<p>Standard-Objektive\t4x, 10x, 20x, 40x, 100x<\/p>\n<p>Objektivqualit\u00e4t\tInfinity Plan<\/p>\n<p>Objektivrevolver-Einschraubpl\u00e4tze\t5<\/p>\n<p>Beleuchtungsrichtung\tAuflicht, Durchlicht<\/p>\n<p>Beleuchtungsart Durchlicht\tLED<\/p>\n<p>Beleuchtungsst\u00e4rke Durchlicht\t3W<\/p>\n<p>Beleuchtungsart Auflicht\tLED<\/p>\n<p>Beleuchtungsst\u00e4rke Auflicht\t3W<\/p>\n<p>Fluoreszenzeinheit\tB, G (LED)<\/p>\n<p>Kondensor-Typ\tABBE<\/p>\n<p>Kondensor-Apertur\t1,25<\/p>\n<p>Kondensor-Montage\tZentrierbar<\/p>\n<p>Fokussierungsmechanik\tKoaxialer Grob- und Feintrieb<\/p>\n<p>Feintrieb-Minimum\t0,002 mm<\/p>\n<p>Abmessungen (B\u00d7T\u00d7H)\t530\u00d7220\u00d7490 mm<\/p>\n<p>GTIN\/EAN-Nummer\t4045761208902<\/p>\n","protected":false},"excerpt":{"rendered":"<p><b>Zubeh\u00f6r- und Ersatzteile erhalten Sie gerne auf Anfrage!<\/b><\/p>\n","protected":false},"featured_media":19545,"template":"","meta":[],"product_brand":[],"product_cat":[330,165],"product_tag":[],"class_list":{"0":"post-19544","1":"product","2":"type-product","3":"status-publish","4":"has-post-thumbnail","6":"product_cat-kern","7":"product_cat-mikroskope","8":"product_shipping_class-standard","10":"first","11":"instock","12":"taxable","13":"shipping-taxable","14":"purchasable","15":"product-type-simple"},"tiered_pricing_type":"fixed","tiered_pricing_fixed_rules":[],"tiered_pricing_product_settings":{"layout":"default","base_unit_name":{"singular":null,"plural":null},"default_variation":null},"tiered_pricing_minimum_quantity":null,"tiered_pricing_roles_data":[],"tiered_pricing_percentage_rules":[],"_links":{"self":[{"href":"https:\/\/lt-laborhandel.de\/en\/wp-json\/wp\/v2\/product\/19544","targetHints":{"allow":["GET"]}}],"collection":[{"href":"https:\/\/lt-laborhandel.de\/en\/wp-json\/wp\/v2\/product"}],"about":[{"href":"https:\/\/lt-laborhandel.de\/en\/wp-json\/wp\/v2\/types\/product"}],"wp:featuredmedia":[{"embeddable":true,"href":"https:\/\/lt-laborhandel.de\/en\/wp-json\/wp\/v2\/media\/19545"}],"wp:attachment":[{"href":"https:\/\/lt-laborhandel.de\/en\/wp-json\/wp\/v2\/media?parent=19544"}],"wp:term":[{"taxonomy":"product_brand","embeddable":true,"href":"https:\/\/lt-laborhandel.de\/en\/wp-json\/wp\/v2\/product_brand?post=19544"},{"taxonomy":"product_cat","embeddable":true,"href":"https:\/\/lt-laborhandel.de\/en\/wp-json\/wp\/v2\/product_cat?post=19544"},{"taxonomy":"product_tag","embeddable":true,"href":"https:\/\/lt-laborhandel.de\/en\/wp-json\/wp\/v2\/product_tag?post=19544"}],"curies":[{"name":"wp","href":"https:\/\/api.w.org\/{rel}","templated":true}]}}