{"id":19535,"date":"2024-10-23T13:32:25","date_gmt":"2024-10-23T11:32:25","guid":{"rendered":"https:\/\/lt-laborhandel.de\/?post_type=product&#038;p=19535"},"modified":"2026-01-30T21:00:13","modified_gmt":"2026-01-30T20:00:13","slug":"kern-digitalmikroskop-set-obn-132c832","status":"publish","type":"product","link":"https:\/\/lt-laborhandel.de\/en\/produkt\/kern-digitalmikroskop-set-obn-132c832\/","title":{"rendered":"KERN Digitalmikroskop-Set OBN 132C832"},"content":{"rendered":"<p>Digitalmikroskop-Set OBN 132C832<\/p>\n<p>Produktfamilie: OBN-S<\/p>\n<p>Die digitalen Laborhelfer mit Infinity Optik und professioneller K\u00f6hler-Beleuchtung<\/p>\n<p>Beschreibung<\/p>\n<p>Die Labormikroskope der OBN-Serie stehen Ihnen auch als digitale Komplettl\u00f6sung mit adaptierter C-Mount Kamera f\u00fcr Ihre Live-Untersuchung zur Verf\u00fcgung. Der passende C-Mount Adapter ist selbstverst\u00e4ndlich in der Lieferung enthalten<\/p>\n<p>Die adaptierte C-Mount Kamera ist in unterschiedlichen Ausf\u00fchrungen verf\u00fcgbar und universell einsetzbar<\/p>\n<p>Eine Staubschutzhaube, Augenmuscheln sowie eine mehrsprachige Betriebsanleitung befinden sich im Lieferumfang<\/p>\n<p>OBN 132<\/p>\n<p>Die KERN OBN-Serie zeichnet sich durch ihre unschlagbare und durchweg hohe Qualit\u00e4t und das ergonomische Design aus. Die Vielfalt an modularen Bauteilen erm\u00f6glicht der OBN-Serie hohe Individualit\u00e4t f\u00fcr den professionellen Anwender<\/p>\n<p>Starke und stufenlos dimmbare 3W-LED-Beleuchtung<\/p>\n<p>Diese Serie verf\u00fcgt \u00fcber eine professionelle K\u00f6hler-Beleuchtung mit einstellbarer Leuchtfeldblende sowie einem zentrier- und h\u00f6henverstellbaren 1,25-Abbe-Kondensor mit regulierbarer Aperturblende<\/p>\n<p>Der sehr gro\u00dfe mechanische Kreuztisch mit ergonomischem, beidseitig koaxialem Grob- und Feintrieb erm\u00f6glicht eine schnelle, pr\u00e4zise Einstellung und Fokussierung Ihrer Probe<\/p>\n<p>ODC 832<\/p>\n<p>Durch die bew\u00e4hrte CMOS-Technik, in Verbindung mit USB 2.0, werden die Bilder schnell und klar dargestellt<\/p>\n<p>Auch f\u00fcr anspruchsvollere Applikationen, wie beispielsweise im Dunkelfeld, im Phasenkontrast und bei Fluorezenz-Anwendungen sind diese Kameras geeignet<\/p>\n<p>Eine optimale Synchronisation, eine hohe Bildrate sowie eine stabile Bildperformance wird in Verbindung mit unserer mitgelieferten Software Microscope VIS Ihre t\u00e4gliche Arbeit wesentlich erleichtern<\/p>\n<p>Die Stromversorgung erfolgt durch das USB-Kabel, sodass keine zus\u00e4tzliche Stromversorgung ben\u00f6tigt wird<\/p>\n<p>Im Lieferumfang befindet sich neben der Kamera unsere mehrsprachige KERN Software Microscope VIS Basic KERN OXM 901, ein USB-Kabel (L\u00e4nge: 2000 mm) diverse Okularadapter und ein Objektmikrometer zur Kalibrierung der Software<\/p>\n<p>Technische Daten<\/p>\n<p>Optisches System\tInfinity<\/p>\n<p>Tubus Art\tTrinokular<\/p>\n<p>Okular Vergr\u00f6\u00dferung\t10 x<\/p>\n<p>Okular Sehfeld\t20 mm<\/p>\n<p>Standard-Objektive\t4x, 10x, 20x, 40x, 100x<\/p>\n<p>Objektivqualit\u00e4t\tInfinity Plan<\/p>\n<p>Objektivrevolver-Einschraubpl\u00e4tze\t5<\/p>\n<p>Beleuchtungsrichtung\tDurchlicht<\/p>\n<p>Beleuchtungsart Durchlicht\tHalogen<\/p>\n<p>Beleuchtungsart Auflicht\tkeine<\/p>\n<p>Fokussierungsmechanik\tKoaxialer Grob- und Feintrieb<\/p>\n<p>Feintrieb-Minimum\t0,002 mm<\/p>\n<p>Kamera &#8211; Sensorart\tCMOS<\/p>\n<p>Kamera &#8211; Farbtiefe\tFarbe<\/p>\n<p>Kamera &#8211; Sensorgr\u00f6\u00dfe\t1\/2,5&#8243;<\/p>\n<p>Kamera &#8211; Aufl\u00f6sung\t5,1 MP<\/p>\n<p>Kamera &#8211; Framerate\t14,2 &#8211; 101,2 fps<\/p>\n<p>Schnittstellen\tUSB 3.0<\/p>\n<p>Abmessungen (B\u00d7T\u00d7H)\t390\u00d7200\u00d7470 mm<\/p>\n<p>GTIN\/EAN-Nummer\t4045761228825<\/p>\n","protected":false},"excerpt":{"rendered":"<p><b>Zubeh\u00f6r- und Ersatzteile erhalten Sie gerne auf Anfrage!<\/b><\/p>\n","protected":false},"featured_media":19536,"template":"","meta":[],"product_brand":[360],"product_cat":[330,165],"product_tag":[],"class_list":{"0":"post-19535","1":"product","2":"type-product","3":"status-publish","4":"has-post-thumbnail","6":"product_brand-kern","7":"product_cat-kern","8":"product_cat-mikroskope","9":"product_shipping_class-standard","11":"first","12":"instock","13":"taxable","14":"shipping-taxable","15":"purchasable","16":"product-type-simple"},"tiered_pricing_type":"fixed","tiered_pricing_fixed_rules":[],"tiered_pricing_product_settings":{"layout":"default","base_unit_name":{"singular":null,"plural":null},"default_variation":null},"tiered_pricing_minimum_quantity":null,"tiered_pricing_roles_data":[],"tiered_pricing_percentage_rules":[],"_links":{"self":[{"href":"https:\/\/lt-laborhandel.de\/en\/wp-json\/wp\/v2\/product\/19535","targetHints":{"allow":["GET"]}}],"collection":[{"href":"https:\/\/lt-laborhandel.de\/en\/wp-json\/wp\/v2\/product"}],"about":[{"href":"https:\/\/lt-laborhandel.de\/en\/wp-json\/wp\/v2\/types\/product"}],"wp:featuredmedia":[{"embeddable":true,"href":"https:\/\/lt-laborhandel.de\/en\/wp-json\/wp\/v2\/media\/19536"}],"wp:attachment":[{"href":"https:\/\/lt-laborhandel.de\/en\/wp-json\/wp\/v2\/media?parent=19535"}],"wp:term":[{"taxonomy":"product_brand","embeddable":true,"href":"https:\/\/lt-laborhandel.de\/en\/wp-json\/wp\/v2\/product_brand?post=19535"},{"taxonomy":"product_cat","embeddable":true,"href":"https:\/\/lt-laborhandel.de\/en\/wp-json\/wp\/v2\/product_cat?post=19535"},{"taxonomy":"product_tag","embeddable":true,"href":"https:\/\/lt-laborhandel.de\/en\/wp-json\/wp\/v2\/product_tag?post=19535"}],"curies":[{"name":"wp","href":"https:\/\/api.w.org\/{rel}","templated":true}]}}