{"id":19472,"date":"2024-10-08T12:59:22","date_gmt":"2024-10-08T10:59:22","guid":{"rendered":"https:\/\/lt-laborhandel.de\/?post_type=product&#038;p=19472"},"modified":"2026-01-30T21:00:13","modified_gmt":"2026-01-30T20:00:13","slug":"kern-iot-line-kompakt-laborwaage-pcb-2000-1","status":"publish","type":"product","link":"https:\/\/lt-laborhandel.de\/en\/produkt\/kern-iot-line-kompakt-laborwaage-pcb-2000-1\/","title":{"rendered":"KERN IoT-Line Kompakt-Laborwaage PCB 2000-1"},"content":{"rendered":"<p>IoT-Line Kompakt-Laborwaage PCB 2000-1<\/p>\n<p>Produktfamilie: PCB<\/p>\n<p>Der Standard im Labor, ideal f\u00fcr die vielf\u00e4ltigen M\u00f6glichkeiten von Industrie 4.0 Anwendungen<\/p>\n<p>Beschreibung<\/p>\n<p>Kompatibel zu schulspezifischen Softwarel\u00f6sungen wie z. B. Vernier \u00ae oder LabQuest \u00ae Dank des KERN School Protocol k\u00f6nnen im Rahmen von technischen Experimenten \u00fcber die USB-Datenschnittstelle Wiegedaten zur Auswertung und Visualisierung an einen PC, Laptop etc. \u00fcbertragen werden<\/p>\n<p>Industrie 4.0: Der integrierte KERN Universal Port (KUP) erlaubt den Anschluss externer KUP Schnittstellenadapter, wie z. B. RS-232, USB, Bluetooth, WLAN oder Ethernet. Der herausragen\u00adde Vorteil hierbei ist, dass die KUP Schnittstellenadapter lediglich aufgesteckt werden, d. h. das Nachr\u00fcsten von Schnittstel\u00adlen ist komfortabel ohne \u00d6ffnen des Waagen\u00adgeh\u00e4uses oder komplizierten Einbau m\u00f6glich. Die Schnittstellenadapter erm\u00f6glichen ein bequemes \u00dcbertragen der W\u00e4gedaten an Netzwer\u00adke, PC, Smartphones, Tablets, Laptops, Drucker etc. Dar\u00fcber hinaus k\u00f6nnen auch Steuerbefehle und Dateneinga\u00adben \u00fcber die angeschlossenen Ger\u00e4te an die Waage gesendet werden. Tipp: mit der Extension-Box KERN KUP-13 k\u00f6nnen an der Waage bis zu drei KUP Schnittstellenadapter parallel betrieben werden<\/p>\n<p>KERN Communication Protocol (KCP): Das KCP erlaubt die Abfrage und Fernsteuerung der Waage \u00fcber externe Steuerungsger\u00e4te oder Computer<\/p>\n<p>Einheitliche, vereinfachte Bedienphilosophie<\/p>\n<p>PRE-TARE-Funktion f\u00fcr manuellen Vorabzug eines bekannten Beh\u00e4ltergewichts, n\u00fctzlich bei F\u00fcllmengenkontrollen<\/p>\n<p>Mit der Rezepturfunktion lassen sich verschiedene Bestandteile einer Mischung zuwiegen. Zur Kontrolle kann das Gesamtgewicht aller Bestandteile aufgerufen werden<\/p>\n<p>Wiegen mit Toleranzbereich (Checkweighing): Ein optisches Signal unterst\u00fctzt das Portionieren, Dosieren oder Sortieren<\/p>\n<p>Frei programmierbare W\u00e4geeinheit, z. B. Anzeige direkt in Fadenl\u00e4nge g\/m, Papiergewicht g\/m\u00b2, o. \u00e4.<\/p>\n<p>Ein spezielles Anti-Schock System zwischen W\u00e4geplatte und W\u00e4gezelle vermindert Vibrationen w\u00e4hrend des Wiegens und sorgt so f\u00fcr schnellere und sichere W\u00e4geergebnisse<\/p>\n<p>Arbeitsschutzhaube im Lieferumfang enthalten<\/p>\n<p>Technische Daten<\/p>\n<p>W\u00e4gebereich [Max]\t2000 g<\/p>\n<p>Ablesbarkeit [d]\t0,1 g<\/p>\n<p>Einheiten\tkg, g, gn, dwt, tl (Tw), tl (HK), ozt, tl (Singap, Malays), ct, mo, lb, oz, ffa, m<\/p>\n<p>Linearit\u00e4t\t\u00b1 0,2 g<\/p>\n<p>Reproduzierbarkeit\t0,1 g<\/p>\n<p>Einschwingzeit\t3 s<\/p>\n<p>USP Mindesteinwaage (k = 2, U = 0.1%)\t200 g<\/p>\n<p>Schnittstellen\tRS-232 (optional), Bluetooth (optional), Ethernet (optional), USB-Device (optional), KUP, WLAN (optional)<\/p>\n<p>Justierm\u00f6glichkeiten\tJustierung mit externem Gewicht<\/p>\n<p>Empfohlenes Justiergewicht\t2 kg (M1)<\/p>\n<p>Umgebungstemperaturbereich\t-10 \u00b0C \u2013 40 \u00b0C<\/p>\n<p>Abmessungen W\u00e4gefl\u00e4che (B\u00d7T)\t130\u00d7130 mm<\/p>\n<p>Material Geh\u00e4use\tKunststoff<\/p>\n<p>Abmessungen Geh\u00e4use (B\u00d7T\u00d7H)\t163\u00d7245\u00d765 mm<\/p>\n<p>Material W\u00e4geplatte\tEdelstahl<\/p>\n<p>Nettogewicht ca.\t1,4 kg<\/p>\n<p>Bauart der Waage\tEinbereichswaage<\/p>\n<p>GTIN\/EAN-Nummer\t4045761215689<\/p>\n","protected":false},"excerpt":{"rendered":"<p><b>Zubeh\u00f6r- und Ersatzteile erhalten Sie gerne auf Anfrage!<\/b><\/p>\n","protected":false},"featured_media":19473,"template":"","meta":[],"product_brand":[],"product_cat":[330,103],"product_tag":[],"class_list":{"0":"post-19472","1":"product","2":"type-product","3":"status-publish","4":"has-post-thumbnail","6":"product_cat-kern","7":"product_cat-waagen","8":"product_shipping_class-standard","10":"first","11":"instock","12":"taxable","13":"shipping-taxable","14":"purchasable","15":"product-type-simple"},"tiered_pricing_type":"fixed","tiered_pricing_fixed_rules":[],"tiered_pricing_product_settings":{"layout":"default","base_unit_name":{"singular":null,"plural":null},"default_variation":null},"tiered_pricing_minimum_quantity":null,"tiered_pricing_roles_data":[],"tiered_pricing_percentage_rules":[],"_links":{"self":[{"href":"https:\/\/lt-laborhandel.de\/en\/wp-json\/wp\/v2\/product\/19472","targetHints":{"allow":["GET"]}}],"collection":[{"href":"https:\/\/lt-laborhandel.de\/en\/wp-json\/wp\/v2\/product"}],"about":[{"href":"https:\/\/lt-laborhandel.de\/en\/wp-json\/wp\/v2\/types\/product"}],"wp:featuredmedia":[{"embeddable":true,"href":"https:\/\/lt-laborhandel.de\/en\/wp-json\/wp\/v2\/media\/19473"}],"wp:attachment":[{"href":"https:\/\/lt-laborhandel.de\/en\/wp-json\/wp\/v2\/media?parent=19472"}],"wp:term":[{"taxonomy":"product_brand","embeddable":true,"href":"https:\/\/lt-laborhandel.de\/en\/wp-json\/wp\/v2\/product_brand?post=19472"},{"taxonomy":"product_cat","embeddable":true,"href":"https:\/\/lt-laborhandel.de\/en\/wp-json\/wp\/v2\/product_cat?post=19472"},{"taxonomy":"product_tag","embeddable":true,"href":"https:\/\/lt-laborhandel.de\/en\/wp-json\/wp\/v2\/product_tag?post=19472"}],"curies":[{"name":"wp","href":"https:\/\/api.w.org\/{rel}","templated":true}]}}