{"id":19438,"date":"2024-10-07T11:11:53","date_gmt":"2024-10-07T09:11:53","guid":{"rendered":"https:\/\/lt-laborhandel.de\/?post_type=product&#038;p=19438"},"modified":"2026-01-30T21:00:12","modified_gmt":"2026-01-30T20:00:12","slug":"kern-zaehlwaage-cib-3k-4","status":"publish","type":"product","link":"https:\/\/lt-laborhandel.de\/en\/produkt\/kern-zaehlwaage-cib-3k-4\/","title":{"rendered":"KERN Z\u00e4hlwaage CIB 3K-4"},"content":{"rendered":"<p>Z\u00e4hlwaage CIB 3K-4<\/p>\n<p>Produktfamilie: CIB<\/p>\n<p>Robuste Z\u00e4hlwaage mit gro\u00dfem Artikelspeicher, komfortabler Bedienphilosophie, Checkweighing-Dislpay, Z\u00e4hlaufl\u00f6sung 30.000 Punkte<\/p>\n<p>Beschreibung<\/p>\n<p>Pr\u00e4zise, intuitiv bedienbar und digital \u2013 mit unseren Z\u00e4hlwaagen beschleunigen Sie Ihre Prozesse bei der j\u00e4hrlichen Inventur und sparen so Zeit und Kosten<\/p>\n<p>Der Z\u00e4hlvorgang kann optisch und\/oder akustisch unterst\u00fctzt werden und erleichtert so das Portionieren, Dosieren und Sortieren<\/p>\n<p>&#8211; optisches Signal: die Farbe des Displays wechselt je nach Z\u00e4hlergebnis (zu wenig\/ok\/zu viel)<\/p>\n<p>&#8211; akustisches Signal: die Frequenz des akustischen Signals wechselt je nach Z\u00e4hlergebnis (zu wenig\/ok\/zu viel)<\/p>\n<p>Ideal f\u00fcr Behindertenwerkst\u00e4tten, besonders laute oder leise Umgebungen, h\u00e4ufig wechselnde Bediener etc.<\/p>\n<p>Drei Displays f\u00fcr Gewichtsanzeige, Referenzgewicht, Gesamtst\u00fcckzahl<\/p>\n<p>Genaues Z\u00e4hlen: Die automatische Referenzoptimierung verbessert stufenweise den Durchschnittswert des Teilegewichts<\/p>\n<p>\u00dcber Tastenblock programmierbar:<\/p>\n<p>&#8211; gew\u00fcnschte Referenzst\u00fcckzahl<\/p>\n<p>&#8211; bekanntes Referenzgewicht<\/p>\n<p>Z\u00e4hlsummenspeicher: zum Aufsummieren von gleichen Z\u00e4hlteilen in Gesamtst\u00fcck und Gesamtgewicht<\/p>\n<p>PRE-TARE-Funktion f\u00fcr manuellen Vorabzug eines bekannten Beh\u00e4ltergewichts, n\u00fctzlich bei F\u00fcllmengenkontrollen<\/p>\n<p>20 frei belegbare Direkttasten f\u00fcr h\u00e4ufig wiederkehrende Referenzgewichte und PRE-Tare Werte<\/p>\n<p>Speicher f\u00fcr 50 Referenzgewichte und PRE-Tare Werte<\/p>\n<p>Hohe Mobilit\u00e4t: Dank Akkubetrieb und kompakter, leichter Bauweise geeignet zum Einsatz an mehreren Standorten<\/p>\n<p>Zwei Waagen in einer: Umschaltung vom Z\u00e4hlmodus in den Wiegemodus per Tastendruck<\/p>\n<p>Energieverwaltung: Hinterleuchtung aus nach 5 sec, abschaltbar<\/p>\n<p>Arbeitsschutzhaube im Lieferumfang enthalten<\/p>\n<p>Technische Daten<\/p>\n<p>W\u00e4gebereich [Max]\t3 kg<\/p>\n<p>Ablesbarkeit [d]\t0,0002 kg<\/p>\n<p>Einheiten\tkg<\/p>\n<p>Abmessungen W\u00e4gefl\u00e4che (B\u00d7T)\t315\u00d7215 mm<\/p>\n<p>Reproduzierbarkeit\t0,001 kg<\/p>\n<p>Linearit\u00e4t\t\u00b1 0,002 kg<\/p>\n<p>Umgebungstemperaturbereich\t-10 \u00b0C \u2013 40 \u00b0C<\/p>\n<p>Kleinstes Teilegewicht beim St\u00fcckz\u00e4hlen &#8211; unter Normalbedingungen\t1 g<\/p>\n<p>Display-Art\tLCD<\/p>\n<p>Display Ziffernh\u00f6he\t18 mm<\/p>\n<p>Material W\u00e4geplatte\tEdelstahl<\/p>\n<p>Auswerteger\u00e4t Kabell\u00e4nge\t5 m<\/p>\n<p>Material Geh\u00e4use\tKunststoff<\/p>\n<p>Toleranzw\u00e4gung\t<\/p>\n<p>Nettogewicht ca.\t3,6 kg<\/p>\n<p>IP-Schutz &#8211; Lastzelle\tIP65<\/p>\n<p>Bauart der Waage\tEinbereichswaage<\/p>\n<p>GTIN\/EAN-Nummer\t4045761214880<\/p>\n","protected":false},"excerpt":{"rendered":"<p><b>Zubeh\u00f6r- und Ersatzteile erhalten Sie gerne auf Anfrage!<\/b><\/p>\n","protected":false},"featured_media":19454,"template":"","meta":[],"product_brand":[],"product_cat":[330,103],"product_tag":[],"class_list":{"0":"post-19438","1":"product","2":"type-product","3":"status-publish","4":"has-post-thumbnail","6":"product_cat-kern","7":"product_cat-waagen","8":"product_shipping_class-standard","10":"first","11":"instock","12":"taxable","13":"shipping-taxable","14":"purchasable","15":"product-type-simple"},"tiered_pricing_type":"fixed","tiered_pricing_fixed_rules":[],"tiered_pricing_product_settings":{"layout":"default","base_unit_name":{"singular":null,"plural":null},"default_variation":null},"tiered_pricing_minimum_quantity":null,"tiered_pricing_roles_data":[],"tiered_pricing_percentage_rules":[],"_links":{"self":[{"href":"https:\/\/lt-laborhandel.de\/en\/wp-json\/wp\/v2\/product\/19438","targetHints":{"allow":["GET"]}}],"collection":[{"href":"https:\/\/lt-laborhandel.de\/en\/wp-json\/wp\/v2\/product"}],"about":[{"href":"https:\/\/lt-laborhandel.de\/en\/wp-json\/wp\/v2\/types\/product"}],"wp:featuredmedia":[{"embeddable":true,"href":"https:\/\/lt-laborhandel.de\/en\/wp-json\/wp\/v2\/media\/19454"}],"wp:attachment":[{"href":"https:\/\/lt-laborhandel.de\/en\/wp-json\/wp\/v2\/media?parent=19438"}],"wp:term":[{"taxonomy":"product_brand","embeddable":true,"href":"https:\/\/lt-laborhandel.de\/en\/wp-json\/wp\/v2\/product_brand?post=19438"},{"taxonomy":"product_cat","embeddable":true,"href":"https:\/\/lt-laborhandel.de\/en\/wp-json\/wp\/v2\/product_cat?post=19438"},{"taxonomy":"product_tag","embeddable":true,"href":"https:\/\/lt-laborhandel.de\/en\/wp-json\/wp\/v2\/product_tag?post=19438"}],"curies":[{"name":"wp","href":"https:\/\/api.w.org\/{rel}","templated":true}]}}