{"id":19436,"date":"2024-10-07T11:11:47","date_gmt":"2024-10-07T09:11:47","guid":{"rendered":"https:\/\/lt-laborhandel.de\/?post_type=product&#038;p=19436"},"modified":"2026-01-30T21:00:12","modified_gmt":"2026-01-30T20:00:12","slug":"kern-stereo-zoom-mikroskop-ozl-466","status":"publish","type":"product","link":"https:\/\/lt-laborhandel.de\/en\/produkt\/kern-stereo-zoom-mikroskop-ozl-466\/","title":{"rendered":"KERN Stereo-Zoom-Mikroskop OZL 466"},"content":{"rendered":"<p>Stereo-Zoom-Mikroskop OZL 466<\/p>\n<p>Produktfamilie: OZL-46<\/p>\n<p>Der flexible und g\u00fcnstige Allrounder mit Zoomfunktion f\u00fcr Schulen, Ausbildungswerkst\u00e4tten, Pr\u00fcfstellen und Labore<\/p>\n<p>Beschreibung<\/p>\n<p>Die KERN OZL-46-Serie geh\u00f6rt zu den Stereo-Zoom-Mikroskopen, die durch ihre Qualit\u00e4t, ihre einfache Handhabung, ihre Flexibilit\u00e4t sowie ihre Standfestigkeit und den g\u00fcnstigen Preis \u00fcberzeugen<\/p>\n<p>Die im Standard enthaltene LED-Auflicht- und Durchlichtbeleuchtung gew\u00e4hrleistet eine optimale Beleuchtung Ihrer Probe<\/p>\n<p>Neben den guten optischen Eigenschaften bieten diese Modelle durch ihre gro\u00dfe Arbeitsfl\u00e4che h\u00f6chsten Komfort in dieser Klasse \u2013 optimal f\u00fcr Ausbildungsbetriebe, Werkst\u00e4tten sowie Montage- und Reparaturarbeitspl\u00e4tze, z. B. in der Elektronikindustrie<\/p>\n<p>Als Standard bietet Ihnen dieses Mikroskop eine stufenlose Gesamtvergr\u00f6\u00dferung von 7 x-45 x<\/p>\n<p>Der S\u00e4ulenst\u00e4nder bietet Ihnen gr\u00f6\u00dftm\u00f6gliche Flexibilit\u00e4t und die Freiheit, den Mikroskopkopf zu entfernen und in andere modulare Bausysteme, wie z. B. in einen Universalst\u00e4nder zu integrieren<\/p>\n<p>Eine gro\u00dfe Auswahl an Okularen, externen Beleuchtungseinheiten sowie Vorsatzobjektiven stehen Ihnen als Zubeh\u00f6r zur Verf\u00fcgung<\/p>\n<p>Eine Staubschutzhaube, Augenmuscheln sowie eine mehrsprachige Betriebsanleitung befinden sich im Lieferumfang<\/p>\n<p>Technische Daten<\/p>\n<p>Optisches System\tGreenough<\/p>\n<p>Tubus Art\tTrinokular<\/p>\n<p>Okular Vergr\u00f6\u00dferung\t10 x<\/p>\n<p>Okular Sehfeld\t20 mm<\/p>\n<p>Vergr\u00f6\u00dferungsverh\u00e4ltnis\t6,4:1<\/p>\n<p>Zoom [Min]\t0,7 x<\/p>\n<p>Zoom [Max]\t4,5 x<\/p>\n<p>Beleuchtungsrichtung\tAuflicht, Durchlicht<\/p>\n<p>Beleuchtungsart Durchlicht\tLED<\/p>\n<p>Beleuchtungsart Auflicht\tLED<\/p>\n<p>Beleuchtungsst\u00e4rke Auflicht\t3W<\/p>\n<p>Fokussierungsmechanik\tGrobtrieb<\/p>\n<p>Arbeitsabstand\t105 mm<\/p>\n<p>Probenh\u00f6he [Max]\t140 mm<\/p>\n<p>St\u00e4nder-Bauweise\tS\u00e4ule<\/p>\n<p>Abmessungen (B\u00d7T\u00d7H)\t300\u00d7240\u00d7420 mm<\/p>\n<p>GTIN\/EAN-Nummer\t4045761207523<\/p>\n","protected":false},"excerpt":{"rendered":"<p><b>Zubeh\u00f6r- und Ersatzteile erhalten Sie gerne auf Anfrage!<\/b><\/p>\n","protected":false},"featured_media":19450,"template":"","meta":[],"product_brand":[],"product_cat":[330,165],"product_tag":[],"class_list":{"0":"post-19436","1":"product","2":"type-product","3":"status-publish","4":"has-post-thumbnail","6":"product_cat-kern","7":"product_cat-mikroskope","8":"product_shipping_class-standard","10":"first","11":"instock","12":"taxable","13":"shipping-taxable","14":"purchasable","15":"product-type-simple"},"tiered_pricing_type":"fixed","tiered_pricing_fixed_rules":[],"tiered_pricing_product_settings":{"layout":"default","base_unit_name":{"singular":null,"plural":null},"default_variation":null},"tiered_pricing_minimum_quantity":null,"tiered_pricing_roles_data":[],"tiered_pricing_percentage_rules":[],"_links":{"self":[{"href":"https:\/\/lt-laborhandel.de\/en\/wp-json\/wp\/v2\/product\/19436","targetHints":{"allow":["GET"]}}],"collection":[{"href":"https:\/\/lt-laborhandel.de\/en\/wp-json\/wp\/v2\/product"}],"about":[{"href":"https:\/\/lt-laborhandel.de\/en\/wp-json\/wp\/v2\/types\/product"}],"wp:featuredmedia":[{"embeddable":true,"href":"https:\/\/lt-laborhandel.de\/en\/wp-json\/wp\/v2\/media\/19450"}],"wp:attachment":[{"href":"https:\/\/lt-laborhandel.de\/en\/wp-json\/wp\/v2\/media?parent=19436"}],"wp:term":[{"taxonomy":"product_brand","embeddable":true,"href":"https:\/\/lt-laborhandel.de\/en\/wp-json\/wp\/v2\/product_brand?post=19436"},{"taxonomy":"product_cat","embeddable":true,"href":"https:\/\/lt-laborhandel.de\/en\/wp-json\/wp\/v2\/product_cat?post=19436"},{"taxonomy":"product_tag","embeddable":true,"href":"https:\/\/lt-laborhandel.de\/en\/wp-json\/wp\/v2\/product_tag?post=19436"}],"curies":[{"name":"wp","href":"https:\/\/api.w.org\/{rel}","templated":true}]}}