{"id":19435,"date":"2024-10-07T11:11:42","date_gmt":"2024-10-07T09:11:42","guid":{"rendered":"https:\/\/lt-laborhandel.de\/?post_type=product&#038;p=19435"},"modified":"2026-01-30T21:00:12","modified_gmt":"2026-01-30T20:00:12","slug":"kern-stereomikroskop-set-ozm-952","status":"publish","type":"product","link":"https:\/\/lt-laborhandel.de\/en\/produkt\/kern-stereomikroskop-set-ozm-952\/","title":{"rendered":"KERN Stereomikroskop-Set OZM 952"},"content":{"rendered":"<p>Stereomikroskop-Set OZM 952<\/p>\n<p>Produktfamilie: OZM-9<\/p>\n<p>Vordefinierte Stereomikroskop-Sets mit PREMIUM-Universalst\u00e4nder und Beleuchtung f\u00fcr Ihren funktionalen Arbeitsplatz<\/p>\n<p>Beschreibung<\/p>\n<p>Bereits vordefinierte Sets, bestehend aus einem Stereomikroskopkopf, einem Universalst\u00e4nder, einem Halter, einer Ringbeleuchtung und einer Staubschutzhaube aus unserem Sortiment<\/p>\n<p>Einfach \u2013 praktisch \u2013 g\u00fcnstig<\/p>\n<p>Das erspart Ihnen die zeitraubende Konfiguration und die Qual der Wahl der Kombination der verschiedenen Komponenten. So erhalten Sie eine preiswerte und hochflexible L\u00f6sung f\u00fcr Ihren Mikroskoparbeitsplatz<\/p>\n<p>Technische Daten<\/p>\n<p>Optisches System\tGreenough<\/p>\n<p>Tubus Art\tBinokular<\/p>\n<p>Okular Vergr\u00f6\u00dferung\t10 x<\/p>\n<p>Okular Sehfeld\t23 mm<\/p>\n<p>Vergr\u00f6\u00dferungsverh\u00e4ltnis\t6,4:1<\/p>\n<p>Zoom [Min]\t0,7 x<\/p>\n<p>Zoom [Max]\t4,5 x<\/p>\n<p>Beleuchtungsrichtung\tAuflicht<\/p>\n<p>Beleuchtungsart Auflicht\tLED<\/p>\n<p>Beleuchtungsst\u00e4rke Auflicht\t4,5W<\/p>\n<p>Fokussierungsmechanik\tGrobtrieb<\/p>\n<p>Arbeitsabstand\t110 mm<\/p>\n<p>Probenh\u00f6he [Max]\t130 mm<\/p>\n<p>St\u00e4nder-Bauweise\tUniversal (Gelenkarm mit Klemme)<\/p>\n<p>GTIN\/EAN-Nummer\t4045761189096<\/p>\n","protected":false},"excerpt":{"rendered":"<p><b>Zubeh\u00f6r- und Ersatzteile erhalten Sie gerne auf Anfrage!<\/b><\/p>\n","protected":false},"featured_media":19448,"template":"","meta":[],"product_brand":[],"product_cat":[330,165],"product_tag":[],"class_list":{"0":"post-19435","1":"product","2":"type-product","3":"status-publish","4":"has-post-thumbnail","6":"product_cat-kern","7":"product_cat-mikroskope","8":"product_shipping_class-standard","10":"first","11":"instock","12":"taxable","13":"shipping-taxable","14":"purchasable","15":"product-type-simple"},"tiered_pricing_type":"fixed","tiered_pricing_fixed_rules":[],"tiered_pricing_product_settings":{"layout":"default","base_unit_name":{"singular":null,"plural":null},"default_variation":null},"tiered_pricing_minimum_quantity":null,"tiered_pricing_roles_data":[],"tiered_pricing_percentage_rules":[],"_links":{"self":[{"href":"https:\/\/lt-laborhandel.de\/en\/wp-json\/wp\/v2\/product\/19435","targetHints":{"allow":["GET"]}}],"collection":[{"href":"https:\/\/lt-laborhandel.de\/en\/wp-json\/wp\/v2\/product"}],"about":[{"href":"https:\/\/lt-laborhandel.de\/en\/wp-json\/wp\/v2\/types\/product"}],"wp:featuredmedia":[{"embeddable":true,"href":"https:\/\/lt-laborhandel.de\/en\/wp-json\/wp\/v2\/media\/19448"}],"wp:attachment":[{"href":"https:\/\/lt-laborhandel.de\/en\/wp-json\/wp\/v2\/media?parent=19435"}],"wp:term":[{"taxonomy":"product_brand","embeddable":true,"href":"https:\/\/lt-laborhandel.de\/en\/wp-json\/wp\/v2\/product_brand?post=19435"},{"taxonomy":"product_cat","embeddable":true,"href":"https:\/\/lt-laborhandel.de\/en\/wp-json\/wp\/v2\/product_cat?post=19435"},{"taxonomy":"product_tag","embeddable":true,"href":"https:\/\/lt-laborhandel.de\/en\/wp-json\/wp\/v2\/product_tag?post=19435"}],"curies":[{"name":"wp","href":"https:\/\/api.w.org\/{rel}","templated":true}]}}