{"id":19434,"date":"2024-10-07T11:11:38","date_gmt":"2024-10-07T09:11:38","guid":{"rendered":"https:\/\/lt-laborhandel.de\/?post_type=product&#038;p=19434"},"modified":"2026-01-30T21:00:11","modified_gmt":"2026-01-30T20:00:11","slug":"kern-digitalmikroskop-set-ozl-464t241","status":"publish","type":"product","link":"https:\/\/lt-laborhandel.de\/en\/produkt\/kern-digitalmikroskop-set-ozl-464t241\/","title":{"rendered":"KERN Digitalmikroskop-Set OZL 464T241"},"content":{"rendered":"<p>Digitalmikroskop-Set OZL 464T241<\/p>\n<p>Produktfamilie: OZL-S<\/p>\n<p>Der flexible und g\u00fcnstige Allrounder mit Zoomfunktion als digitale L\u00f6sung f\u00fcr Schulen, Ausbildungswerkst\u00e4tten, Pr\u00fcfstellen und Labore<\/p>\n<p>Beschreibung<\/p>\n<p>Die flexible und preiswerte OZL-46 Serie steht Ihnen als digitale Komplettl\u00f6sung mit adaptierter Tablet Kamera f\u00fcr Ihre Live-Untersuchung zur Verf\u00fcgung: Der passende C-Mount Adapter ist selbstverst\u00e4ndlich in der Lieferung enthalten<\/p>\n<p>Die adaptierte KERN ODC 241 Tablet-Kamera wurde speziell f\u00fcr die einfache, bequeme und direkte Untersuchung der Probe auf dem Bildschirm entwickelt. Optimal geeignet f\u00fcr Sch\u00fcler und Studenten in der Ausbildung oder zu Demonstrationszwecken im Labor<\/p>\n<p>Eine Staubschutzhaube, Augenmuscheln sowie eine mehrsprachige Betriebsanleitung befinden sich im Lieferumfang<\/p>\n<p>OZL 464<\/p>\n<p>Die KERN OZL-46-Serie geh\u00f6rt zu den Stereo-Zoom-Mikroskopen, die durch ihre Qualit\u00e4t, ihre einfache Handhabung, ihre Flexibilit\u00e4t sowie ihre Standfestigkeit und den g\u00fcnstigen Preis \u00fcberzeugen<\/p>\n<p>Die im Standard enthaltene LED-Auflicht- und Durchlichtbeleuchtung gew\u00e4hrleistet eine optimale Beleuchtung Ihrer Probe<\/p>\n<p>Neben den guten optischen Eigenschaften bietet dieses Modell durch ihre gro\u00dfe Arbeitsfl\u00e4che h\u00f6chsten Komfort in dieser Klasse \u2013 optimal f\u00fcr Ausbildungsbetriebe, Werkst\u00e4tten sowie Montage- und Reparaturarbeitspl\u00e4tze, z. B. in der Elektronikindustrie<\/p>\n<p>Das Zoom-Objektiv erm\u00f6glicht Ihnen eine stufenlose Vergr\u00f6\u00dferung von 0,7 x-4,5 x<\/p>\n<p>Der S\u00e4ulenst\u00e4nder bietet Ihnen gr\u00f6\u00dftm\u00f6gliche Flexibilit\u00e4t und die Freiheit, den Mikroskopkopf zu entfernen und in andere modulare Bausysteme, wie z. B. in einen Universalst\u00e4nder zu integrieren<\/p>\n<p>ODC 241<\/p>\n<p>Die integrierte 5-MP-Kamera erm\u00f6glicht neben der Live-\u00dcbertragung des Bildes an das Android Tablet auch die Erstellung von Bildern und Videos zur Dokumentation. Einfache Messungen, wie z. B. Strecken-, Fl\u00e4chen- und Winkelmessungen sowie eine manuelle Z\u00e4hlfunktion sind ebenfalls vorhanden<\/p>\n<p>Ein automatischer Wei\u00dfabgleich und der automatische Kontrastausgleich kann schnell und einfach vorgenommen werden, was ein effizientes Arbeiten erm\u00f6glicht<\/p>\n<p>Durch die integrierten Schnittstellen werden eine Vielzahl an weiteren Funktionen bereitgestellt, wie z. B.<\/p>\n<p>&#8211; Datenspeicherung auf USB-Stick oder SD-Karte<\/p>\n<p>&#8211; Anschluss einer USB-Maus<\/p>\n<p>&#8211; \u00dcbertragung des Livebildes auf einen externen Bildschirm per HDMI<\/p>\n<p>&#8211; \u00dcbertragung gespeicherter Daten an externe Empf\u00e4nger per WLAN<\/p>\n<p>Technische Daten<\/p>\n<p>Optisches System\tGreenough<\/p>\n<p>Tubus Art\tTrinokular<\/p>\n<p>Okular Vergr\u00f6\u00dferung\t10 x<\/p>\n<p>Okular Sehfeld\t20 mm<\/p>\n<p>Vergr\u00f6\u00dferungsverh\u00e4ltnis\t6,4:1<\/p>\n<p>Zoom [Min]\t0,7 x<\/p>\n<p>Zoom [Max]\t4,5 x<\/p>\n<p>Beleuchtungsrichtung\tAuflicht, Durchlicht<\/p>\n<p>Beleuchtungsart Durchlicht\tLED<\/p>\n<p>Beleuchtungsart Auflicht\tLED<\/p>\n<p>Beleuchtungsst\u00e4rke Auflicht\t3W<\/p>\n<p>Fokussierungsmechanik\tGrobtrieb<\/p>\n<p>Display-Art\tLCD-Touch<\/p>\n<p>Display Gr\u00f6\u00dfe\t9,7&#8243;<\/p>\n<p>Display Aufl\u00f6sung\t2048&#215;1536<\/p>\n<p>mcuDetails\tQuad Core Cortex-A17; 1,8 GHz<\/p>\n<p>Kamera &#8211; Sensorart\tSony CMOS<\/p>\n<p>Kamera &#8211; Farbtiefe\tFarbe<\/p>\n<p>Kamera &#8211; Sensorgr\u00f6\u00dfe\t1\/2,8&#8243;<\/p>\n<p>Kamera &#8211; Aufl\u00f6sung\t5 MP<\/p>\n<p>Kamera &#8211; Framerate\t30 fps<\/p>\n<p>Schnittstellen\tWLAN, USB 2.0, HDMI, MicroSD Kartenslot<\/p>\n<p>C-Mount Vergr\u00f6\u00dferung\t0,5 x<\/p>\n<p>Arbeitsabstand\t105 mm<\/p>\n<p>Probenh\u00f6he [Max]\t140 mm<\/p>\n<p>St\u00e4nder-Bauweise\tS\u00e4ule<\/p>\n<p>Abmessungen (B\u00d7T\u00d7H)\t300\u00d7240\u00d7640 mm<\/p>\n<p>GTIN\/EAN-Nummer\t4045761228542<\/p>\n","protected":false},"excerpt":{"rendered":"<p><b>Zubeh\u00f6r- und Ersatzteile erhalten Sie gerne auf Anfrage!<\/b><\/p>\n","protected":false},"featured_media":19443,"template":"","meta":[],"product_brand":[],"product_cat":[330,165],"product_tag":[],"class_list":{"0":"post-19434","1":"product","2":"type-product","3":"status-publish","4":"has-post-thumbnail","6":"product_cat-kern","7":"product_cat-mikroskope","8":"product_shipping_class-standard","10":"first","11":"instock","12":"taxable","13":"shipping-taxable","14":"purchasable","15":"product-type-simple"},"tiered_pricing_type":"fixed","tiered_pricing_fixed_rules":[],"tiered_pricing_product_settings":{"layout":"default","base_unit_name":{"singular":null,"plural":null},"default_variation":null},"tiered_pricing_minimum_quantity":null,"tiered_pricing_roles_data":[],"tiered_pricing_percentage_rules":[],"_links":{"self":[{"href":"https:\/\/lt-laborhandel.de\/en\/wp-json\/wp\/v2\/product\/19434","targetHints":{"allow":["GET"]}}],"collection":[{"href":"https:\/\/lt-laborhandel.de\/en\/wp-json\/wp\/v2\/product"}],"about":[{"href":"https:\/\/lt-laborhandel.de\/en\/wp-json\/wp\/v2\/types\/product"}],"wp:featuredmedia":[{"embeddable":true,"href":"https:\/\/lt-laborhandel.de\/en\/wp-json\/wp\/v2\/media\/19443"}],"wp:attachment":[{"href":"https:\/\/lt-laborhandel.de\/en\/wp-json\/wp\/v2\/media?parent=19434"}],"wp:term":[{"taxonomy":"product_brand","embeddable":true,"href":"https:\/\/lt-laborhandel.de\/en\/wp-json\/wp\/v2\/product_brand?post=19434"},{"taxonomy":"product_cat","embeddable":true,"href":"https:\/\/lt-laborhandel.de\/en\/wp-json\/wp\/v2\/product_cat?post=19434"},{"taxonomy":"product_tag","embeddable":true,"href":"https:\/\/lt-laborhandel.de\/en\/wp-json\/wp\/v2\/product_tag?post=19434"}],"curies":[{"name":"wp","href":"https:\/\/api.w.org\/{rel}","templated":true}]}}