{"id":19433,"date":"2024-10-07T11:11:35","date_gmt":"2024-10-07T09:11:35","guid":{"rendered":"https:\/\/lt-laborhandel.de\/?post_type=product&#038;p=19433"},"modified":"2026-01-30T21:00:11","modified_gmt":"2026-01-30T20:00:11","slug":"kern-metallurgisches-mikroskop-oko-178","status":"publish","type":"product","link":"https:\/\/lt-laborhandel.de\/en\/produkt\/kern-metallurgisches-mikroskop-oko-178\/","title":{"rendered":"KERN Metallurgisches Mikroskop OKO 178"},"content":{"rendered":"<p>Metallurgisches Mikroskop OKO 178<\/p>\n<p>Produktfamilie: OKO-1<\/p>\n<p>Das vollausgestattete Auf- und Durchlichtmikroskop f\u00fcr vielf\u00e4ltige Anwendungen in der Metallurgie<\/p>\n<p>Beschreibung<\/p>\n<p>Bei diesem Ger\u00e4t handelt es sich um ein professionelles und vielseitig ausgestattetes metallurgisches Mikroskop f\u00fcr die Pr\u00fcfung von Metallen und Oberfl\u00e4chenanalysen<\/p>\n<p>Das KERN OKO ist eine Kombi-Variante aus LED-Auflicht und LED-Durchlicht. Ein zentrierbarer und h\u00f6henverstellbarer 1,25-Abbe-Kondensor sowie eine Leuchtfeldblende f\u00fcr die volle professionelle K\u00f6hler-Beleuchtung geh\u00f6rt zur serienm\u00e4\u00dfigen Ausstattung<\/p>\n<p>Ein offener, mechanischer Kreuztisch ist standardm\u00e4\u00dfig integriert<\/p>\n<p>Eine einfache Polarisationseinheit (Analysator und Polarisator) ist im Lieferumfang enthalten<\/p>\n<p>Eine gro\u00dfe Auswahl an Zubeh\u00f6rartikeln, wie z. B. Okulare und weitere Objektive f\u00fcr gr\u00f6\u00dferen Arbeitsabstand steht zur Verf\u00fcgung<\/p>\n<p>Eine Staubschutzhaube, Augenmuscheln sowie eine mehrsprachige Betriebsanleitung befinden sich im Lieferumfang<\/p>\n<p>Technische Daten<\/p>\n<p>Optisches System\tInfinity<\/p>\n<p>Tubus Art\tTrinokular<\/p>\n<p>Okular Vergr\u00f6\u00dferung\t10 x<\/p>\n<p>Okular Sehfeld\t22 mm<\/p>\n<p>Standard-Objektive\t5x, 10x, 20x, 50x<\/p>\n<p>Objektivqualit\u00e4t\tInfinity Semi Apochromatisch<\/p>\n<p>Objektivrevolver-Einschraubpl\u00e4tze\t5<\/p>\n<p>Beleuchtungsrichtung\tAuflicht, Durchlicht<\/p>\n<p>Beleuchtungsart Durchlicht\tLED<\/p>\n<p>Beleuchtungsart Auflicht\tLED<\/p>\n<p>Beleuchtungsst\u00e4rke Auflicht\t5W<\/p>\n<p>Kondensor-Typ\tABBE<\/p>\n<p>Kondensor-Apertur\t1,25<\/p>\n<p>Kondensor-Montage\tZentrierbar<\/p>\n<p>Fokussierungsmechanik\tKoaxialer Grob- und Feintrieb<\/p>\n<p>Feintrieb-Minimum\t0,002 mm<\/p>\n<p>Abmessungen (B\u00d7T\u00d7H)\t550\u00d7200\u00d7460 mm<\/p>\n<p>GTIN\/EAN-Nummer\t4045761267831<\/p>\n","protected":false},"excerpt":{"rendered":"<p><b>Zubeh\u00f6r- und Ersatzteile erhalten Sie gerne auf Anfrage!<\/b><\/p>\n","protected":false},"featured_media":19441,"template":"","meta":[],"product_brand":[],"product_cat":[330,165],"product_tag":[],"class_list":{"0":"post-19433","1":"product","2":"type-product","3":"status-publish","4":"has-post-thumbnail","6":"product_cat-kern","7":"product_cat-mikroskope","8":"product_shipping_class-standard","10":"first","11":"instock","12":"taxable","13":"shipping-taxable","14":"purchasable","15":"product-type-simple"},"tiered_pricing_type":"fixed","tiered_pricing_fixed_rules":[],"tiered_pricing_product_settings":{"layout":"default","base_unit_name":{"singular":null,"plural":null},"default_variation":null},"tiered_pricing_minimum_quantity":null,"tiered_pricing_roles_data":[],"tiered_pricing_percentage_rules":[],"_links":{"self":[{"href":"https:\/\/lt-laborhandel.de\/en\/wp-json\/wp\/v2\/product\/19433","targetHints":{"allow":["GET"]}}],"collection":[{"href":"https:\/\/lt-laborhandel.de\/en\/wp-json\/wp\/v2\/product"}],"about":[{"href":"https:\/\/lt-laborhandel.de\/en\/wp-json\/wp\/v2\/types\/product"}],"wp:featuredmedia":[{"embeddable":true,"href":"https:\/\/lt-laborhandel.de\/en\/wp-json\/wp\/v2\/media\/19441"}],"wp:attachment":[{"href":"https:\/\/lt-laborhandel.de\/en\/wp-json\/wp\/v2\/media?parent=19433"}],"wp:term":[{"taxonomy":"product_brand","embeddable":true,"href":"https:\/\/lt-laborhandel.de\/en\/wp-json\/wp\/v2\/product_brand?post=19433"},{"taxonomy":"product_cat","embeddable":true,"href":"https:\/\/lt-laborhandel.de\/en\/wp-json\/wp\/v2\/product_cat?post=19433"},{"taxonomy":"product_tag","embeddable":true,"href":"https:\/\/lt-laborhandel.de\/en\/wp-json\/wp\/v2\/product_tag?post=19433"}],"curies":[{"name":"wp","href":"https:\/\/api.w.org\/{rel}","templated":true}]}}