{"id":19263,"date":"2024-09-05T15:28:52","date_gmt":"2024-09-05T13:28:52","guid":{"rendered":"https:\/\/lt-laborhandel.de\/?post_type=product&#038;p=19263"},"modified":"2026-01-09T21:25:14","modified_gmt":"2026-01-09T20:25:14","slug":"esab-rutilzellulose-elektrode-ok-goldrox-2-5x350mm-1kg-46592535z0","status":"publish","type":"product","link":"https:\/\/lt-laborhandel.de\/en\/produkt\/esab-rutilzellulose-elektrode-ok-goldrox-2-5x350mm-1kg-46592535z0\/","title":{"rendered":"ESAB Rutilzellulose-Elektrode OK Goldrox, 2.5 \u00d7 350 mm, 1 kg, 46592535Z0"},"content":{"rendered":"<p data-start=\"341\" data-end=\"427\"><strong data-start=\"341\" data-end=\"425\">ESAB Rutilzellulose-Elektrode OK Goldrox \u2013 einfaches Handling, starke Ergebnisse<\/strong><\/p>\n<p data-start=\"429\" data-end=\"773\">Die <strong data-start=\"433\" data-end=\"465\">ESAB OK Goldrox (46592535Z0)<\/strong> ist eine hochwertige <strong data-start=\"487\" data-end=\"515\">Rutilzellulose-Elektrode<\/strong> f\u00fcr das Schwei\u00dfen unlegierter Baust\u00e4hle. Mit einem Durchmesser von <strong data-start=\"583\" data-end=\"593\">2.5 mm<\/strong>, einer L\u00e4nge von <strong data-start=\"611\" data-end=\"621\">350 mm<\/strong> und einer <strong data-start=\"632\" data-end=\"663\">Verpackungseinheit von 1 kg<\/strong> eignet sie sich optimal f\u00fcr universelle Anwendungen im Stahlbau, bei Reparaturen und in der Instandhaltung.<\/p>\n<p data-start=\"775\" data-end=\"972\">Die Elektrode \u00fcberzeugt durch <strong data-start=\"805\" data-end=\"863\">hervorragende Z\u00fcndeigenschaften, leichtes Wiederz\u00fcnden<\/strong> und ein sehr gutes Schwei\u00dfverhalten in allen Positionen, auch bei Wechselstrom (AC) und Gleichstrom (DC+).<\/p>\n<p data-start=\"974\" data-end=\"1226\">Dank der stabilen Lichtbogencharakteristik entstehen <strong data-start=\"1027\" data-end=\"1078\">gleichm\u00e4\u00dfige, optisch ansprechende Schwei\u00dfn\u00e4hte<\/strong> mit guter Schlackenl\u00f6slichkeit. Dadurch ist die OK Goldrox ideal f\u00fcr Anwender, die eine verl\u00e4ssliche und einfach zu handhabende Elektrode suchen.<\/p>\n<p data-start=\"1228\" data-end=\"1252\"><strong data-start=\"1228\" data-end=\"1250\">Wichtige Merkmale:<\/strong><\/p>\n<ul>\n<li data-start=\"1255\" data-end=\"1306\">Rutilzellulose-Elektrode f\u00fcr unlegierte Baust\u00e4hle<\/li>\n<li data-start=\"1309\" data-end=\"1365\">Einsetzbar mit Wechselstrom (AC) und Gleichstrom (DC+)<\/li>\n<li data-start=\"1368\" data-end=\"1413\">Sehr gute Z\u00fcnd- und Wiederz\u00fcndeigenschaften<\/li>\n<li data-start=\"1416\" data-end=\"1474\">Universell einsetzbar, in allen Positionen verschwei\u00dfbar<\/li>\n<li data-start=\"1477\" data-end=\"1521\">Saubere, optisch ansprechende Schwei\u00dfn\u00e4hte<\/li>\n<\/ul>\n<p data-start=\"1523\" data-end=\"1555\"><strong data-start=\"1523\" data-end=\"1553\">Technische Daten (Auszug):<\/strong><\/p>\n<ul>\n<li data-start=\"1558\" data-end=\"1576\">Hersteller: ESAB<\/li>\n<li data-start=\"1579\" data-end=\"1599\">Modell: OK Goldrox<\/li>\n<li data-start=\"1602\" data-end=\"1629\">Artikelnummer: 46592535Z0<\/li>\n<li data-start=\"1632\" data-end=\"1663\">Elektrodentyp: Rutilzellulose<\/li>\n<li data-start=\"1666\" data-end=\"1687\">Durchmesser: 2.5 mm<\/li>\n<li data-start=\"1690\" data-end=\"1705\">L\u00e4nge: 350 mm<\/li>\n<li data-start=\"1708\" data-end=\"1734\">Verpackungseinheit: 1 kg<\/li>\n<li data-start=\"1737\" data-end=\"1761\">Schwei\u00dfstrom: AC \/ DC+<\/li>\n<li data-start=\"1764\" data-end=\"1812\">Anwendung: Baustahl, Reparatur, Instandhaltung<\/li>\n<\/ul>\n<p data-start=\"1814\" data-end=\"1833\"><strong data-start=\"1814\" data-end=\"1831\">Lieferumfang:<\/strong><\/p>\n<ul>\n<li data-start=\"1836\" data-end=\"1898\">1 kg ESAB Rutilzellulose-Elektroden OK Goldrox, 2.5 \u00d7 350 mm<\/li>\n<\/ul>\n","protected":false},"excerpt":{"rendered":"<ul>\n<li data-start=\"1979\" data-end=\"2030\">Rutilzellulose-Elektrode f\u00fcr unlegierte Baust\u00e4hle<\/li>\n<li data-start=\"2033\" data-end=\"2076\">Durchmesser 2.5 mm, L\u00e4nge 350 mm, VE 1 kg<\/li>\n<li data-start=\"2079\" data-end=\"2114\">Geeignet f\u00fcr AC und DC+ Schwei\u00dfen<\/li>\n<li data-start=\"2117\" data-end=\"2162\">Sehr gute Z\u00fcnd- und Wiederz\u00fcndeigenschaften<\/li>\n<li data-start=\"2165\" data-end=\"2216\">Universell, in allen Schwei\u00dfpositionen einsetzbar<\/li>\n<\/ul>\n","protected":false},"featured_media":19269,"template":"","meta":[],"product_brand":[361],"product_cat":[336],"product_tag":[],"class_list":{"0":"post-19263","1":"product","2":"type-product","3":"status-publish","4":"has-post-thumbnail","6":"product_brand-esab","7":"product_cat-schweissgeraete-zubehoer","8":"product_shipping_class-standard","10":"first","11":"outofstock","12":"taxable","13":"shipping-taxable","14":"purchasable","15":"product-type-simple"},"tiered_pricing_type":"fixed","tiered_pricing_fixed_rules":[],"tiered_pricing_product_settings":{"layout":"default","base_unit_name":{"singular":null,"plural":null},"default_variation":null},"tiered_pricing_minimum_quantity":null,"tiered_pricing_roles_data":[],"tiered_pricing_percentage_rules":[],"_links":{"self":[{"href":"https:\/\/lt-laborhandel.de\/en\/wp-json\/wp\/v2\/product\/19263","targetHints":{"allow":["GET"]}}],"collection":[{"href":"https:\/\/lt-laborhandel.de\/en\/wp-json\/wp\/v2\/product"}],"about":[{"href":"https:\/\/lt-laborhandel.de\/en\/wp-json\/wp\/v2\/types\/product"}],"wp:featuredmedia":[{"embeddable":true,"href":"https:\/\/lt-laborhandel.de\/en\/wp-json\/wp\/v2\/media\/19269"}],"wp:attachment":[{"href":"https:\/\/lt-laborhandel.de\/en\/wp-json\/wp\/v2\/media?parent=19263"}],"wp:term":[{"taxonomy":"product_brand","embeddable":true,"href":"https:\/\/lt-laborhandel.de\/en\/wp-json\/wp\/v2\/product_brand?post=19263"},{"taxonomy":"product_cat","embeddable":true,"href":"https:\/\/lt-laborhandel.de\/en\/wp-json\/wp\/v2\/product_cat?post=19263"},{"taxonomy":"product_tag","embeddable":true,"href":"https:\/\/lt-laborhandel.de\/en\/wp-json\/wp\/v2\/product_tag?post=19263"}],"curies":[{"name":"wp","href":"https:\/\/api.w.org\/{rel}","templated":true}]}}