{"id":17054,"date":"2024-08-21T09:06:01","date_gmt":"2024-08-21T07:06:01","guid":{"rendered":"https:\/\/lt-laborhandel.de\/?post_type=product&#038;p=17054"},"modified":"2026-01-14T07:52:21","modified_gmt":"2026-01-14T06:52:21","slug":"ika-synthesereaktor-easysyn-5000-advanced-0020113443","status":"publish","type":"product","link":"https:\/\/lt-laborhandel.de\/en\/produkt\/ika-synthesereaktor-easysyn-5000-advanced-0020113443\/","title":{"rendered":"IKA Synthesereaktor, EasySyn 5000 Advanced, 0020113443"},"content":{"rendered":"<p data-start=\"266\" data-end=\"569\">Der <strong data-start=\"270\" data-end=\"299\">IKA EasySyn 5000 Advanced<\/strong> ist ein modernes <strong data-start=\"317\" data-end=\"343\">Synthesereaktor-System<\/strong> f\u00fcr effiziente, sichere und reproduzierbare chemische Synthesen im Labor. Mit einem Reaktionsvolumen von bis zu <strong data-start=\"456\" data-end=\"468\">5 Litern<\/strong> ist das System optimal f\u00fcr den <strong data-start=\"500\" data-end=\"557\">ma\u00dfstabsgetreuen Transfer von Forschung zu Produktion<\/strong> geeignet.<\/p>\n<p data-start=\"571\" data-end=\"837\">Das System umfasst alle notwendigen Komponenten wie Reaktor, Thermostat, R\u00fchrtechnik und Steuerung \u2013 vollst\u00e4ndig integriert und sofort einsatzbereit. Dank seiner <strong data-start=\"733\" data-end=\"755\">modularen Bauweise<\/strong> l\u00e4sst sich EasySyn flexibel an unterschiedliche Syntheseanforderungen anpassen.<\/p>\n<p data-start=\"839\" data-end=\"1116\">Die <strong data-start=\"843\" data-end=\"865\">digitale Steuerung<\/strong> sorgt f\u00fcr eine pr\u00e4zise \u00dcberwachung und Kontrolle von Temperatur, R\u00fchrgeschwindigkeit und Prozessparametern. Sicherheitsfeatures wie Not-Aus-Funktion, \u00dcbertemperaturschutz und eine robuste Doppelmantel-Konstruktion bieten h\u00f6chste Betriebssicherheit.<\/p>\n<p data-start=\"1118\" data-end=\"1142\"><strong data-start=\"1118\" data-end=\"1140\">Wichtige Merkmale:<\/strong><\/p>\n<ul>\n<li data-start=\"1145\" data-end=\"1193\">Komplettsystem f\u00fcr chemische Synthesen bis 5 l<\/li>\n<li data-start=\"1196\" data-end=\"1243\">Doppelmantel-Reaktor f\u00fcr pr\u00e4zise Temperierung<\/li>\n<li data-start=\"1246\" data-end=\"1290\">Inklusive R\u00fchrwerk, Thermostat &amp; Steuerung<\/li>\n<li data-start=\"1293\" data-end=\"1341\">Digitale Prozesskontrolle mit Echtzeit-Anzeige<\/li>\n<li data-start=\"1344\" data-end=\"1416\">Modular erweiterbar (z. B. f\u00fcr Kondensation, Destillation, Probenahme)<\/li>\n<li data-start=\"1419\" data-end=\"1474\">F\u00fcr Forschung, Prozessentwicklung &amp; Scale-up geeignet<\/li>\n<li data-start=\"1477\" data-end=\"1534\">Hohe Sicherheit durch \u00dcbertemperatur- &amp; \u00dcberdruckschutz<\/li>\n<li data-start=\"1537\" data-end=\"1578\">Einfache Bedienung &amp; schnelle Reinigung<\/li>\n<\/ul>\n<p data-start=\"1580\" data-end=\"1612\"><strong data-start=\"1580\" data-end=\"1610\">Technische Daten (Auszug):<\/strong><\/p>\n<ul>\n<li data-start=\"1615\" data-end=\"1648\">Reaktionsvolumen: max. 5.000 ml<\/li>\n<li data-start=\"1651\" data-end=\"1716\">Temperaturbereich: \u201380 \u00b0C bis +200 \u00b0C (abh\u00e4ngig von Thermostat)<\/li>\n<li data-start=\"1719\" data-end=\"1779\">Max. R\u00fchrgeschwindigkeit: bis 2.000 U\/min (modellabh\u00e4ngig)<\/li>\n<li data-start=\"1782\" data-end=\"1832\">Werkstoffe: Borosilikatglas 3.3, PTFE, Edelstahl<\/li>\n<li data-start=\"1835\" data-end=\"1866\">Modularer Aufbau, GLP-konform<\/li>\n<li data-start=\"1869\" data-end=\"1920\">Abmessungen (B \u00d7 H \u00d7 T): ca. 1.200 \u00d7 800 \u00d7 600 mm<\/li>\n<li data-start=\"1923\" data-end=\"1948\">Gewicht: systemabh\u00e4ngig<\/li>\n<\/ul>\n<p data-start=\"1950\" data-end=\"1969\"><strong data-start=\"1950\" data-end=\"1967\">Lieferumfang:<\/strong><\/p>\n<ul>\n<li data-start=\"1972\" data-end=\"2010\">Reaktorgef\u00e4\u00df 5.000 ml (Doppelmantel)<\/li>\n<li data-start=\"2013\" data-end=\"2049\">Reaktorst\u00e4nder &amp; Sicherheitsrahmen<\/li>\n<li data-start=\"2052\" data-end=\"2080\">R\u00fchrwerk &amp; Antriebseinheit<\/li>\n<li data-start=\"2083\" data-end=\"2106\">Thermostat-Anschl\u00fcsse<\/li>\n<li data-start=\"2109\" data-end=\"2145\">Digitale Steuer- und Bedieneinheit<\/li>\n<li data-start=\"2148\" data-end=\"2194\">Komplettes Zubeh\u00f6rpaket f\u00fcr sofortigen Start<\/li>\n<\/ul>\n<p data-start=\"2196\" data-end=\"2379\">Der <strong data-start=\"2200\" data-end=\"2229\">IKA EasySyn 5000 Advanced<\/strong> ist die <strong data-start=\"2238\" data-end=\"2280\">Komplettl\u00f6sung f\u00fcr chemische Synthesen<\/strong> im Pilot- und Laborma\u00dfstab \u2013 flexibel, sicher und ideal f\u00fcr Forschung, Entwicklung und Scale-up.<\/p>\n","protected":false},"excerpt":{"rendered":"<ul>\n<li data-start=\"2754\" data-end=\"2792\">Komplettsystem f\u00fcr Synthesen bis 5 l<\/li>\n<li data-start=\"2795\" data-end=\"2835\">Modularer Aufbau, flexibel erweiterbar<\/li>\n<li data-start=\"2838\" data-end=\"2877\">Digitale Steuerung &amp; Prozesskontrolle<\/li>\n<li data-start=\"2880\" data-end=\"2927\">Doppelmantel-Reaktor f\u00fcr pr\u00e4zise Temperierung<\/li>\n<li data-start=\"2930\" data-end=\"2975\">Ideal f\u00fcr Forschung, Entwicklung &amp; Scale-up<\/li>\n<\/ul>\n","protected":false},"featured_media":21934,"template":"","meta":[],"product_brand":[357],"product_cat":[324,331],"product_tag":[],"class_list":{"0":"post-17054","1":"product","2":"type-product","3":"status-publish","4":"has-post-thumbnail","6":"product_brand-ika","7":"product_cat-ika","8":"product_cat-reaktorsysteme","9":"product_shipping_class-standard","11":"first","12":"instock","13":"taxable","14":"shipping-taxable","15":"purchasable","16":"product-type-simple"},"tiered_pricing_type":"fixed","tiered_pricing_fixed_rules":[],"tiered_pricing_product_settings":{"layout":"default","base_unit_name":{"singular":null,"plural":null},"default_variation":null},"tiered_pricing_minimum_quantity":null,"tiered_pricing_roles_data":[],"tiered_pricing_percentage_rules":[],"_links":{"self":[{"href":"https:\/\/lt-laborhandel.de\/en\/wp-json\/wp\/v2\/product\/17054","targetHints":{"allow":["GET"]}}],"collection":[{"href":"https:\/\/lt-laborhandel.de\/en\/wp-json\/wp\/v2\/product"}],"about":[{"href":"https:\/\/lt-laborhandel.de\/en\/wp-json\/wp\/v2\/types\/product"}],"wp:featuredmedia":[{"embeddable":true,"href":"https:\/\/lt-laborhandel.de\/en\/wp-json\/wp\/v2\/media\/21934"}],"wp:attachment":[{"href":"https:\/\/lt-laborhandel.de\/en\/wp-json\/wp\/v2\/media?parent=17054"}],"wp:term":[{"taxonomy":"product_brand","embeddable":true,"href":"https:\/\/lt-laborhandel.de\/en\/wp-json\/wp\/v2\/product_brand?post=17054"},{"taxonomy":"product_cat","embeddable":true,"href":"https:\/\/lt-laborhandel.de\/en\/wp-json\/wp\/v2\/product_cat?post=17054"},{"taxonomy":"product_tag","embeddable":true,"href":"https:\/\/lt-laborhandel.de\/en\/wp-json\/wp\/v2\/product_tag?post=17054"}],"curies":[{"name":"wp","href":"https:\/\/api.w.org\/{rel}","templated":true}]}}