{"id":16908,"date":"2024-08-19T13:29:03","date_gmt":"2024-08-19T11:29:03","guid":{"rendered":"https:\/\/lt-laborhandel.de\/?post_type=product&#038;p=16908"},"modified":"2026-01-14T07:52:11","modified_gmt":"2026-01-14T06:52:11","slug":"ika-viskosimeter-package-rotavisc-sbs-hi-vi-i-complete-0010013820","status":"publish","type":"product","link":"https:\/\/lt-laborhandel.de\/en\/produkt\/ika-viskosimeter-package-rotavisc-sbs-hi-vi-i-complete-0010013820\/","title":{"rendered":"IKA Viskosimeter Package ROTAVISC SBS hi-vi I Complete, #0010013820"},"content":{"rendered":"<p>IKA ROTAVISC SBS hi-vi I Complete<br \/>\nDie SBS (Steel Ball Bearing, Suspended) Rotationsviskosimeter erweitern einen gro\u00dfen Teil des Anwendungsspektrums unserer IKA ROTAVISC Ger\u00e4tefamilie.<\/p>\n<p>Anstelle einer Juwellagerung sind diese Ger\u00e4te mit einer speziellen Kugellagertechnik ausgestattet.<br \/>\nSie zeichnen sich besonders durch ihre hohe Robustheit aus. Pr\u00e4destiniert f\u00fcr Anwendungen mit sehr hohem Probendurchsatz, bei h\u00e4ufigem Spindelwechsel, dem Betrieb in rauerer Umgebung, oder auch h\u00e4ufigem Ger\u00e4testandortwechsel.<\/p>\n<p>Ob einfache oder anspruchsvolle Viskosit\u00e4tsmessung &#8211; mit ROTAVISC erhalten Sie schnelle und exakte Ergebnisse.<\/p>\n<p>Spielend einfach zu bedienen<br \/>\n\u00dcber das gro\u00dfz\u00fcgige 4,3\u2033 TFT Display erwartet Sie eine intuitive Men\u00fcf\u00fchrung. Eine digitale Libelle unterst\u00fctzt zudem bei der richtigen Einstellung der Startbedingung. Wiederkehrende Aufgaben erleichtert die einfache Rampenfunktion.<\/p>\n<p>H\u00f6chste Messgenauigkeit<br \/>\nDie Genauigkeit der ROTAVISC Rotationsviskosimeter liegt f\u00fcr newtonsche und nicht newtonsche Fl\u00fcssigkeiten bei +\/- 1 % vom Messbereich. Die Reproduzierbarkeit betr\u00e4gt +\/- 0,2 %.<\/p>\n<p>Stufenlose Drehzahl<br \/>\nMit ROTAVISC haben Sie ein Viskosimeter, bei dem Sie die Drehzahl stufenlos einstellen k\u00f6nnen, aber auch Programme oder einzelne Drehzahlstufen vorgeben k\u00f6nnen.<\/p>\n<p>IKA ROTAVISC SBS hi-vi I Complete<br \/>\nViskosit\u00e4ts-Messbereich: 200 &#8211; 80.000.000 mPas<\/p>\n<p><b>Lieferumfang:<\/b><br \/>\nROTAVISC SBS hi-vi I control<br \/>\nROTASTAND<br \/>\nSP set-2<br \/>\nPT 100.8<br \/>\nGuard rail<\/p>\n<p><b>Technische Daten:<\/b><br \/>\nViskosit\u00e4t-Me\u00dfbereich\t80000000 mPas<br \/>\nViskosit\u00e4t-Genauigkeit (FSR)\t1 %<br \/>\nViskosit\u00e4t Wiederholgenauigkeit (FSR)\t0.2 %<br \/>\nFeder &#8211; Drehmoment\t1.4374 mNm<br \/>\nF\u00fchrungsschiene\tme-vi<br \/>\nMess-Spindeln\tSP set-2<br \/>\nMotorleistung Abgabe\t4.8 W<br \/>\nSchutz vor \u00dcberlast\tja<br \/>\nDrehrichtung Motor\trechts<br \/>\nAnzeige\tTFT<br \/>\nDrehzahlanzeige\tTFT<br \/>\nDrehzahlbereich\t0.01 &#8211; 200 rpm<br \/>\nEinstellgenauigkeit Drehzahl\t\u00b10.01 rpm<br \/>\nEinstellm\u00f6glichkeit Drehzahl\tTFT<br \/>\nDrehmomentanzeige\tja<br \/>\nDrehmomentmessung\tja<br \/>\nZeitschaltuhr\tja<br \/>\nAnzeige Zeitschaltuhr\tTFT<br \/>\nZeiteinstellbereich\t0.017 &#8211; 6000 min<br \/>\nAufl\u00f6sung Temperaturmessung\t0.1 K<br \/>\nArbeitstemperaturanzeige\tTFT<br \/>\nAnschluss f\u00fcr ext. Temperaturmessf\u00fchler\tPT 100<br \/>\nGraph Funktion\tja<br \/>\nBetriebsart\tTimer- und Dauerbetrieb<br \/>\nKalibrierungsm\u00f6glichkeit\tja<br \/>\nTouchfunktion\tja<br \/>\nZul\u00e4ssige Dichte\t9999 kg\/dm3<br \/>\nArbeitstemperatur\t-100 &#8211; 300 \u00b0C<br \/>\nBefestigung am Stativ\tAusleger<br \/>\nStativstangendurchmesser (bei integrierter Befestigung am Stativ)\t16 mm<br \/>\nHub Teleskopstativ\t200 mm<br \/>\nSteckkupplung (\u00d8)\t12 mm<br \/>\nBasisgef\u00e4\u00dfvolumen\t600 ml<br \/>\nStativ\tRotastand<br \/>\nHub max.\t61 mm<br \/>\nDurchmesser\t16 mm<br \/>\nDynamische Last\t5 kg<br \/>\nAbmessungen (B x H x T)\t351 x 629 x 372 mm<br \/>\nGewicht\t7.1 kg<br \/>\nZul\u00e4ssiger Umgebungstemperaturbereich\t5 &#8211; 40 \u00b0C<br \/>\nZul\u00e4ssige Relative Feuchte\t80 %<br \/>\nSchutzart nach DIN EN 60529\tIP 40<br \/>\nRS 232 Schnittstelle\tja<br \/>\nUSB Schnittstelle\tMicro-USB<br \/>\nSpannung\t100 &#8211; 240 V<br \/>\nFrequenz\t50\/60 Hz<br \/>\nGer\u00e4teaufnahmeleistung\t24 W<br \/>\nGer\u00e4teaufnahmeleistung Standby\t0.06 W<br \/>\nGleichspannung\t24 V=<br \/>\nStromaufnahme\t1000 mA<\/p>\n<p><b>Zubeh\u00f6r und Ersatzteile auf Anfrage erh\u00e4tlich!<\/b><\/p>\n","protected":false},"excerpt":{"rendered":"<p><b>Zubeh\u00f6r- und Ersatzteile erhalten Sie gerne auf Anfrage!<\/b><\/p>\n","protected":false},"featured_media":20050,"template":"","meta":[],"product_brand":[357],"product_cat":[152,324],"product_tag":[],"class_list":{"0":"post-16908","1":"product","2":"type-product","3":"status-publish","4":"has-post-thumbnail","6":"product_brand-ika","7":"product_cat-viskosimeter","8":"product_cat-ika","9":"product_shipping_class-standard","11":"first","12":"instock","13":"taxable","14":"shipping-taxable","15":"purchasable","16":"product-type-simple"},"tiered_pricing_type":"fixed","tiered_pricing_fixed_rules":[],"tiered_pricing_product_settings":{"layout":"default","base_unit_name":{"singular":null,"plural":null},"default_variation":null},"tiered_pricing_minimum_quantity":null,"tiered_pricing_roles_data":[],"tiered_pricing_percentage_rules":[],"_links":{"self":[{"href":"https:\/\/lt-laborhandel.de\/en\/wp-json\/wp\/v2\/product\/16908","targetHints":{"allow":["GET"]}}],"collection":[{"href":"https:\/\/lt-laborhandel.de\/en\/wp-json\/wp\/v2\/product"}],"about":[{"href":"https:\/\/lt-laborhandel.de\/en\/wp-json\/wp\/v2\/types\/product"}],"wp:featuredmedia":[{"embeddable":true,"href":"https:\/\/lt-laborhandel.de\/en\/wp-json\/wp\/v2\/media\/20050"}],"wp:attachment":[{"href":"https:\/\/lt-laborhandel.de\/en\/wp-json\/wp\/v2\/media?parent=16908"}],"wp:term":[{"taxonomy":"product_brand","embeddable":true,"href":"https:\/\/lt-laborhandel.de\/en\/wp-json\/wp\/v2\/product_brand?post=16908"},{"taxonomy":"product_cat","embeddable":true,"href":"https:\/\/lt-laborhandel.de\/en\/wp-json\/wp\/v2\/product_cat?post=16908"},{"taxonomy":"product_tag","embeddable":true,"href":"https:\/\/lt-laborhandel.de\/en\/wp-json\/wp\/v2\/product_tag?post=16908"}],"curies":[{"name":"wp","href":"https:\/\/api.w.org\/{rel}","templated":true}]}}