{"id":16587,"date":"2024-07-18T10:26:23","date_gmt":"2024-07-18T08:26:23","guid":{"rendered":"https:\/\/lt-laborhandel.de\/?post_type=product&#038;p=16587"},"modified":"2026-01-14T07:52:03","modified_gmt":"2026-01-14T06:52:03","slug":"ika-rotationsverdampfer-rv-8-pro-v-complete-0010011411","status":"publish","type":"product","link":"https:\/\/lt-laborhandel.de\/en\/produkt\/ika-rotationsverdampfer-rv-8-pro-v-complete-0010011411\/","title":{"rendered":"IKA Rotationsverdampfer RV 8 V Starter Solution, 0010013946"},"content":{"rendered":"<p>IKA Rotationsverdampfer RV 8 V Starter Solution, 0010013946<\/p>\n<p>RV 8 V Starter Solution<br \/>\nDas Package RV 8 Starter Solution ist die kosteng\u00fcnstige Komplettl\u00f6sung f\u00fcr Ihren Rotationsverdampferaufbau.<\/p>\n<p>Neben dem Rotationsverdampfer RV 8 V beinhaltet das Package das Heizbad HB digital mit 4 Litern Fassungsverm\u00f6gen und einem Heiztemperaturbereich von RT bis 180 \u00b0C, einen hocheffizienten vertikalen Glask\u00fchler-Satz mit 1L-Auffang- und Verdampferkolben sowie die Vakuumpumpe VACSTAR lite mit Vakuumcontroller VC 10 lite und den Umw\u00e4lzk\u00fchler RC 2 lite. Alle f\u00fcr den Betrieb notwendigen Komponenten und Anschl\u00fcsse sind damit enthalten.<\/p>\n<p>Der Rotationsverdampfer RV 8 ist die manuelle Basiseinheit unter den IKA Rotationsverdampfern. Er ist vielseitig einsetzbar in der Chemie, Pharmazie und Bioindustrie, auf den Gebieten der Forschung und Entwicklung, Produktion und Qualit\u00e4tssicherung, in Laboren und im Anlagenbau. Dank eigens entwickelter Glasf\u00fchrungen nutzt der Vertikalk\u00fchler die K\u00fchloberfl\u00e4che von 1500 cm\u00b2 \u00e4u\u00dferst effizient aus. Digitale Displays f\u00fcr Rotationsgeschwindigkeit und Heizbadtemperatur erlauben eine optimale Steuerung s\u00e4mtlicher Destillationsprozesse.<\/p>\n<p>Die im Lieferumfang enthaltene Vakuumpumpe VACSTAR lite ist extrem platzsparend und erreicht ein minimales Vakuum von 9 mbar. Gesteuert wird sie \u00fcber den mitgelieferten Vakuumcontroller VC 10 lite. Dieser erm\u00f6glicht neben der Regelung des Umw\u00e4lzk\u00fchlers auch eine manuelle Sollwert-Eingabe des Vakuums sowie die programmgesteuerte Funktion.<\/p>\n<p>Der kompakte Umw\u00e4lzk\u00fchler RC 2 lite mit starker 400 Watt K\u00e4lteleistung und kraftvoller Druck- und Saugpumpe (0,35 bar) ist konzipiert f\u00fcr einfache K\u00fchlaufgaben bis -10 \u00b0C. Der gut zug\u00e4ngliche und leicht zu reinigende Maschenfilter aus Edelstahl stellt eine gleichbleibend hohe K\u00fchlleistung \u00fcber Jahre hinweg sicher. Durch das nat\u00fcrliche K\u00e4ltemittel R290 ist der RC 2 lite besonders umweltfreundlich und bestens vorbereitet auf die Zukunft.<\/p>\n<p>Garantie<br \/>\nDurch Registrierung online unter www.ika.com\/register, k\u00f6nnen Sie die Garantie Ihrer Ger\u00e4te kostenlos verl\u00e4ngern. F\u00fcr Rotationsverdampfer und Heizb\u00e4der betr\u00e4gt die Standardgarantie zwei Jahre, plus drei zus\u00e4tzliche Jahre nach Registrierung (2+3). F\u00fcr im Paket enthaltene Peripherieger\u00e4te (Vakuumpumpe und K\u00fchler) betr\u00e4gt die zus\u00e4tzliche Garantie ein Jahr (2+1).<\/p>\n<p><b>Lieferumfang:<\/b><br \/>\nRV 8 FLEX<br \/>\nRV 10.1 Glassatz vertikal<br \/>\nVC 10 lite<br \/>\nRV 8.3 Stativstange<br \/>\nVACSTAR lite<br \/>\nRC 2 lite<br \/>\nRV 10.5005 Schlauchsatz<br \/>\nPC 1.3 Kabel<\/p>\n<p><b>Zubeh\u00f6r und Ersatzteile sind auf Anfrage erh\u00e4ltlich!<\/b><\/p>\n","protected":false},"excerpt":{"rendered":"<p><b>Zubeh\u00f6r- und Ersatzteile erhalten Sie gerne auf Anfrage!<\/b><\/p>\n","protected":false},"featured_media":22500,"template":"","meta":[],"product_brand":[357],"product_cat":[161,324],"product_tag":[],"class_list":{"0":"post-16587","1":"product","2":"type-product","3":"status-publish","4":"has-post-thumbnail","6":"product_brand-ika","7":"product_cat-rotationsverdampfer","8":"product_cat-ika","9":"product_shipping_class-standard","11":"first","12":"instock","13":"taxable","14":"shipping-taxable","15":"purchasable","16":"product-type-simple"},"tiered_pricing_type":"fixed","tiered_pricing_fixed_rules":[],"tiered_pricing_product_settings":{"layout":"default","base_unit_name":{"singular":null,"plural":null},"default_variation":null},"tiered_pricing_minimum_quantity":null,"tiered_pricing_roles_data":[],"tiered_pricing_percentage_rules":[],"_links":{"self":[{"href":"https:\/\/lt-laborhandel.de\/en\/wp-json\/wp\/v2\/product\/16587","targetHints":{"allow":["GET"]}}],"collection":[{"href":"https:\/\/lt-laborhandel.de\/en\/wp-json\/wp\/v2\/product"}],"about":[{"href":"https:\/\/lt-laborhandel.de\/en\/wp-json\/wp\/v2\/types\/product"}],"wp:featuredmedia":[{"embeddable":true,"href":"https:\/\/lt-laborhandel.de\/en\/wp-json\/wp\/v2\/media\/22500"}],"wp:attachment":[{"href":"https:\/\/lt-laborhandel.de\/en\/wp-json\/wp\/v2\/media?parent=16587"}],"wp:term":[{"taxonomy":"product_brand","embeddable":true,"href":"https:\/\/lt-laborhandel.de\/en\/wp-json\/wp\/v2\/product_brand?post=16587"},{"taxonomy":"product_cat","embeddable":true,"href":"https:\/\/lt-laborhandel.de\/en\/wp-json\/wp\/v2\/product_cat?post=16587"},{"taxonomy":"product_tag","embeddable":true,"href":"https:\/\/lt-laborhandel.de\/en\/wp-json\/wp\/v2\/product_tag?post=16587"}],"curies":[{"name":"wp","href":"https:\/\/api.w.org\/{rel}","templated":true}]}}