{"id":15615,"date":"2024-02-14T11:21:38","date_gmt":"2024-02-14T10:21:38","guid":{"rendered":"https:\/\/lt-laborhandel.de\/?post_type=product&#038;p=15615"},"modified":"2026-01-14T07:52:02","modified_gmt":"2026-01-14T06:52:02","slug":"ika-temperierkammer-inc-125-f-digital-0020117172-kopie","status":"publish","type":"product","link":"https:\/\/lt-laborhandel.de\/en\/produkt\/ika-temperierkammer-inc-125-f-digital-0020117172-kopie\/","title":{"rendered":"IKA Temperierkammer, INC 125 FS digital (SP25), 0020117230"},"content":{"rendered":"<p><b>Beschreibung<\/b><\/p>\n<p>INC 125 FS digital (SP25)<\/p>\n<p>INC 125 FS digital ist der erste Inkubationssch\u00fcttler mit einer patentierten herausnehmbaren Sch\u00fcttelplattform. Ohne die Sch\u00fcttelplattform kann das Ger\u00e4t wie ein normaler Inkubator verwendet werden. Die gro\u00dfe Innenkammer mit einem Volumen von 125 Litern bietet Platz f\u00fcr bis zu 6 Gitterb\u00f6den (ohne Sch\u00fcttelplattform).<\/p>\n<p>Dank der hohen Temperaturstabilit\u00e4t und einer gleichm\u00e4\u00dfigen Sch\u00fcttelbewegung zur Verbesserung des Sauerstoffeintrags in die Probe, ist der Inkubationssch\u00fcttler die perfekte L\u00f6sung f\u00fcr die Zellkultivierung und andere mikrobiologische Anwendungen.<\/p>\n<p><b>Patentierte herausnehmbare Sch\u00fcttelplattform<\/b><\/p>\n<p>\u2022 Hohe Sch\u00fcttelgeschwindigkeit bis 300 U\/min<\/p>\n<p>\u2022 Sch\u00fcttelhub: 25 mm (optional: 20 mm) f\u00fcr optimalen Sauerstoffeintrag<\/p>\n<p>\u2022 Die Sch\u00fcttelplattform kann f\u00fcr die komfortable und kippsicheres Beladung zur H\u00e4lfte herausgezogen werden, (Markierungslinie)<\/p>\n<p>\u2022 Das Gewinderaster auf der Plattform erm\u00f6glicht die Befestigung von Halteklammern oder der STICKMAX Haftmatte f\u00fcr verschiedene Gef\u00e4\u00dfarten und -gr\u00f6\u00dfen<\/p>\n<p>\u2022 Dank automatischer Erkennung der Sch\u00fcttelplattform kann die Temperatur im Dekontaminationsmodus automatisch angepasst werden (100 oder 120\u00b0C)<\/p>\n<p>\u2022 Beim \u00d6ffnen der T\u00fcr stoppt die Sch\u00fcttelfunktion automatisch<\/p>\n<p>\u2022 Sch\u00fcttel- und Temperierfunktion k\u00f6nnen unabh\u00e4ngig voneinander genutzt werden<\/p>\n<p><b>Leicht zu reinigen<\/b><\/p>\n<p>\u2022 Einfache Reinigung des Innenraums dank abgerundeter Ecken und glatten Oberfl\u00e4chen aus korrosionsbest\u00e4ndigem Material AISI 304<\/p>\n<p>\u2022 Die optionale Auffangschale sorgt f\u00fcr zus\u00e4tzliche Sicherheit bei \u00fcberlaufenden Fl\u00fcssigkeiten und kann zus\u00e4tzlich als Wasserreservoir zur Erh\u00f6hung der Luftfeuchtigkeit in der Kammer verwendet werden<\/p>\n<p>\u2022 Dekontaminationsmodus zur Desinfektion und Reduzierung von Kreuzkontamination (100\/120\u00b0C)<\/p>\n<p><b>Optimale Temperierung<\/b><\/p>\n<p>\u2022 Gro\u00dfer Temperaturbereich: RT +8\u00b0C bis 80 \u00b0C<\/p>\n<p>\u2022 Ausgezeichnetes Temperaturmanagement und optimierter Energieverbrauch dank sehr guter Isolierung der Innenkammer und dreifach verglaste T\u00fcr mit Fenster<\/p>\n<p>\u2022 Interne Luftumw\u00e4lzung beeinflussbar durch elektronisch einstellbare L\u00fcftergeschwindigkeit (0-100%)<\/p>\n<p><b>Einfache und intuitive Bedienung<\/b><\/p>\n<p>\u2022 Sehr gro\u00dfes LCD Display f\u00fcr leichte Ablesbarkeit<\/p>\n<p>\u2022 Gro\u00dfes Sichtfenster und zuschaltbare Innenraumbeleuchtung zur Beobachtung der Proben<\/p>\n<p>\u2022 F\u00fcr reproduzierbare Versuchsbedingungen sorgen die Funktionen Counter, Timer und temperaturgesteuerter Timer (timer auto)<\/p>\n<p><b>Vielseitiges Zubeh\u00f6r<\/b><\/p>\n<p>\u2022 Bis zu zwei Ger\u00e4te (Inkubationssch\u00fcttler oder Inkubator) stapelbar (mit entsprechendem Zubeh\u00f6r)<\/p>\n<p>\u2022 Unterschiedliche Einlegeb\u00f6den verf\u00fcgbar<\/p>\n<p>\u2022 Sch\u00fcttelplattform mit 20 oder 25 mm Sch\u00fcttelhub erh\u00e4ltlich<\/p>\n<p><b>Serviceleistungen<\/b><\/p>\n<p>\u2022 T\u00fcranschlag rechts, auf Wunsch wechselbar<\/p>\n<p>\u2022 Installation und Operation Qualification (IQ\/OQ) auf Anfrage erh\u00e4ltlich<\/p>\n<p><b>Lieferumfang<\/b><\/p>\n<p>INC 125 FS digital<\/p>\n<p>shaker platform SP25<\/p>\n<p>IO T 2.10 Wire grid tray, chrome plated<\/p>\n<p>Tilt protection (2 St.)<\/p>\n<p>USB A-B Kabel<\/p>\n<p>Calibration certificate at 37\u00b0C<\/p>\n<p><b>Technische Daten<\/b><\/p>\n<p>Heizleistung 750 W<\/p>\n<p>Arbeitstemperatur Raumtemp. +8 &#8211; 80 \u00b0C<\/p>\n<p>Einstell- und Anzeigeaufl\u00f6sung 0.1 K<\/p>\n<p>Temperaturkonstanz (37\u00b0C @22\u00b0C) \u00b10.1 K<\/p>\n<p>Temperaturhomogenit\u00e4t (37\u00b0C @22\u00b0C) \u00b10.2 K<\/p>\n<p>Aufheizdauer (37\u00b0C @22\u00b0C) 12 min<\/p>\n<p>Erholzeit (37\u00b0C @22\u00b0C) 2 min<\/p>\n<p>Temperaturanzeige ja<\/p>\n<p>Anzeige LCD<\/p>\n<p>Zeiteinstellung max. 100 d<\/p>\n<p>Anzahl der Gitterb\u00f6den max. 6<\/p>\n<p>Beladung pro Tablett max. 20 kg<\/p>\n<p>Arbeitsbereich Innenkammer (BxHxT) 550 x 550 x 415 mm<\/p>\n<p>Gesamt Volumen der Innenkammer 125 l<\/p>\n<p>Thermische Sicherheitseinrichtung nach DIN 12880 TB Klasse 1<\/p>\n<p>Sollwertbegrenzer mit Sicherheitsabschaltung ja<\/p>\n<p>T\u00fcr mit Sichtfenster ja<\/p>\n<p>Temperatursensor Regelung PT 100 4 wire<\/p>\n<p>Thermische Dekontaminierung (100\u00b0C) ja<\/p>\n<p>Sch\u00fcttelhub 25 mm<\/p>\n<p>Drehzahlbereich 10 &#8211; 300 rpm<\/p>\n<p>Zul\u00e4ssiges Sch\u00fcttelgewicht (inkl. Aufsatz) 7.5 kg<\/p>\n<p>Aufstellfl\u00e4che Abmessungen 340 x 480 mm<\/p>\n<p>Energieverbrauch bei 37\u00b0C 85 Wh\/h<\/p>\n<p>Abmessungen (B x H x T) 700 x 720 x 635 mm<\/p>\n<p>Gewicht 70 kg<\/p>\n<p>Zul\u00e4ssiger Umgebungstemperaturbereich 15 &#8211; 32 \u00b0C<\/p>\n<p>Zul\u00e4ssige Relative Feuchte 80 %<\/p>\n<p>Schutzart nach DIN EN 60529 IP 20<\/p>\n<p>USB Schnittstelle ja<\/p>\n<p>Spannung 200 &#8211; 240 V<\/p>\n<p>Frequenz 50\/60 Hz<\/p>\n<p>Ger\u00e4teaufnahmeleistung 850 W<\/p>\n<p>Ger\u00e4teaufnahmeleistung max. 850 W<\/p>\n<p>Ger\u00e4teaufnahmeleistung Standby 2 W<\/p>\n<p>Sicherung 2x T5.0A 250V<\/p>\n<p>Weitere Spannungsvarianten verf\u00fcgbar (200 &#8211; 240 V \/ 100 &#8211; 120 V)<\/p>\n<p><b>Zubeh\u00f6r und Ersatzteile auf Anfrage erh\u00e4ltlich<\/b><\/p>\n","protected":false},"excerpt":{"rendered":"<p>individuelle Preisgestaltung auf Anfrage m\u00f6glich<\/p>\n","protected":false},"featured_media":21948,"template":"","meta":[],"product_brand":[357],"product_cat":[324,210],"product_tag":[],"class_list":{"0":"post-15615","1":"product","2":"type-product","3":"status-publish","4":"has-post-thumbnail","6":"product_brand-ika","7":"product_cat-ika","8":"product_cat-waerme-und-trockenschraenke","9":"product_shipping_class-standard","11":"first","12":"instock","13":"taxable","14":"shipping-taxable","15":"purchasable","16":"product-type-simple"},"tiered_pricing_type":"fixed","tiered_pricing_fixed_rules":[],"tiered_pricing_product_settings":{"layout":"default","base_unit_name":{"singular":null,"plural":null},"default_variation":null},"tiered_pricing_minimum_quantity":null,"tiered_pricing_roles_data":[],"tiered_pricing_percentage_rules":[],"_links":{"self":[{"href":"https:\/\/lt-laborhandel.de\/en\/wp-json\/wp\/v2\/product\/15615","targetHints":{"allow":["GET"]}}],"collection":[{"href":"https:\/\/lt-laborhandel.de\/en\/wp-json\/wp\/v2\/product"}],"about":[{"href":"https:\/\/lt-laborhandel.de\/en\/wp-json\/wp\/v2\/types\/product"}],"wp:featuredmedia":[{"embeddable":true,"href":"https:\/\/lt-laborhandel.de\/en\/wp-json\/wp\/v2\/media\/21948"}],"wp:attachment":[{"href":"https:\/\/lt-laborhandel.de\/en\/wp-json\/wp\/v2\/media?parent=15615"}],"wp:term":[{"taxonomy":"product_brand","embeddable":true,"href":"https:\/\/lt-laborhandel.de\/en\/wp-json\/wp\/v2\/product_brand?post=15615"},{"taxonomy":"product_cat","embeddable":true,"href":"https:\/\/lt-laborhandel.de\/en\/wp-json\/wp\/v2\/product_cat?post=15615"},{"taxonomy":"product_tag","embeddable":true,"href":"https:\/\/lt-laborhandel.de\/en\/wp-json\/wp\/v2\/product_tag?post=15615"}],"curies":[{"name":"wp","href":"https:\/\/api.w.org\/{rel}","templated":true}]}}