{"id":15605,"date":"2024-02-12T15:04:41","date_gmt":"2024-02-12T14:04:41","guid":{"rendered":"https:\/\/lt-laborhandel.de\/?post_type=product&#038;p=15605"},"modified":"2026-01-14T07:52:02","modified_gmt":"2026-01-14T06:52:02","slug":"ika-temperierkammer-inc-125-f-digital","status":"publish","type":"product","link":"https:\/\/lt-laborhandel.de\/en\/produkt\/ika-temperierkammer-inc-125-f-digital\/","title":{"rendered":"IKA Temperierkammer INC 125 F digital, #0020117172"},"content":{"rendered":"<p><b>Beschreibung<\/b><\/p>\n<p>INC 125 F digital<\/p>\n<p>Der Umluftinkubator INC 125 F digital eignet sich dank seiner pr\u00e4zisen Temperaturkontrolle ideal f\u00fcr mikrobiologische Anwendungen bis 100 \u00b0C. Durch die Zuf\u00fchrung von vorgew\u00e4rmter Luft in die Temperierkammer wird eine schnelle, stabile und gleichm\u00e4\u00dfige Temperierung gew\u00e4hrleistet. Mit einem Fassungsverm\u00f6gen von 125 Litern bietet INC 125 F digital das gr\u00f6\u00dfte Volumen seiner Klasse. Bis zu sechs Gitterb\u00f6den finden gleichzeitig Platz im gro\u00dfz\u00fcgigen Innenraum.<\/p>\n<p><b>Leicht zu reinigen<\/b><\/p>\n<p>\u2022 Dekontaminationsmodus (120\u00b0C) zur Desinfektion und Reduzierung von Kreuzkontamination<\/p>\n<p>\u2022 Einfache Reinigung des Innenraums dank abgerundeter Ecken und glatten Oberfl\u00e4chen aus korrosionsbest\u00e4ndigem Material AISI 304<\/p>\n<p><b>Optimale Temperierung<\/b><\/p>\n<p>\u2022 Gro\u00dfer Temperaturbereich: RT +8\u00b0C bis 100 \u00b0C<\/p>\n<p>\u2022 Hervorragende Temperaturkonstanz und -homogenit\u00e4t von +\/- 0,3 K<\/p>\n<p>\u2022 Interne Luftumw\u00e4lzung beeinflussbar durch elektronisch einstellbare L\u00fcftergeschwindigkeit (0-100%) und L\u00fcftungsklappe (0-100%)<\/p>\n<p>\u2022 Ausgezeichnetes Temperaturmanagement und optimierter Energieverbrauch dank sehr guter Isolierung der Innenkammer<\/p>\n<p>\u2022 Zus\u00e4tzliche Innenglast\u00fcr zur Beobachtung der Proben ohne Temperaturverlust<\/p>\n<p><b>Einfache und intuitive Bedienung<\/b><\/p>\n<p>\u2022 Sehr gro\u00dfes LCD Display f\u00fcr leichte Ablesbarkeit<\/p>\n<p>\u2022 F\u00fcr reproduzierbare Versuchsbedingungen sorgen die Funktionen Counter, Timer und temperaturgesteuerter Timer<\/p>\n<p><b>Vielseitiges Zubeh\u00f6r<\/b><\/p>\n<p>\u2022 Bis zu zwei Ger\u00e4te (Inkubationssch\u00fcttler oder Inkubator) stapelbar (mit entsprechendem Zubeh\u00f6r)<\/p>\n<p>\u2022 Abschlie\u00dfbare T\u00fcr (optionales Zubeh\u00f6r)<\/p>\n<p>\u2022 Unterschiedliche Einlegeb\u00f6den verf\u00fcgbar<\/p>\n<p><b>Serviceleistungen<\/b><\/p>\n<p>\u2022 T\u00fcranschlag rechts, auf Wunsch wechselbar<\/p>\n<p>\u2022 Installation und Operation Qualification (IQ\/OQ) auf Anfrage erh\u00e4ltlich<\/p>\n<p><b>Lieferumfang<\/b><\/p>\n<p>INC 125 F digital<\/p>\n<p>IO T 2.10 Wire grid tray, chrome plated (2 St.)<\/p>\n<p>Tilt protection (2 St.)<\/p>\n<p>USB A-B Kabel<\/p>\n<p>Calibration certificate at 37\u00b0C<\/p>\n<p><b>Technische Daten<\/b><\/p>\n<p>Heizleistung 750 W<\/p>\n<p>Arbeitstemperatur Raumtemp. +8 &#8211; 100 \u00b0C<\/p>\n<p>Einstell- und Anzeigeaufl\u00f6sung 0.1 K<\/p>\n<p>Temperaturkonstanz (37\u00b0C @22\u00b0C) \u00b10.3 K<\/p>\n<p>Temperaturhomogenit\u00e4t (37\u00b0C @22\u00b0C) \u00b10.3 K<\/p>\n<p>Aufheizdauer (37\u00b0C @22\u00b0C) 8 min<\/p>\n<p>Erholzeit (37\u00b0C @22\u00b0C) 3 min<\/p>\n<p>Temperaturanzeige ja<\/p>\n<p>Anzeige LCD<\/p>\n<p>Zeitschaltuhr ja<\/p>\n<p>Anzeige Zeitschaltuhr LCD<\/p>\n<p>Zeiteinstellung max. 100 d<\/p>\n<p>Anzahl der Gitterb\u00f6den max. 6<\/p>\n<p>Beladung pro Tablett max. 20 kg<\/p>\n<p>Arbeitsbereich Innenkammer (BxHxT) 550 x 550 x 415 mm<\/p>\n<p>Gesamt Volumen der Innenkammer 125 l<\/p>\n<p>Luftaustritts\u00f6ffnung Innendurchmesser 48 mm<\/p>\n<p>Thermische Sicherheitseinrichtung nach DIN 12880 TB Klasse 1<\/p>\n<p>Sollwertbegrenzer mit Sicherheitsabschaltung ja<\/p>\n<p>Glast\u00fcr innen ja<\/p>\n<p>Temperatursensor Regelung PT 100 4 wire<\/p>\n<p>Thermische Dekontaminierung (120\u00b0C) ja<\/p>\n<p>Energieverbrauch bei 37\u00b0C 75 Wh\/h<\/p>\n<p>Abmessungen (B x H x T) 700 x 720 x 635 mm<\/p>\n<p>Gewicht 60 kg<\/p>\n<p>Zul\u00e4ssiger Umgebungstemperaturbereich 15 &#8211; 32 \u00b0C<\/p>\n<p>Zul\u00e4ssige Relative Feuchte 80 %<\/p>\n<p>Schutzart nach DIN EN 60529 IP 20<\/p>\n<p>USB Schnittstelle ja<\/p>\n<p>Spannung 220 &#8211; 240 V<\/p>\n<p>Frequenz 50\/60 Hz<\/p>\n<p>Ger\u00e4teaufnahmeleistung 800 W<\/p>\n<p>Ger\u00e4teaufnahmeleistung max. 800 W<\/p>\n<p>Ger\u00e4teaufnahmeleistung Standby 2 W<\/p>\n<p>Sicherung 2x T5.0A 250V<\/p>\n<p>Weitere Spannungsvarianten verf\u00fcgbar (220 &#8211; 240 V \/ 100 &#8211; 120 V)<\/p>\n<p><b>Zubeh\u00f6r und Ersatzteile auf Anfrage erh\u00e4ltlich<\/b><\/p>\n","protected":false},"excerpt":{"rendered":"<p>individuelle Preisgestaltung auf Anfrage m\u00f6glich<\/p>\n","protected":false},"featured_media":15612,"template":"","meta":[],"product_brand":[357],"product_cat":[324,210],"product_tag":[],"class_list":{"0":"post-15605","1":"product","2":"type-product","3":"status-publish","4":"has-post-thumbnail","6":"product_brand-ika","7":"product_cat-ika","8":"product_cat-waerme-und-trockenschraenke","9":"product_shipping_class-standard","11":"first","12":"instock","13":"taxable","14":"shipping-taxable","15":"purchasable","16":"product-type-simple"},"tiered_pricing_type":"fixed","tiered_pricing_fixed_rules":[],"tiered_pricing_product_settings":{"layout":"default","base_unit_name":{"singular":null,"plural":null},"default_variation":null},"tiered_pricing_minimum_quantity":null,"tiered_pricing_roles_data":[],"tiered_pricing_percentage_rules":[],"_links":{"self":[{"href":"https:\/\/lt-laborhandel.de\/en\/wp-json\/wp\/v2\/product\/15605","targetHints":{"allow":["GET"]}}],"collection":[{"href":"https:\/\/lt-laborhandel.de\/en\/wp-json\/wp\/v2\/product"}],"about":[{"href":"https:\/\/lt-laborhandel.de\/en\/wp-json\/wp\/v2\/types\/product"}],"wp:featuredmedia":[{"embeddable":true,"href":"https:\/\/lt-laborhandel.de\/en\/wp-json\/wp\/v2\/media\/15612"}],"wp:attachment":[{"href":"https:\/\/lt-laborhandel.de\/en\/wp-json\/wp\/v2\/media?parent=15605"}],"wp:term":[{"taxonomy":"product_brand","embeddable":true,"href":"https:\/\/lt-laborhandel.de\/en\/wp-json\/wp\/v2\/product_brand?post=15605"},{"taxonomy":"product_cat","embeddable":true,"href":"https:\/\/lt-laborhandel.de\/en\/wp-json\/wp\/v2\/product_cat?post=15605"},{"taxonomy":"product_tag","embeddable":true,"href":"https:\/\/lt-laborhandel.de\/en\/wp-json\/wp\/v2\/product_tag?post=15605"}],"curies":[{"name":"wp","href":"https:\/\/api.w.org\/{rel}","templated":true}]}}