{"id":15543,"date":"2024-01-31T15:37:59","date_gmt":"2024-01-31T14:37:59","guid":{"rendered":"https:\/\/lt-laborhandel.de\/?post_type=product&#038;p=15543"},"modified":"2026-02-11T08:58:52","modified_gmt":"2026-02-11T07:58:52","slug":"kern-praezisionswaage-pnj-600-3m","status":"publish","type":"product","link":"https:\/\/lt-laborhandel.de\/en\/produkt\/kern-praezisionswaage-pnj-600-3m\/","title":{"rendered":"KERN Pr\u00e4zisionswaage PNJ 600-3M"},"content":{"rendered":"<p>Pr\u00e4zisionswaage PNJ 600-3M<\/p>\n<p>Produktfamilie: PNJ<\/p>\n<p>Der neue Standard im Labor mit dem robusten Stimmgabel-Wiegesystem<\/p>\n<p>Beschreibung<\/p>\n<p>Interne Justierautomatik, garantiert hohe Genauigkeit und macht standortunabh\u00e4ngig Ideal f\u00fcr eichpflichtige Anwendungen<\/p>\n<p>Hochwertiges Stimmgabel-Wiegesystem f\u00fcr schnelle Anzeige des W\u00e4gewerts, punktgenaues Dosieren und hohe mechanische Robustheit<\/p>\n<p>Kapazit\u00e4tsanzeige: Eine ansteigende Bargraph-Anzeige zeigt den noch verf\u00fcgbaren W\u00e4gebereich an<\/p>\n<p>Genaues Z\u00e4hlen: Die automatische Referenzoptimierung verbessert stufenweise den Durchschnittswert des Teilegewichts<\/p>\n<p>Kompakte Abmessungen, vorteilhaft bei eingeschr\u00e4nkten Platzverh\u00e4ltnissen<\/p>\n<p>Gro\u00dfe, sto\u00dffeste W\u00e4geplatte aus Edelstahl<\/p>\n<p>Gro\u00dfer Glaswindschutz mit 3 Schiebet\u00fcren f\u00fcr komfortablen Zugang zum W\u00e4gegut serienm\u00e4\u00dfig, W\u00e4geraum B\u00d7T\u00d7H 172\u00d7171\u00d7160 mm<\/p>\n<p>Arbeitsschutzhaube im Lieferumfang enthalten<\/p>\n<p>Technische Daten<\/p>\n<p>W\u00e4gebereich [Max]\t620 g<\/p>\n<p>Ablesbarkeit [d]\t0,001 g<\/p>\n<p>Eichwert [e]\t0,01 g<\/p>\n<p>Einheiten\tg, gn, dwt, tl (Tw), tl (HK), ozt, tl (Singap, Malays), ct, mo, lb, oz, tol<\/p>\n<p>Konformit\u00e4tsbewertung ab Werk m\u00f6glich\t<\/p>\n<p>Mindestgewicht [Min]\t0,02 g<\/p>\n<p>Linearit\u00e4t\t\u00b1 0,004 g<\/p>\n<p>Reproduzierbarkeit\t0,001 g<\/p>\n<p>Einschwingzeit\t3 s<\/p>\n<p>USP Mindesteinwaage (k = 2, U = 0.1%)\t2 g<\/p>\n<p>Schnittstellen\tRS-232 serienm\u00e4\u00dfig<\/p>\n<p>Justierm\u00f6glichkeiten\tJustierung mit internem Gewicht (automatisch)<\/p>\n<p>Umgebungstemperaturbereich\t5 \u00b0C \u2013 40 \u00b0C<\/p>\n<p>Abmessungen W\u00e4gefl\u00e4che (\u00d8)\t140 mm<\/p>\n<p>Material Windschutz\tGlas<\/p>\n<p>Material Geh\u00e4use\tKunststoff<\/p>\n<p>Abmessungen Geh\u00e4use (B\u00d7T\u00d7H)\t196\u00d7293\u00d7266 mm<\/p>\n<p>Material W\u00e4geplatte\tEdelstahl<\/p>\n<p>Nettogewicht ca.\t4,2 kg<\/p>\n<p>Bauart der Waage\tEinbereichswaage<\/p>\n<p>GTIN\/EAN-Nummer\t4045761179882<\/p>\n","protected":false},"excerpt":{"rendered":"<p><b>Zubeh\u00f6r- und Ersatzteile erhalten Sie gerne auf Anfrage!<\/b><\/p>\n","protected":false},"featured_media":15544,"template":"","meta":[],"product_brand":[],"product_cat":[330,103],"product_tag":[],"class_list":{"0":"post-15543","1":"product","2":"type-product","3":"status-publish","4":"has-post-thumbnail","6":"product_cat-kern","7":"product_cat-waagen","8":"product_shipping_class-standard","10":"first","11":"instock","12":"taxable","13":"shipping-taxable","14":"purchasable","15":"product-type-simple"},"tiered_pricing_type":"fixed","tiered_pricing_fixed_rules":[],"tiered_pricing_product_settings":{"layout":"default","base_unit_name":{"singular":null,"plural":null},"default_variation":null},"tiered_pricing_minimum_quantity":null,"tiered_pricing_roles_data":[],"tiered_pricing_percentage_rules":[],"_links":{"self":[{"href":"https:\/\/lt-laborhandel.de\/en\/wp-json\/wp\/v2\/product\/15543","targetHints":{"allow":["GET"]}}],"collection":[{"href":"https:\/\/lt-laborhandel.de\/en\/wp-json\/wp\/v2\/product"}],"about":[{"href":"https:\/\/lt-laborhandel.de\/en\/wp-json\/wp\/v2\/types\/product"}],"wp:featuredmedia":[{"embeddable":true,"href":"https:\/\/lt-laborhandel.de\/en\/wp-json\/wp\/v2\/media\/15544"}],"wp:attachment":[{"href":"https:\/\/lt-laborhandel.de\/en\/wp-json\/wp\/v2\/media?parent=15543"}],"wp:term":[{"taxonomy":"product_brand","embeddable":true,"href":"https:\/\/lt-laborhandel.de\/en\/wp-json\/wp\/v2\/product_brand?post=15543"},{"taxonomy":"product_cat","embeddable":true,"href":"https:\/\/lt-laborhandel.de\/en\/wp-json\/wp\/v2\/product_cat?post=15543"},{"taxonomy":"product_tag","embeddable":true,"href":"https:\/\/lt-laborhandel.de\/en\/wp-json\/wp\/v2\/product_tag?post=15543"}],"curies":[{"name":"wp","href":"https:\/\/api.w.org\/{rel}","templated":true}]}}