{"id":15540,"date":"2024-01-31T15:32:52","date_gmt":"2024-01-31T14:32:52","guid":{"rendered":"https:\/\/lt-laborhandel.de\/?post_type=product&#038;p=15540"},"modified":"2026-01-30T21:00:10","modified_gmt":"2026-01-30T20:00:10","slug":"kern-analysenwaage-adb-200-4","status":"publish","type":"product","link":"https:\/\/lt-laborhandel.de\/en\/produkt\/kern-analysenwaage-adb-200-4\/","title":{"rendered":"KERN Analysenwaage ADB 200-4"},"content":{"rendered":"<p>Analysenwaage ADB 200-4<\/p>\n<p>Produktfamilie: ADB<\/p>\n<p>Der Preisf\u00fchrer unter den Analysenwaagen<\/p>\n<p>Beschreibung<\/p>\n<p>Justierprogramm CAL zum Einstellen der Genauigkeit, externe Pr\u00fcfgewichte gegen Mehrpreis, siehe Pr\u00fcfgewichte<\/p>\n<p>Libelle und Fu\u00dfschrauben zum exakten Nivellieren der Waage serienm\u00e4\u00dfig, dadurch genaueste W\u00e4geergebnisse<\/p>\n<p>Gro\u00dfer Glaswindschutz mit 3 Schiebet\u00fcren f\u00fcr komfortablen Zugang zum W\u00e4gegut serienm\u00e4\u00dfig<\/p>\n<p>Einfache und komfortable 6-Tasten-Bedienung<\/p>\n<p>Technische Daten<\/p>\n<p>W\u00e4gebereich [Max] 220 g<\/p>\n<p>Ablesbarkeit [d] 0,0001 g<\/p>\n<p>Einheiten g, ct, lb, oz<\/p>\n<p>Linearit\u00e4t \u00b1 0,0004 g<\/p>\n<p>Reproduzierbarkeit 0,0002 g<\/p>\n<p>Einschwingzeit 3 s<\/p>\n<p>USP Mindesteinwaage (k = 2, U = 0.1%) 400 mg<\/p>\n<p>Schnittstellen RS-232 serienm\u00e4\u00dfig<\/p>\n<p>Justierm\u00f6glichkeiten Justierung mit externem Gewicht<\/p>\n<p>Empfohlenes Justiergewicht 200 g (E2)<\/p>\n<p>Umgebungstemperaturbereich 10 \u00b0C \u2013 30 \u00b0C<\/p>\n<p>Abmessungen W\u00e4gefl\u00e4che (\u00d8) 90 mm<\/p>\n<p>Material Windschutz Glas<\/p>\n<p>Material Geh\u00e4use Kunststoff<\/p>\n<p>Abmessungen Geh\u00e4use (B\u00d7T\u00d7H) 230\u00d7310\u00d7330 mm<\/p>\n<p>Material W\u00e4geplatte Edelstahl<\/p>\n<p>Nettogewicht ca. 4,4 kg<\/p>\n<p>Bauart der Waage Einbereichswaage<\/p>\n<p>GTIN\/EAN-Nummer 4045761252523<\/p>\n","protected":false},"excerpt":{"rendered":"<p><b>Zubeh\u00f6r- und Ersatzteile erhalten Sie gerne auf Anfrage!<\/b><\/p>\n","protected":false},"featured_media":15541,"template":"","meta":[],"product_brand":[],"product_cat":[330,103],"product_tag":[],"class_list":{"0":"post-15540","1":"product","2":"type-product","3":"status-publish","4":"has-post-thumbnail","6":"product_cat-kern","7":"product_cat-waagen","8":"product_shipping_class-standard","10":"first","11":"instock","12":"taxable","13":"shipping-taxable","14":"purchasable","15":"product-type-simple"},"tiered_pricing_type":"fixed","tiered_pricing_fixed_rules":[],"tiered_pricing_product_settings":{"layout":"default","base_unit_name":{"singular":null,"plural":null},"default_variation":null},"tiered_pricing_minimum_quantity":null,"tiered_pricing_roles_data":[],"tiered_pricing_percentage_rules":[],"_links":{"self":[{"href":"https:\/\/lt-laborhandel.de\/en\/wp-json\/wp\/v2\/product\/15540","targetHints":{"allow":["GET"]}}],"collection":[{"href":"https:\/\/lt-laborhandel.de\/en\/wp-json\/wp\/v2\/product"}],"about":[{"href":"https:\/\/lt-laborhandel.de\/en\/wp-json\/wp\/v2\/types\/product"}],"wp:featuredmedia":[{"embeddable":true,"href":"https:\/\/lt-laborhandel.de\/en\/wp-json\/wp\/v2\/media\/15541"}],"wp:attachment":[{"href":"https:\/\/lt-laborhandel.de\/en\/wp-json\/wp\/v2\/media?parent=15540"}],"wp:term":[{"taxonomy":"product_brand","embeddable":true,"href":"https:\/\/lt-laborhandel.de\/en\/wp-json\/wp\/v2\/product_brand?post=15540"},{"taxonomy":"product_cat","embeddable":true,"href":"https:\/\/lt-laborhandel.de\/en\/wp-json\/wp\/v2\/product_cat?post=15540"},{"taxonomy":"product_tag","embeddable":true,"href":"https:\/\/lt-laborhandel.de\/en\/wp-json\/wp\/v2\/product_tag?post=15540"}],"curies":[{"name":"wp","href":"https:\/\/api.w.org\/{rel}","templated":true}]}}