{"id":15535,"date":"2024-01-30T16:36:55","date_gmt":"2024-01-30T15:36:55","guid":{"rendered":"https:\/\/lt-laborhandel.de\/?post_type=product&#038;p=15535"},"modified":"2026-03-20T10:26:50","modified_gmt":"2026-03-20T09:26:50","slug":"kern-ip-geschuetzte-tischwaage-ffn-6k1ipn","status":"publish","type":"product","link":"https:\/\/lt-laborhandel.de\/en\/produkt\/kern-ip-geschuetzte-tischwaage-ffn-6k1ipn\/","title":{"rendered":"KERN IP-gesch\u00fctzte Tischwaage FFN 6K1IPN"},"content":{"rendered":"<p>IP-gesch\u00fctzte Tischwaage FFN 6K1IPN<\/p>\n<p>Produktfamilie: FFN<\/p>\n<p>Allround-Tischwaage gesch\u00fctzt durch Edelstahl und Schutzklasse IP65<\/p>\n<p>Beschreibung<\/p>\n<p>Geeignet f\u00fcr die erh\u00f6hten hygienischen Anforderungen in der Lebensmittelindustrie, pharmazeutischen Industrie und chemischen Industrie<\/p>\n<p>Unterst\u00fctzt Sie in Ihrem HACCP-konformen Qualit\u00e4tssystem<\/p>\n<p>Geeignet f\u00fcr den rauen Industrieeinsatz<\/p>\n<p>Staub- und Spritzwasserschutz IP65 (nur im Akkubetrieb)<\/p>\n<p>Hohe Mobilit\u00e4t: Dank Akkubetrieb und kompakter, leichter Bauweise geeignet zum Einsatz an mehreren Standorten (K\u00fcche, Verkaufsraum, Kantine, Lebensmittel-Labor etc.)<\/p>\n<p>Edelstahlausf\u00fchrung von Geh\u00e4use und W\u00e4geplatte, dadurch rostfrei und dank glatter Fl\u00e4chen einfach zu reinigen<\/p>\n<p>Griffmulden an der Unterseite zum bequemen Transport der Waage<\/p>\n<p>Technische Daten<\/p>\n<p>W\u00e4gebereich [Max]\t6 kg<\/p>\n<p>Ablesbarkeit [d]\t0,001 kg<\/p>\n<p>Einheiten\tkg, lb<\/p>\n<p>Abmessungen W\u00e4gefl\u00e4che (B\u00d7T)\t233\u00d7193 mm<\/p>\n<p>Reproduzierbarkeit\t0,001 kg<\/p>\n<p>Linearit\u00e4t\t\u00b1 0,001 kg<\/p>\n<p>Umgebungstemperaturbereich\t-10 \u00b0C \u2013 40 \u00b0C<\/p>\n<p>Display-Art\tLCD<\/p>\n<p>Display Ziffernh\u00f6he\t25 mm<\/p>\n<p>Material W\u00e4geplatte\tEdelstahl<\/p>\n<p>Material Geh\u00e4use\tEdelstahl, Kunststoff<\/p>\n<p>Nettogewicht ca.\t4,0 kg<\/p>\n<p>IP-Schutz &#8211; Komplettger\u00e4t\tIP65<\/p>\n<p>Bauart der Waage\tEinbereichswaage<\/p>\n<p>GTIN\/EAN-Nummer\t4045761134072<\/p>\n","protected":false},"excerpt":{"rendered":"<p><b>Zubeh\u00f6r- und Ersatzteile erhalten Sie gerne auf Anfrage!<\/b><\/p>\n","protected":false},"featured_media":15536,"template":"","meta":[],"product_brand":[],"product_cat":[330,103],"product_tag":[],"class_list":{"0":"post-15535","1":"product","2":"type-product","3":"status-publish","4":"has-post-thumbnail","6":"product_cat-kern","7":"product_cat-waagen","8":"product_shipping_class-standard","10":"first","11":"instock","12":"taxable","13":"shipping-taxable","14":"purchasable","15":"product-type-simple"},"tiered_pricing_type":"fixed","tiered_pricing_fixed_rules":[],"tiered_pricing_product_settings":{"layout":"default","base_unit_name":{"singular":null,"plural":null},"default_variation":null},"tiered_pricing_minimum_quantity":null,"tiered_pricing_roles_data":[],"tiered_pricing_percentage_rules":[],"_links":{"self":[{"href":"https:\/\/lt-laborhandel.de\/en\/wp-json\/wp\/v2\/product\/15535","targetHints":{"allow":["GET"]}}],"collection":[{"href":"https:\/\/lt-laborhandel.de\/en\/wp-json\/wp\/v2\/product"}],"about":[{"href":"https:\/\/lt-laborhandel.de\/en\/wp-json\/wp\/v2\/types\/product"}],"wp:featuredmedia":[{"embeddable":true,"href":"https:\/\/lt-laborhandel.de\/en\/wp-json\/wp\/v2\/media\/15536"}],"wp:attachment":[{"href":"https:\/\/lt-laborhandel.de\/en\/wp-json\/wp\/v2\/media?parent=15535"}],"wp:term":[{"taxonomy":"product_brand","embeddable":true,"href":"https:\/\/lt-laborhandel.de\/en\/wp-json\/wp\/v2\/product_brand?post=15535"},{"taxonomy":"product_cat","embeddable":true,"href":"https:\/\/lt-laborhandel.de\/en\/wp-json\/wp\/v2\/product_cat?post=15535"},{"taxonomy":"product_tag","embeddable":true,"href":"https:\/\/lt-laborhandel.de\/en\/wp-json\/wp\/v2\/product_tag?post=15535"}],"curies":[{"name":"wp","href":"https:\/\/api.w.org\/{rel}","templated":true}]}}