{"id":15505,"date":"2024-01-30T14:37:07","date_gmt":"2024-01-30T13:37:07","guid":{"rendered":"https:\/\/lt-laborhandel.de\/?post_type=product&#038;p=15505"},"modified":"2026-01-30T21:00:10","modified_gmt":"2026-01-30T20:00:10","slug":"kern-stereo-zoom-mikroskop-ozl-456","status":"publish","type":"product","link":"https:\/\/lt-laborhandel.de\/en\/produkt\/kern-stereo-zoom-mikroskop-ozl-456\/","title":{"rendered":"KERN Stereo-Zoom-Mikroskop OZL 456"},"content":{"rendered":"<p>Stereo-Zoom-Mikroskop OZL 456<\/p>\n<p>Produktfamilie: OZL-45R<\/p>\n<p>Das praktische und flexible Stereo-Zoom-Mikroskop mit integrierter LED-Ringbeleuchtung und gro\u00dfem Zoom-Bereich<\/p>\n<p>Beschreibung<\/p>\n<p>Die KERN OZL-45R Stereo-Zoom-Mikroskop-Serie \u00fcberzeugt durch ihre sehr guten optischen Eigenschaften, einfache Bedienung und ihre integrierte LED-Ringbeleuchtung<\/p>\n<p>Ein Highlight des KERN OZL 456 ist die starke und stufenlos dimmbare integrierte LED-Ringbeleuchtung im Objektivgeh\u00e4use, die f\u00fcr eine gleichm\u00e4\u00dfige und schattenfreie Ausleuchtung sorgt. Zus\u00e4tzlich ist eine LED-Durchlichteinheit enthalten<\/p>\n<p>Durch die eingebaute Qualit\u00e4tsoptik und die leistungsstarke, integrierte LED-Beleuchtung ist dieses Modell ein besonders Allroundtalent f\u00fcr alle Einsatzgebiete<\/p>\n<p>Als Standard bietet Ihnen dieses Mikroskop eine stufenlose Gesamtvergr\u00f6\u00dferung von 7,5 x-50 x<\/p>\n<p>Die KERN OZL-45R-Serie ist als binokulare Version serienm\u00e4\u00dfig mit 10\u00d7-Okularen mit einem Sehfeld von 23 mm Durchmesser ausgestattet<\/p>\n<p>Der mechanische St\u00e4nder bietet Ihnen viel Arbeitsplatz sowie eine genaue Einstellmechanik<\/p>\n<p>Eine gro\u00dfe Auswahl an Okularen sowie Vorsatzobjektiven steht Ihnen als Zubeh\u00f6r zur Verf\u00fcgung<\/p>\n<p>Eine Staubschutzhaube, Augenmuscheln sowie eine mehrsprachige Betriebsanleitung befinden sich im Lieferumfang<\/p>\n<p>Technische Daten<\/p>\n<p>Optisches System\tGreenough<\/p>\n<p>Tubus Art\tBinokular<\/p>\n<p>Okular Vergr\u00f6\u00dferung\t10 x<\/p>\n<p>Okular Sehfeld\t23 mm<\/p>\n<p>Vergr\u00f6\u00dferungsverh\u00e4ltnis\t6,7:1<\/p>\n<p>Zoom [Min]\t0,75 x<\/p>\n<p>Zoom [Max]\t5 x<\/p>\n<p>Beleuchtungsrichtung\tAuflicht, Durchlicht<\/p>\n<p>Beleuchtungsart Durchlicht\tLED<\/p>\n<p>Beleuchtungsart Auflicht\tLED<\/p>\n<p>Beleuchtungsst\u00e4rke Auflicht\t1W<\/p>\n<p>Fokussierungsmechanik\tGrobtrieb<\/p>\n<p>Arbeitsabstand\t113 mm<\/p>\n<p>Probenh\u00f6he [Max]\t45 mm<\/p>\n<p>St\u00e4nder-Bauweise\tMechanisch<\/p>\n<p>Abmessungen (B\u00d7T\u00d7H)\t320\u00d7275\u00d7420 mm<\/p>\n<p>GTIN\/EAN-Nummer\t4045761170414<\/p>\n","protected":false},"excerpt":{"rendered":"<p><b>Zubeh\u00f6r- und Ersatzteile erhalten Sie gerne auf Anfrage!<\/b><\/p>\n","protected":false},"featured_media":15526,"template":"","meta":[],"product_brand":[],"product_cat":[330,165],"product_tag":[],"class_list":{"0":"post-15505","1":"product","2":"type-product","3":"status-publish","4":"has-post-thumbnail","6":"product_cat-kern","7":"product_cat-mikroskope","8":"product_shipping_class-standard","10":"first","11":"instock","12":"taxable","13":"shipping-taxable","14":"purchasable","15":"product-type-simple"},"tiered_pricing_type":"fixed","tiered_pricing_fixed_rules":[],"tiered_pricing_product_settings":{"layout":"default","base_unit_name":{"singular":null,"plural":null},"default_variation":null},"tiered_pricing_minimum_quantity":null,"tiered_pricing_roles_data":[],"tiered_pricing_percentage_rules":[],"_links":{"self":[{"href":"https:\/\/lt-laborhandel.de\/en\/wp-json\/wp\/v2\/product\/15505","targetHints":{"allow":["GET"]}}],"collection":[{"href":"https:\/\/lt-laborhandel.de\/en\/wp-json\/wp\/v2\/product"}],"about":[{"href":"https:\/\/lt-laborhandel.de\/en\/wp-json\/wp\/v2\/types\/product"}],"wp:featuredmedia":[{"embeddable":true,"href":"https:\/\/lt-laborhandel.de\/en\/wp-json\/wp\/v2\/media\/15526"}],"wp:attachment":[{"href":"https:\/\/lt-laborhandel.de\/en\/wp-json\/wp\/v2\/media?parent=15505"}],"wp:term":[{"taxonomy":"product_brand","embeddable":true,"href":"https:\/\/lt-laborhandel.de\/en\/wp-json\/wp\/v2\/product_brand?post=15505"},{"taxonomy":"product_cat","embeddable":true,"href":"https:\/\/lt-laborhandel.de\/en\/wp-json\/wp\/v2\/product_cat?post=15505"},{"taxonomy":"product_tag","embeddable":true,"href":"https:\/\/lt-laborhandel.de\/en\/wp-json\/wp\/v2\/product_tag?post=15505"}],"curies":[{"name":"wp","href":"https:\/\/api.w.org\/{rel}","templated":true}]}}