{"id":15502,"date":"2024-01-30T14:36:57","date_gmt":"2024-01-30T13:36:57","guid":{"rendered":"https:\/\/lt-laborhandel.de\/?post_type=product&#038;p=15502"},"modified":"2026-01-30T21:00:09","modified_gmt":"2026-01-30T20:00:09","slug":"kern-stereomikroskop-set-ozl-963","status":"publish","type":"product","link":"https:\/\/lt-laborhandel.de\/en\/produkt\/kern-stereomikroskop-set-ozl-963\/","title":{"rendered":"KERN Stereomikroskop-Set OZL 963"},"content":{"rendered":"<p>Stereomikroskop-Set OZL 963<\/p>\n<p>Produktfamilie: OZL-9<\/p>\n<p>Vordefiniertes Stereomikroskop-Set mit einfachem Teleskoparm und 4,5 W LED-Ringbeleuchtung f\u00fcr mehr Flexibilit\u00e4t an Ihrem Arbeitsplatz<\/p>\n<p>Beschreibung<\/p>\n<p>Bereits vordefinierte Sets, bestehend aus einem Stereomikroskopkopf, einem Universalst\u00e4nder, einem Halter, einer Ringbeleuchtung und einer Staubschutzhaube aus unserem Sortiment<\/p>\n<p>Einfach \u2013 praktisch \u2013 g\u00fcnstig<\/p>\n<p>Das erspart Ihnen die zeitraubende Konfiguration und die Qual der Wahl der Kombination der verschiedenen Komponenten. So erhalten Sie eine preiswerte und hochflexible L\u00f6sung f\u00fcr Ihren Mikroskoparbeitsplatz<\/p>\n<p>Das KERN OZL-963 geh\u00f6rt zu den Stereo-Zoom-Mikroskopen, die durch ihre einfache Handhabung, ihre Flexibilit\u00e4t sowie ihre Standfestigkeit und den g\u00fcnstigen Preis \u00fcberzeugen<\/p>\n<p>Die im Standard enthaltene LED-Auflichtbeleuchtung (Ring) gew\u00e4hrleistet eine optimale Beleuchtung Ihrer Probe<\/p>\n<p>Neben den guten optischen Eigenschaften bieten diese Modelle durch ihre gro\u00dfe Arbeitsfl\u00e4che h\u00f6chsten Komfort in dieser Klasse \u2013 optimal f\u00fcr Ausbildungsbetriebe, Werkst\u00e4tten sowie Montage- und Reparaturarbeitspl\u00e4tze, z. B. in der Elektronikindustrie<\/p>\n<p>Objektiv: 0,7 x \u2013 4,5 x<\/p>\n<p>Der Universal-Teleskoparmst\u00e4nder bietet Ihnen ein hohes Ma\u00df an Flexibilit<\/p>\n<p>Technische Daten<\/p>\n<p>Optisches System\tGreenough<\/p>\n<p>Tubus Art\tTrinokular<\/p>\n<p>Okular Vergr\u00f6\u00dferung\t10 x<\/p>\n<p>Okular Sehfeld\t20 mm<\/p>\n<p>Vergr\u00f6\u00dferungsverh\u00e4ltnis\t6,4:1<\/p>\n<p>Zoom [Min]\t0,7 x<\/p>\n<p>Zoom [Max]\t4,5 x<\/p>\n<p>Beleuchtungsrichtung\tAuflicht<\/p>\n<p>Beleuchtungsart Auflicht\tLED<\/p>\n<p>Beleuchtungsst\u00e4rke Auflicht\t4,5W<\/p>\n<p>Fokussierungsmechanik\tGrobtrieb<\/p>\n<p>Arbeitsabstand\t100 mm<\/p>\n<p>Probenh\u00f6he [Max]\t140 mm<\/p>\n<p>St\u00e4nder-Bauweise\tUniversal (Teleskoparm mit Platte)<\/p>\n<p>Abmessungen (B\u00d7T\u00d7H)\t700\u00d7255\u00d7600 mm<\/p>\n<p>GTIN\/EAN-Nummer\t4045761189447<\/p>\n","protected":false},"excerpt":{"rendered":"<p><b>Zubeh\u00f6r- und Ersatzteile erhalten Sie gerne auf Anfrage!<\/b><\/p>\n","protected":false},"featured_media":15520,"template":"","meta":[],"product_brand":[],"product_cat":[330,165],"product_tag":[],"class_list":{"0":"post-15502","1":"product","2":"type-product","3":"status-publish","4":"has-post-thumbnail","6":"product_cat-kern","7":"product_cat-mikroskope","8":"product_shipping_class-standard","10":"first","11":"instock","12":"taxable","13":"shipping-taxable","14":"purchasable","15":"product-type-simple"},"tiered_pricing_type":"fixed","tiered_pricing_fixed_rules":[],"tiered_pricing_product_settings":{"layout":"default","base_unit_name":{"singular":null,"plural":null},"default_variation":null},"tiered_pricing_minimum_quantity":null,"tiered_pricing_roles_data":[],"tiered_pricing_percentage_rules":[],"_links":{"self":[{"href":"https:\/\/lt-laborhandel.de\/en\/wp-json\/wp\/v2\/product\/15502","targetHints":{"allow":["GET"]}}],"collection":[{"href":"https:\/\/lt-laborhandel.de\/en\/wp-json\/wp\/v2\/product"}],"about":[{"href":"https:\/\/lt-laborhandel.de\/en\/wp-json\/wp\/v2\/types\/product"}],"wp:featuredmedia":[{"embeddable":true,"href":"https:\/\/lt-laborhandel.de\/en\/wp-json\/wp\/v2\/media\/15520"}],"wp:attachment":[{"href":"https:\/\/lt-laborhandel.de\/en\/wp-json\/wp\/v2\/media?parent=15502"}],"wp:term":[{"taxonomy":"product_brand","embeddable":true,"href":"https:\/\/lt-laborhandel.de\/en\/wp-json\/wp\/v2\/product_brand?post=15502"},{"taxonomy":"product_cat","embeddable":true,"href":"https:\/\/lt-laborhandel.de\/en\/wp-json\/wp\/v2\/product_cat?post=15502"},{"taxonomy":"product_tag","embeddable":true,"href":"https:\/\/lt-laborhandel.de\/en\/wp-json\/wp\/v2\/product_tag?post=15502"}],"curies":[{"name":"wp","href":"https:\/\/api.w.org\/{rel}","templated":true}]}}