{"id":15499,"date":"2024-01-30T14:36:48","date_gmt":"2024-01-30T13:36:48","guid":{"rendered":"https:\/\/lt-laborhandel.de\/?post_type=product&#038;p=15499"},"modified":"2026-01-30T21:00:05","modified_gmt":"2026-01-30T20:00:05","slug":"kern-mikroskopkamera-odc-241","status":"publish","type":"product","link":"https:\/\/lt-laborhandel.de\/en\/produkt\/kern-mikroskopkamera-odc-241\/","title":{"rendered":"KERN Mikroskopkamera ODC 241"},"content":{"rendered":"<p>Mikroskopkamera ODC 241<\/p>\n<p>Produktfamilie: ODC-24<\/p>\n<p>Tablet mit integrierter Kamera f\u00fcr die optimale Beobachtung sowie der digitalen Dokumentation der Probe<\/p>\n<p>Beschreibung<\/p>\n<p>Eine 2-in-1-L\u00f6sung in der digitalen Mikroskopie als universelles System f\u00fcr alle trinokularen Mikroskope mit C-Mount-Adapter. Die ODC 241 Mikroskop-Tablet-Kamera besteht aus einem gro\u00dfen Android Tablet in Kombination mit einer 5-MP-Kamera<\/p>\n<p>Die KERN ODC 241 Tablet-Kamera wurde speziell f\u00fcr die einfache und direkte Beobachtung der Probe auf dem Bildschirm entwickelt. Optimal geeignet f\u00fcr Sch\u00fcler und Studenten in der Ausbildung oder zu Demonstrationszwecken im Labor<\/p>\n<p>Die integrierte 5-MP-Kamera erm\u00f6glicht neben der Live-\u00dcbertragung des Bildes an das Android Tablet auch die Erstellung von Bildern und Videos zur Dokumentation. Einfache Messungen, wie z. B. Strecken-, Fl\u00e4chen- und Winkelmessungen sowie eine manuelle Z\u00e4hlfunktion sind ebenfalls vorhanden<\/p>\n<p>Ein automatischer Wei\u00dfabgleich und der automatische Kontrastausgleich kann schnell und einfach vorgenommen werden, was ein effizientes Arbeiten erm\u00f6glicht<\/p>\n<p>Durch die integrierten Schnittstellen werden eine Vielzahl an weiteren Funktionen bereitgestellt, wie z. B.<\/p>\n<p>&#8211; Datenspeicherung auf USB-Stick oder SD-Karte<\/p>\n<p>&#8211; Anschluss einer USB-Maus<\/p>\n<p>&#8211; \u00dcbertragung des Livebildes auf einen externen Bildschirm per HDMI<\/p>\n<p>&#8211; \u00dcbertragung gespeicherter Daten an externe Empf\u00e4nger per WLAN<\/p>\n<p>Im Lieferumfang befindet sich die Tablet-Kamera mit vorinstallierter Software sowie das Netzteil<\/p>\n<p>Nicht mit folgenden Mikroskopen kombinierbar: OZM-5. OLM 170<\/p>\n<p>Technische Daten<\/p>\n<p>Display-Art\tLCD-Touch<\/p>\n<p>Display Gr\u00f6\u00dfe\t9,7&#8243;<\/p>\n<p>Display Aufl\u00f6sung\t2048&#215;1536<\/p>\n<p>mcuDetails\tQuad Core Cortex-A17; 1,8 GHz<\/p>\n<p>Kamera &#8211; Sensorart\tSony CMOS<\/p>\n<p>Kamera &#8211; Farbtiefe\tFarbe<\/p>\n<p>Kamera &#8211; Sensorgr\u00f6\u00dfe\t1\/2,8&#8243;<\/p>\n<p>Kamera &#8211; Aufl\u00f6sung\t5 MP<\/p>\n<p>Schnittstellen\tWLAN, USB 2.0, HDMI, MicroSD Kartenslot<\/p>\n<p>Kamera &#8211; Belichtungsverfahren\tRolling Shutter<\/p>\n<p>Kamera &#8211; Befestigungsarten\tC-Mount<\/p>\n<p>Unterst\u00fctze Betriebssysteme\tAndroid<\/p>\n<p>Kamera &#8211; Verwendete Software\tintegriert<\/p>\n<p>Abmessungen (B\u00d7T\u00d7H)\t238\u00d7182\u00d751 mm<\/p>\n<p>Produktfamilie\tODC-24<\/p>\n","protected":false},"excerpt":{"rendered":"<p><b>Zubeh\u00f6r- und Ersatzteile erhalten Sie gerne auf Anfrage!<\/b><\/p>\n","protected":false},"featured_media":15514,"template":"","meta":[],"product_brand":[],"product_cat":[330,165],"product_tag":[],"class_list":{"0":"post-15499","1":"product","2":"type-product","3":"status-publish","4":"has-post-thumbnail","6":"product_cat-kern","7":"product_cat-mikroskope","8":"product_shipping_class-standard","10":"first","11":"instock","12":"taxable","13":"shipping-taxable","14":"purchasable","15":"product-type-simple"},"tiered_pricing_type":"fixed","tiered_pricing_fixed_rules":[],"tiered_pricing_product_settings":{"layout":"default","base_unit_name":{"singular":null,"plural":null},"default_variation":null},"tiered_pricing_minimum_quantity":null,"tiered_pricing_roles_data":[],"tiered_pricing_percentage_rules":[],"_links":{"self":[{"href":"https:\/\/lt-laborhandel.de\/en\/wp-json\/wp\/v2\/product\/15499","targetHints":{"allow":["GET"]}}],"collection":[{"href":"https:\/\/lt-laborhandel.de\/en\/wp-json\/wp\/v2\/product"}],"about":[{"href":"https:\/\/lt-laborhandel.de\/en\/wp-json\/wp\/v2\/types\/product"}],"wp:featuredmedia":[{"embeddable":true,"href":"https:\/\/lt-laborhandel.de\/en\/wp-json\/wp\/v2\/media\/15514"}],"wp:attachment":[{"href":"https:\/\/lt-laborhandel.de\/en\/wp-json\/wp\/v2\/media?parent=15499"}],"wp:term":[{"taxonomy":"product_brand","embeddable":true,"href":"https:\/\/lt-laborhandel.de\/en\/wp-json\/wp\/v2\/product_brand?post=15499"},{"taxonomy":"product_cat","embeddable":true,"href":"https:\/\/lt-laborhandel.de\/en\/wp-json\/wp\/v2\/product_cat?post=15499"},{"taxonomy":"product_tag","embeddable":true,"href":"https:\/\/lt-laborhandel.de\/en\/wp-json\/wp\/v2\/product_tag?post=15499"}],"curies":[{"name":"wp","href":"https:\/\/api.w.org\/{rel}","templated":true}]}}