{"id":15405,"date":"2024-01-15T09:49:51","date_gmt":"2024-01-15T08:49:51","guid":{"rendered":"https:\/\/lt-laborhandel.de\/?post_type=product&#038;p=15405"},"modified":"2026-03-26T21:38:55","modified_gmt":"2026-03-26T20:38:55","slug":"wtw-oberflaechen-ph-elektrode-zur-messung-auf-glatten-oberflaechen-papier-filmmaterial-etc-mit-s7-steckkopf-ohne-anschlusskabel-103646","status":"publish","type":"product","link":"https:\/\/lt-laborhandel.de\/en\/produkt\/wtw-oberflaechen-ph-elektrode-zur-messung-auf-glatten-oberflaechen-papier-filmmaterial-etc-mit-s7-steckkopf-ohne-anschlusskabel-103646\/","title":{"rendered":"WTW Oberfl\u00e4chen-pH-Elektrode, zur Messung auf glatten Oberfl\u00e4chen (Papier, Filmmaterial, etc.) mit S7-Steckkopf. Ohne Anschlusskabel. #103646"},"content":{"rendered":"<p>WTW Oberfl\u00e4chen-pH-Elektrode, zur Messung auf glatten Oberfl\u00e4chen (Papier, Filmmaterial, etc.) mit S7-Steckkopf. Ohne Anschlusskabel. #103646<\/p>\n","protected":false},"excerpt":{"rendered":"<p><b>Zubeh\u00f6r- und Ersatzteile erhalten Sie gerne auf Anfrage!<\/b><\/p>\n","protected":false},"featured_media":12692,"template":"","meta":[],"product_brand":[395],"product_cat":[270],"product_tag":[],"class_list":{"0":"post-15405","1":"product","2":"type-product","3":"status-publish","4":"has-post-thumbnail","6":"product_brand-wtw","7":"product_cat-elektroden","8":"product_shipping_class-standard","10":"first","11":"instock","12":"taxable","13":"shipping-taxable","14":"purchasable","15":"product-type-simple"},"tiered_pricing_type":"fixed","tiered_pricing_fixed_rules":[],"tiered_pricing_product_settings":{"layout":"default","base_unit_name":{"singular":null,"plural":null},"default_variation":null},"tiered_pricing_minimum_quantity":null,"tiered_pricing_roles_data":[],"tiered_pricing_percentage_rules":[],"_links":{"self":[{"href":"https:\/\/lt-laborhandel.de\/en\/wp-json\/wp\/v2\/product\/15405","targetHints":{"allow":["GET"]}}],"collection":[{"href":"https:\/\/lt-laborhandel.de\/en\/wp-json\/wp\/v2\/product"}],"about":[{"href":"https:\/\/lt-laborhandel.de\/en\/wp-json\/wp\/v2\/types\/product"}],"wp:featuredmedia":[{"embeddable":true,"href":"https:\/\/lt-laborhandel.de\/en\/wp-json\/wp\/v2\/media\/12692"}],"wp:attachment":[{"href":"https:\/\/lt-laborhandel.de\/en\/wp-json\/wp\/v2\/media?parent=15405"}],"wp:term":[{"taxonomy":"product_brand","embeddable":true,"href":"https:\/\/lt-laborhandel.de\/en\/wp-json\/wp\/v2\/product_brand?post=15405"},{"taxonomy":"product_cat","embeddable":true,"href":"https:\/\/lt-laborhandel.de\/en\/wp-json\/wp\/v2\/product_cat?post=15405"},{"taxonomy":"product_tag","embeddable":true,"href":"https:\/\/lt-laborhandel.de\/en\/wp-json\/wp\/v2\/product_tag?post=15405"}],"curies":[{"name":"wp","href":"https:\/\/api.w.org\/{rel}","templated":true}]}}