{"id":15391,"date":"2024-01-13T17:34:28","date_gmt":"2024-01-13T16:34:28","guid":{"rendered":"https:\/\/lt-laborhandel.de\/?post_type=product&#038;p=15391"},"modified":"2026-03-15T12:31:24","modified_gmt":"2026-03-15T11:31:24","slug":"ika-magnetruehrer-ohne-heizung-topolino-mobil-0003381300","status":"publish","type":"product","link":"https:\/\/lt-laborhandel.de\/en\/produkt\/ika-magnetruehrer-ohne-heizung-topolino-mobil-0003381300\/","title":{"rendered":"IKA Magnetr\u00fchrer ohne Heizung, topolino mobil, 0003381300"},"content":{"rendered":"<p>Mobiler Kleinstmagnetr\u00fchrer f\u00fcr R\u00fchrmengen bis zu 250 ml f\u00fcr den Akku- und Netzbetrieb.<\/p>\n<p>Langlebiger, b\u00fcrstenloser Motor<\/p>\n<p>Stufenlos einstellbarer Drehzahlbereich<\/p>\n<p>Gute Magnetanbindung<\/p>\n<p>Mobiler Betrieb mit langer Betriebszeit (8 &#8211; 12 h)<\/p>\n<p>Kurze Ladedauer (2 &#8211; 3 h)<\/p>\n<p>Handels\u00fcbliche, austauschbare AA Akkus<\/p>\n<p>Betrieb wahlweise:<\/p>\n<p>a) netzunabh\u00e4ngig mit handels\u00fcblichen Akkus<\/p>\n<p>b) mit mitgeliefertem Netzteil (ohne Akkus)<\/p>\n<p>c) kombinierter Netz-\/Ladebetrieb (mit eingelegten Akkus)<\/p>\n<p>Technische Daten<\/p>\n<p>R\u00fchrstellenanzahl 1<\/p>\n<p>R\u00fchrmenge max. pro R\u00fchrstelle (H2O) 0.25 l<\/p>\n<p>Maximale Beladung 0.5 kg<\/p>\n<p>Drehzahlbereich 500 &#8211; 1800 rpm<\/p>\n<p>R\u00fchrst\u00e4bchenl\u00e4nge max. 30 mm<\/p>\n<p>Aufstellfl\u00e4che Werkstoff Kunststoff (PP)<\/p>\n<p>Aufstellfl\u00e4che Abmessungen \u00d8 80 mm<\/p>\n<p>Akkubetrieb ja<\/p>\n<p>Abmessungen (B x H x T) 140 x 42 x 140 mm<\/p>\n<p>Gewicht 0.747 kg<\/p>\n<p>Zul\u00e4ssiger Umgebungstemperaturbereich 5 &#8211; 40 \u00b0C<\/p>\n<p>Zul\u00e4ssige Relative Feuchte 80 %<\/p>\n<p>Schutzart nach DIN EN 60529 IP 20<\/p>\n<p>Spannung 100 &#8211; 240 V<\/p>\n<p>Frequenz 50\/60 Hz<\/p>\n<p>Gleichspannung 9 V=<\/p>\n<p>Stromaufnahme 1000 mA<\/p>\n<p><b>Zubeh\u00f6r- und Ersatzteile auf Anfrage<\/b><\/p>\n","protected":false},"excerpt":{"rendered":"<p>Mobiler Kleinstmagnetr\u00fchrer f\u00fcr R\u00fchrmengen bis zu 250 ml f\u00fcr den Akku- und Netzbetrieb. Langlebiger, b\u00fcrstenloser Motor Stufenlos einstellbarer Drehzahlbereich Gute Magnetanbindung Mobiler Betrieb mit langer Betriebszeit (8 &#8211; 12 h) Kurze Ladedauer (2 &#8211; 3 h) Handels\u00fcbliche, austauschbare AA Akkus Betrieb wahlweise: a) netzunabh\u00e4ngig mit handels\u00fcblichen Akkus b) mit mitgeliefertem Netzteil (ohne Akkus) c) kombinierter [&hellip;]<\/p>\n","protected":false},"featured_media":5285,"template":"","meta":[],"product_brand":[357],"product_cat":[109,324],"product_tag":[],"class_list":{"0":"post-15391","1":"product","2":"type-product","3":"status-publish","4":"has-post-thumbnail","6":"product_brand-ika","7":"product_cat-mischerruehrer-und-schuettler","8":"product_cat-ika","9":"product_shipping_class-standard","11":"first","12":"instock","13":"taxable","14":"shipping-taxable","15":"purchasable","16":"product-type-simple"},"tiered_pricing_type":"fixed","tiered_pricing_fixed_rules":[],"tiered_pricing_product_settings":{"layout":"default","base_unit_name":{"singular":null,"plural":null},"default_variation":null},"tiered_pricing_minimum_quantity":null,"tiered_pricing_roles_data":[],"tiered_pricing_percentage_rules":[],"_links":{"self":[{"href":"https:\/\/lt-laborhandel.de\/en\/wp-json\/wp\/v2\/product\/15391","targetHints":{"allow":["GET"]}}],"collection":[{"href":"https:\/\/lt-laborhandel.de\/en\/wp-json\/wp\/v2\/product"}],"about":[{"href":"https:\/\/lt-laborhandel.de\/en\/wp-json\/wp\/v2\/types\/product"}],"wp:featuredmedia":[{"embeddable":true,"href":"https:\/\/lt-laborhandel.de\/en\/wp-json\/wp\/v2\/media\/5285"}],"wp:attachment":[{"href":"https:\/\/lt-laborhandel.de\/en\/wp-json\/wp\/v2\/media?parent=15391"}],"wp:term":[{"taxonomy":"product_brand","embeddable":true,"href":"https:\/\/lt-laborhandel.de\/en\/wp-json\/wp\/v2\/product_brand?post=15391"},{"taxonomy":"product_cat","embeddable":true,"href":"https:\/\/lt-laborhandel.de\/en\/wp-json\/wp\/v2\/product_cat?post=15391"},{"taxonomy":"product_tag","embeddable":true,"href":"https:\/\/lt-laborhandel.de\/en\/wp-json\/wp\/v2\/product_tag?post=15391"}],"curies":[{"name":"wp","href":"https:\/\/api.w.org\/{rel}","templated":true}]}}