{"id":15389,"date":"2024-01-13T17:33:03","date_gmt":"2024-01-13T16:33:03","guid":{"rendered":"https:\/\/lt-laborhandel.de\/?post_type=product&#038;p=15389"},"modified":"2026-01-14T07:52:01","modified_gmt":"2026-01-14T06:52:01","slug":"ika-horizontalschuettler-hs-260-basic-0003066600","status":"publish","type":"product","link":"https:\/\/lt-laborhandel.de\/en\/produkt\/ika-horizontalschuettler-hs-260-basic-0003066600\/","title":{"rendered":"IKA Horizontalsch\u00fcttler, HS 260 basic, 0003066600"},"content":{"rendered":"<p>HS 260 basic<\/p>\n<p>Kompakter, flacher Horizontalsch\u00fcttler mit idealer Schwingtechnik, f\u00fcr ein maximales Sch\u00fcttelgewicht bis 7,5 kg.<\/p>\n<p>Elektronische Regelung der Drehzahl und der Zeitschaltuhr<\/p>\n<p>LED-Anzeige f\u00fcr Drehzahl und Zeiteinstellung<\/p>\n<p>Gro\u00dfe Auswahl an Aufs\u00e4tzen f\u00fcr verschiedene Gef\u00e4\u00dfformen und -gr\u00f6\u00dfen<\/p>\n<p>Aufs\u00e4tze nicht im Lieferumfang enthalten, bitte entsprechenden Aufsatz mitbestellen<\/p>\n<p>Lieferumfang<\/p>\n<p>HS 260 basic<\/p>\n<p>Attachment screws (4 St.)<\/p>\n<p>Single-head wrench<\/p>\n<p>Technische Daten<\/p>\n<p>Bewegungsart\treziprok<\/p>\n<p>Sch\u00fcttelhub\t20 mm<\/p>\n<p>Zul\u00e4ssiges Sch\u00fcttelgewicht (inkl. Aufsatz)\t7.5 kg<\/p>\n<p>Motorleistung Aufnahme\t45 W<\/p>\n<p>Motorleistung Abgabe\t10 W<\/p>\n<p>Zul\u00e4ssige Einschaltdauer\t100 %<\/p>\n<p>Drehzahl min. (einstellbar)\t20 rpm<\/p>\n<p>Drehzahlbereich\t0 &#8211; 300 rpm<\/p>\n<p>Drehzahlanzeige\tLED &#8211; Zeile<\/p>\n<p>Zeitschaltuhr\tja<\/p>\n<p>Anzeige Zeitschaltuhr\tLED &#8211; Zeile<\/p>\n<p>Zeiteinstellbereich\t5 &#8211; 50 min<\/p>\n<p>Betriebsart\tTimer- und Dauerbetrieb<\/p>\n<p>Abmessungen (B x H x T)\t360 x 100 x 420 mm<\/p>\n<p>Gewicht\t8.16 kg<\/p>\n<p>Zul\u00e4ssiger Umgebungstemperaturbereich\t5 &#8211; 50 \u00b0C<\/p>\n<p>Zul\u00e4ssige Relative Feuchte\t80 %<\/p>\n<p>Schutzart nach DIN EN 60529\tIP 21<\/p>\n<p>Spannung\t220 &#8211; 240 V<\/p>\n<p>Frequenz\t50\/60 Hz<\/p>\n<p>Ger\u00e4teaufnahmeleistung\t45 W<\/p>\n<p><b>Zubeh\u00f6r- und Ersatzteile auf Anfrage<\/b><\/p>\n","protected":false},"excerpt":{"rendered":"<p>HS 260 basic Kompakter, flacher Horizontalsch\u00fcttler mit idealer Schwingtechnik, f\u00fcr ein maximales Sch\u00fcttelgewicht bis 7,5 kg. Elektronische Regelung der Drehzahl und der Zeitschaltuhr LED-Anzeige f\u00fcr Drehzahl und Zeiteinstellung Gro\u00dfe Auswahl an Aufs\u00e4tzen f\u00fcr verschiedene Gef\u00e4\u00dfformen und -gr\u00f6\u00dfen Aufs\u00e4tze nicht im Lieferumfang enthalten, bitte entsprechenden Aufsatz mitbestellen Lieferumfang HS 260 basic Attachment screws (4 St.) Single-head [&hellip;]<\/p>\n","protected":false},"featured_media":9416,"template":"","meta":[],"product_brand":[357],"product_cat":[324,109],"product_tag":[],"class_list":{"0":"post-15389","1":"product","2":"type-product","3":"status-publish","4":"has-post-thumbnail","6":"product_brand-ika","7":"product_cat-ika","8":"product_cat-mischerruehrer-und-schuettler","9":"product_shipping_class-standard","11":"first","12":"instock","13":"taxable","14":"shipping-taxable","15":"purchasable","16":"product-type-simple"},"tiered_pricing_type":"fixed","tiered_pricing_fixed_rules":[],"tiered_pricing_product_settings":{"layout":"default","base_unit_name":{"singular":null,"plural":null},"default_variation":null},"tiered_pricing_minimum_quantity":null,"tiered_pricing_roles_data":[],"tiered_pricing_percentage_rules":[],"_links":{"self":[{"href":"https:\/\/lt-laborhandel.de\/en\/wp-json\/wp\/v2\/product\/15389","targetHints":{"allow":["GET"]}}],"collection":[{"href":"https:\/\/lt-laborhandel.de\/en\/wp-json\/wp\/v2\/product"}],"about":[{"href":"https:\/\/lt-laborhandel.de\/en\/wp-json\/wp\/v2\/types\/product"}],"wp:featuredmedia":[{"embeddable":true,"href":"https:\/\/lt-laborhandel.de\/en\/wp-json\/wp\/v2\/media\/9416"}],"wp:attachment":[{"href":"https:\/\/lt-laborhandel.de\/en\/wp-json\/wp\/v2\/media?parent=15389"}],"wp:term":[{"taxonomy":"product_brand","embeddable":true,"href":"https:\/\/lt-laborhandel.de\/en\/wp-json\/wp\/v2\/product_brand?post=15389"},{"taxonomy":"product_cat","embeddable":true,"href":"https:\/\/lt-laborhandel.de\/en\/wp-json\/wp\/v2\/product_cat?post=15389"},{"taxonomy":"product_tag","embeddable":true,"href":"https:\/\/lt-laborhandel.de\/en\/wp-json\/wp\/v2\/product_tag?post=15389"}],"curies":[{"name":"wp","href":"https:\/\/api.w.org\/{rel}","templated":true}]}}