{"id":15381,"date":"2024-01-12T11:55:14","date_gmt":"2024-01-12T10:55:14","guid":{"rendered":"https:\/\/lt-laborhandel.de\/?post_type=product&#038;p=15381"},"modified":"2026-01-09T21:24:12","modified_gmt":"2026-01-09T20:24:12","slug":"brand-flaschenaufsatz-buerette-titrette-4760451","status":"publish","type":"product","link":"https:\/\/lt-laborhandel.de\/en\/produkt\/brand-flaschenaufsatz-buerette-titrette-4760451\/","title":{"rendered":"Brand Flaschenaufsatz-B\u00fcrette, Titrette\u00ae, #4760451"},"content":{"rendered":"<p>Titrette\u00ae ist die erste Flaschenaufsatz-B\u00fcrette innerhalb der Klasse A Fehlergrenzen f\u00fcr Glasb\u00fcretten. Au\u00dferdem zeichnet sie sich durch spielend leichtes tropfenweises Titrieren, kompakte Bauweise, h\u00f6chste Pr\u00e4zision, austauschbare Dosiereinheit und eine optionale PC-Schnittstelle aus. Mit der Flaschenaufsatz-B\u00fcrette Titrette\u00ae titrieren Sie schnell und zuverl\u00e4ssig auch bei wenig Platz und unabh\u00e4ngig vom Stromanschluss &#8211; im Labor, in der Produktion oder unterwegs.<\/p>\n<p> Im Detail:<\/p>\n<p> Die Bedienelemente der Flaschenaufsatz-B\u00fcrette Titrette\u00ae sind \u00fcbersichtlich gestaltet.<\/p>\n<p> Getrennte Tasten f\u00fcr Ein\/Aus, Pause sowie CLEAR zum L\u00f6schen der Anzeige und zur Funktionsauswahl.<\/p>\n<p> Griffige Handr\u00e4der und ein leichtg\u00e4ngiges Pr\u00e4zisionsgetriebe f\u00fcr schnelles bis tropfenweises Titrieren machen die Handhabung sicherer und besonders einfach.<\/p>\n<p>Lieferumfang:<br \/>\nFlaschenaufsatzb\u00fcrette Titrette\u00ae, f\u00fcr GL 45-Gewindeflaschen, DE-M gekennzeichnet, Qualit\u00e4tszertifikat, Teleskop-Ansaugrohr (170-330 mm), R\u00fcckdosierrohr, 2 Mikro-Batterien (AAA\/UM4\/LR03), Polypropylen-Flaschenadapter (GL 32, S 40, NS 29\/32), 2 braun eingef\u00e4rbte Lichtschutz-Fenster. Im Lieferumfang mit Schnittstelle sind zus\u00e4tzlich enthalten: 2 m Schnittstellenkabel (Sub-D Steckverbinder, 9-polig), eine CD (Treibersoftware und offengelegtes RS 232 Kommunikationsprotokoll). Zus\u00e4tzlich befinden sich auf der CD eine Beispielanwendung im xls-Format sowie eine spezielle Gebrauchsanleitung.<\/p>\n<p>&#8211; https:\/\/youtu.be\/09zat34DsLw<\/p>\n<p>&#8211; https:\/\/youtu.be\/OWWaoi66o9Q<\/p>\n","protected":false},"excerpt":{"rendered":"<p><b>Zubeh\u00f6r- und Ersatzteile erhalten Sie gerne auf Anfrage!<\/b><\/p>\n","protected":false},"featured_media":8910,"template":"","meta":[],"product_brand":[369],"product_cat":[368,190],"product_tag":[],"class_list":{"0":"post-15381","1":"product","2":"type-product","3":"status-publish","4":"has-post-thumbnail","6":"product_brand-brand","7":"product_cat-brand","8":"product_cat-flaschenaufsatz-bueretten","9":"product_shipping_class-standard","11":"first","12":"instock","13":"taxable","14":"shipping-taxable","15":"purchasable","16":"product-type-simple"},"tiered_pricing_type":"fixed","tiered_pricing_fixed_rules":[],"tiered_pricing_product_settings":{"layout":"default","base_unit_name":{"singular":null,"plural":null},"default_variation":null},"tiered_pricing_minimum_quantity":null,"tiered_pricing_roles_data":[],"tiered_pricing_percentage_rules":[],"_links":{"self":[{"href":"https:\/\/lt-laborhandel.de\/en\/wp-json\/wp\/v2\/product\/15381","targetHints":{"allow":["GET"]}}],"collection":[{"href":"https:\/\/lt-laborhandel.de\/en\/wp-json\/wp\/v2\/product"}],"about":[{"href":"https:\/\/lt-laborhandel.de\/en\/wp-json\/wp\/v2\/types\/product"}],"wp:featuredmedia":[{"embeddable":true,"href":"https:\/\/lt-laborhandel.de\/en\/wp-json\/wp\/v2\/media\/8910"}],"wp:attachment":[{"href":"https:\/\/lt-laborhandel.de\/en\/wp-json\/wp\/v2\/media?parent=15381"}],"wp:term":[{"taxonomy":"product_brand","embeddable":true,"href":"https:\/\/lt-laborhandel.de\/en\/wp-json\/wp\/v2\/product_brand?post=15381"},{"taxonomy":"product_cat","embeddable":true,"href":"https:\/\/lt-laborhandel.de\/en\/wp-json\/wp\/v2\/product_cat?post=15381"},{"taxonomy":"product_tag","embeddable":true,"href":"https:\/\/lt-laborhandel.de\/en\/wp-json\/wp\/v2\/product_tag?post=15381"}],"curies":[{"name":"wp","href":"https:\/\/api.w.org\/{rel}","templated":true}]}}