{"id":14515,"date":"2023-11-01T16:18:32","date_gmt":"2023-11-01T15:18:32","guid":{"rendered":"https:\/\/lt-laborhandel.de\/produkt\/binder-trocken-und-waermeschrank-mit-natuerlicher-konvektion-ed720-400v-9010-0341\/"},"modified":"2026-01-09T21:24:02","modified_gmt":"2026-01-09T20:24:02","slug":"binder-trocken-und-waermeschrank-mit-natuerlicher-konvektion-ed720-400v-9010-0341","status":"publish","type":"product","link":"https:\/\/lt-laborhandel.de\/en\/produkt\/binder-trocken-und-waermeschrank-mit-natuerlicher-konvektion-ed720-400v-9010-0341\/","title":{"rendered":"Binder Trocken- und W\u00e4rmeschrank mit nat\u00fcrlicher Konvektion ED720-400V, #9010-0341"},"content":{"rendered":"<p>Temperaturbereich: Raumtemperatur +5 \u00b0C bis +300 \u00b0C<br \/>\nBis zu 30% energiesparender als markt\u00fcbliche Ger\u00e4te<br \/>\nHohe Temperaturgenauigkeit durch APT.line\u2122 Technologie<br \/>\nNat\u00fcrliche Konvektion<br \/>\nController mit LCD-Anzeige<br \/>\nElektromechanische Steuerung der Abluftklappe<br \/>\n2 verchromte Einschubgitter<br \/>\nGer\u00e4te bis 115 L stapelbar<br \/>\nIntegrierter Temperaturw\u00e4hlbegrenzer Klasse 2 (DIN 12880) mit optischem Alarm<br \/>\nErgonomisches Griffdesign<br \/>\nUSB-Anschluss f\u00fcr Aufzeichnung der Daten<\/p>\n<p>Die St\u00e4rken von einem BINDER Trockenschrank der Serie ED sind routinem\u00e4\u00dfige Trocknungs- und Sterilisationsarbeiten bis 300 \u00b0C. Durch die nat\u00fcrliche Konvektion laufen bei diesem Trockenschrank alle thermischen Prozesse h\u00f6chst effizient ab. Die Serie ED sorgt so f\u00fcr ein schnelles, gleichm\u00e4\u00dfiges Trocknen.<\/p>\n<p>Nennvolumen:\t743 l<br \/>\nGr\u00f6\u00dfte Betriebstemperatur:\t300 \u00b0C<br \/>\nRegelbare Parameter (Serie oder Option):\tTemperatur<br \/>\nUmlufttemperierung:\tNein<br \/>\nProgrammspeicher:\tJa<br \/>\nSchnittstelle:\tEthernet<br \/>\nZeitschaltuhr vorhanden:\tJa<br \/>\nNetzsteckertyp:\tEurostecker (Typ C)<\/p>\n","protected":false},"excerpt":{"rendered":"<p><b>Zubeh\u00f6r- und Ersatzteile erhalten Sie gerne auf Anfrage!<\/b><\/p>\n","protected":false},"featured_media":14484,"template":"","meta":[],"product_brand":[359],"product_cat":[366,210],"product_tag":[],"class_list":{"0":"post-14515","1":"product","2":"type-product","3":"status-publish","4":"has-post-thumbnail","6":"product_brand-binder","7":"product_cat-binder","8":"product_cat-waerme-und-trockenschraenke","9":"product_shipping_class-standard","11":"first","12":"instock","13":"taxable","14":"shipping-taxable","15":"purchasable","16":"product-type-simple"},"tiered_pricing_type":"fixed","tiered_pricing_fixed_rules":[],"tiered_pricing_product_settings":{"layout":"default","base_unit_name":{"singular":null,"plural":null},"default_variation":null},"tiered_pricing_minimum_quantity":null,"tiered_pricing_roles_data":[],"tiered_pricing_percentage_rules":[],"_links":{"self":[{"href":"https:\/\/lt-laborhandel.de\/en\/wp-json\/wp\/v2\/product\/14515","targetHints":{"allow":["GET"]}}],"collection":[{"href":"https:\/\/lt-laborhandel.de\/en\/wp-json\/wp\/v2\/product"}],"about":[{"href":"https:\/\/lt-laborhandel.de\/en\/wp-json\/wp\/v2\/types\/product"}],"wp:featuredmedia":[{"embeddable":true,"href":"https:\/\/lt-laborhandel.de\/en\/wp-json\/wp\/v2\/media\/14484"}],"wp:attachment":[{"href":"https:\/\/lt-laborhandel.de\/en\/wp-json\/wp\/v2\/media?parent=14515"}],"wp:term":[{"taxonomy":"product_brand","embeddable":true,"href":"https:\/\/lt-laborhandel.de\/en\/wp-json\/wp\/v2\/product_brand?post=14515"},{"taxonomy":"product_cat","embeddable":true,"href":"https:\/\/lt-laborhandel.de\/en\/wp-json\/wp\/v2\/product_cat?post=14515"},{"taxonomy":"product_tag","embeddable":true,"href":"https:\/\/lt-laborhandel.de\/en\/wp-json\/wp\/v2\/product_tag?post=14515"}],"curies":[{"name":"wp","href":"https:\/\/api.w.org\/{rel}","templated":true}]}}