{"id":14501,"date":"2023-11-01T16:18:09","date_gmt":"2023-11-01T15:18:09","guid":{"rendered":"https:\/\/lt-laborhandel.de\/produkt\/binder-trocken-und-waermeschrank-mit-umluft-fds115-230v-9090-0024\/"},"modified":"2026-02-11T14:38:46","modified_gmt":"2026-02-11T13:38:46","slug":"binder-trocken-und-waermeschrank-mit-umluft-fds115-230v-9090-0024","status":"publish","type":"product","link":"https:\/\/lt-laborhandel.de\/en\/produkt\/binder-trocken-und-waermeschrank-mit-umluft-fds115-230v-9090-0024\/","title":{"rendered":"Binder Trocken- und W\u00e4rmeschrank mit Umluft FDS115-230V, #9090-0024"},"content":{"rendered":"<p>Temperaturbereich: +10 \u00b0C \u00fcber Umgebungstemperatur bis +250 \u00b0C<br \/>\nAPT.line\u2122 Vorw\u00e4rmkammertechnologie<br \/>\nUmluft<br \/>\nEinstellbare Abluftklappe<br \/>\nController mit Timerfunktion<br \/>\n1 verchromtes Einschubgitter, inkl. Bodentr\u00e4ger<br \/>\nIntegrierter Temperaturw\u00e4hlbegrenzer Klasse 2 (DIN 12880) mit optischem Alarm<\/p>\n<p>Die neuen Produkte der Solid.Line \u00fcberzeugen durch bew\u00e4hrte BINDER Qualit\u00e4t und Zuverl\u00e4ssigkeit. Sie eignen sich f\u00fcr die Trocknung und Warmlagerung. Die Leistungsmerkmale der Solid.Line sind auf die jeweilige Anwendung ausgerichtet und finden damit in Forschung und Qualit\u00e4tssicherung ihren Einsatz.<\/p>\n<p>Nennvolumen:\t115 l<br \/>\nGr\u00f6\u00dfte Betriebstemperatur:\t+250 \u00b0C<br \/>\nRegelbare Parameter (Serie oder Option):\tTemperatur<br \/>\nUmlufttemperierung:\tJa<br \/>\nProgrammspeicher:\tJa<br \/>\nSchnittstelle:\tEthernet<br \/>\nNetzsteckertyp:\tEurostecker (Typ C)<\/p>\n","protected":false},"excerpt":{"rendered":"<p><b>Zubeh\u00f6r- und Ersatzteile erhalten Sie gerne auf Anfrage!<\/b><\/p>\n","protected":false},"featured_media":14446,"template":"","meta":[],"product_brand":[359],"product_cat":[366,210],"product_tag":[],"class_list":{"0":"post-14501","1":"product","2":"type-product","3":"status-publish","4":"has-post-thumbnail","6":"product_brand-binder","7":"product_cat-binder","8":"product_cat-waerme-und-trockenschraenke","9":"product_shipping_class-standard","11":"first","12":"instock","13":"taxable","14":"shipping-taxable","15":"purchasable","16":"product-type-simple"},"tiered_pricing_type":"fixed","tiered_pricing_fixed_rules":[],"tiered_pricing_product_settings":{"layout":"default","base_unit_name":{"singular":null,"plural":null},"default_variation":null},"tiered_pricing_minimum_quantity":null,"tiered_pricing_roles_data":[],"tiered_pricing_percentage_rules":[],"_links":{"self":[{"href":"https:\/\/lt-laborhandel.de\/en\/wp-json\/wp\/v2\/product\/14501","targetHints":{"allow":["GET"]}}],"collection":[{"href":"https:\/\/lt-laborhandel.de\/en\/wp-json\/wp\/v2\/product"}],"about":[{"href":"https:\/\/lt-laborhandel.de\/en\/wp-json\/wp\/v2\/types\/product"}],"wp:featuredmedia":[{"embeddable":true,"href":"https:\/\/lt-laborhandel.de\/en\/wp-json\/wp\/v2\/media\/14446"}],"wp:attachment":[{"href":"https:\/\/lt-laborhandel.de\/en\/wp-json\/wp\/v2\/media?parent=14501"}],"wp:term":[{"taxonomy":"product_brand","embeddable":true,"href":"https:\/\/lt-laborhandel.de\/en\/wp-json\/wp\/v2\/product_brand?post=14501"},{"taxonomy":"product_cat","embeddable":true,"href":"https:\/\/lt-laborhandel.de\/en\/wp-json\/wp\/v2\/product_cat?post=14501"},{"taxonomy":"product_tag","embeddable":true,"href":"https:\/\/lt-laborhandel.de\/en\/wp-json\/wp\/v2\/product_tag?post=14501"}],"curies":[{"name":"wp","href":"https:\/\/api.w.org\/{rel}","templated":true}]}}