{"id":14390,"date":"2023-10-27T13:35:03","date_gmt":"2023-10-27T11:35:03","guid":{"rendered":"https:\/\/lt-laborhandel.de\/produkt\/binder-trocken-und-waermeschranke-mit-umluft-und-erweiterten-zeitfunktionen-fed115-230v-9010-0293\/"},"modified":"2026-01-09T21:23:59","modified_gmt":"2026-01-09T20:23:59","slug":"binder-trocken-und-waermeschranke-mit-umluft-und-erweiterten-zeitfunktionen-fed115-230v-9010-0293","status":"publish","type":"product","link":"https:\/\/lt-laborhandel.de\/en\/produkt\/binder-trocken-und-waermeschranke-mit-umluft-und-erweiterten-zeitfunktionen-fed115-230v-9010-0293\/","title":{"rendered":"Binder Trocken- und W\u00e4rmeschranke mit Umluft und erweiterten Zeitfunktionen FED115-230V, #9010-0293"},"content":{"rendered":"<p>Temperaturbereich: +10 \u00b0C \u00fcber Umgebungstemperatur bis +300 \u00b0C<br \/>\nBis zu 30% energiesparender als markt\u00fcbliche Ger\u00e4te<br \/>\nHohe Temperaturgenauigkeit durch APT.line\u2122 Technologie<br \/>\nEinstellbare L\u00fcfterdrehzahl<br \/>\nController mit LCD-Anzeige und erweiterten Zeitfunktionen<br \/>\nElektromechanische Steuerung der Abluftklappe<br \/>\n2 verchromte Einschubgitter<br \/>\nStapelbar<br \/>\nIntegrierter Temperaturw\u00e4hlbegrenzer Klasse 2 (DIN 12880) mit optischem Alarm<br \/>\nErgonomisches Griffdesign<br \/>\nEthernet-Schnittstelle<br \/>\nUSB-Anschluss f\u00fcr Aufzeichnung der Daten <\/p>\n<p>Ein BINDER W\u00e4rmeschrank der Serie FED Avantgarde.Line bietet nahezu unbegrenzte Leistungsf\u00e4higkeit und ist dabei besonders anpassungsf\u00e4hig. Durch erweiterte Zeitfunktionen und einen regelbaren L\u00fcfter lassen sich Temperatur und Umluftbedingungen ideal steuern.<\/p>\n<p>Nennvolumen:\t116 l<br \/>\nGr\u00f6\u00dfte Betriebstemperatur:\t300 \u00b0C<br \/>\nRegelbare Parameter (Serie oder Option):\tTemperatur<br \/>\nUmlufttemperierung:\tJa<br \/>\nNettogewicht:\t54 kg<br \/>\nProgrammspeicher:\tJa<br \/>\nSchnittstelle:\tEthernet<br \/>\nZeitschaltuhr vorhanden:\tJa<br \/>\nProgrammierbar:\tJa<br \/>\nNetzsteckertyp:\tEurostecker (Typ C)<\/p>\n","protected":false},"excerpt":{"rendered":"<p><b>Zubeh\u00f6r- und Ersatzteile erhalten Sie gerne auf Anfrage!<\/b><\/p>\n","protected":false},"featured_media":14380,"template":"","meta":[],"product_brand":[359],"product_cat":[366,210],"product_tag":[],"class_list":{"0":"post-14390","1":"product","2":"type-product","3":"status-publish","4":"has-post-thumbnail","6":"product_brand-binder","7":"product_cat-binder","8":"product_cat-waerme-und-trockenschraenke","9":"product_shipping_class-standard","11":"first","12":"instock","13":"taxable","14":"shipping-taxable","15":"purchasable","16":"product-type-simple"},"tiered_pricing_type":"fixed","tiered_pricing_fixed_rules":[],"tiered_pricing_product_settings":{"layout":"default","base_unit_name":{"singular":null,"plural":null},"default_variation":null},"tiered_pricing_minimum_quantity":null,"tiered_pricing_roles_data":[],"tiered_pricing_percentage_rules":[],"_links":{"self":[{"href":"https:\/\/lt-laborhandel.de\/en\/wp-json\/wp\/v2\/product\/14390","targetHints":{"allow":["GET"]}}],"collection":[{"href":"https:\/\/lt-laborhandel.de\/en\/wp-json\/wp\/v2\/product"}],"about":[{"href":"https:\/\/lt-laborhandel.de\/en\/wp-json\/wp\/v2\/types\/product"}],"wp:featuredmedia":[{"embeddable":true,"href":"https:\/\/lt-laborhandel.de\/en\/wp-json\/wp\/v2\/media\/14380"}],"wp:attachment":[{"href":"https:\/\/lt-laborhandel.de\/en\/wp-json\/wp\/v2\/media?parent=14390"}],"wp:term":[{"taxonomy":"product_brand","embeddable":true,"href":"https:\/\/lt-laborhandel.de\/en\/wp-json\/wp\/v2\/product_brand?post=14390"},{"taxonomy":"product_cat","embeddable":true,"href":"https:\/\/lt-laborhandel.de\/en\/wp-json\/wp\/v2\/product_cat?post=14390"},{"taxonomy":"product_tag","embeddable":true,"href":"https:\/\/lt-laborhandel.de\/en\/wp-json\/wp\/v2\/product_tag?post=14390"}],"curies":[{"name":"wp","href":"https:\/\/api.w.org\/{rel}","templated":true}]}}