{"id":14364,"date":"2023-10-26T14:37:22","date_gmt":"2023-10-26T12:37:22","guid":{"rendered":"https:\/\/lt-laborhandel.de\/produkt\/binder-standard-inkubator-mit-natuerlicher-konvektion-bd720-230v-9010-0331\/"},"modified":"2026-01-09T21:23:58","modified_gmt":"2026-01-09T20:23:58","slug":"binder-standard-inkubator-mit-natuerlicher-konvektion-bd720-230v-9010-0331","status":"publish","type":"product","link":"https:\/\/lt-laborhandel.de\/en\/produkt\/binder-standard-inkubator-mit-natuerlicher-konvektion-bd720-230v-9010-0331\/","title":{"rendered":"Binder Standard-Inkubator mit nat\u00fcrlicher Konvektion BD720-230V, #9010-0331"},"content":{"rendered":"<p>Temperaturbereich: +5 \u00b0C \u00fcber Umgebungstemperatur bis +100 \u00b0C<br \/>\nBis zu 30% energiesparender als markt\u00fcbliche Ger\u00e4te<br \/>\nHohe Temperaturgenauigkeit durch APT.line\u2122 Technologie<br \/>\nFreie Konvektion<br \/>\nController mit LCD-Anzeige<br \/>\nElektromechanische Steuerung der Abluftklappe<br \/>\nInnent\u00fcr aus Sicherheitsglas (ESG)<br \/>\n2 verchromte Einschubgitter<br \/>\nIntegrierter Temperaturw\u00e4hlw\u00e4chter Klasse 3.1 (DIN 12880) mit optischem Alarm<br \/>\nErgonomisches Griffdesign<br \/>\nUSB-Anschluss f\u00fcr Aufzeichnung der Daten<\/p>\n<p>Die Serie BD Avantgarde.Line eignet sich perfekt zur schonenden Bebr\u00fctung von Organismen sowie zum konditionieren hitzeempfindlicher Medien. Das neue Ger\u00e4tedesign und die homogene Temperaturverteilung sorgen f\u00fcr beste Ergebnisse.<\/p>\n<p>Nennvolumen:\t737 l<br \/>\nGr\u00f6\u00dfte Betriebstemperatur:\t100 \u00b0C<br \/>\nRegelbare Parameter (Serie oder Option):\tTemperatur<br \/>\nProgrammspeicher:\tJa<br \/>\nSchnittstelle:\tEthernet<br \/>\nProgrammierbar:\tJa<br \/>\nNetzsteckertyp:\tEurostecker (Typ C)<\/p>\n","protected":false},"excerpt":{"rendered":"<p><b>Zubeh\u00f6r- und Ersatzteile erhalten Sie gerne auf Anfrage!<\/b><\/p>\n","protected":false},"featured_media":14335,"template":"","meta":[],"product_brand":[359],"product_cat":[366,206],"product_tag":[],"class_list":{"0":"post-14364","1":"product","2":"type-product","3":"status-publish","4":"has-post-thumbnail","6":"product_brand-binder","7":"product_cat-binder","8":"product_cat-brutschraenke","9":"product_shipping_class-standard","11":"first","12":"instock","13":"taxable","14":"shipping-taxable","15":"purchasable","16":"product-type-simple"},"tiered_pricing_type":"fixed","tiered_pricing_fixed_rules":[],"tiered_pricing_product_settings":{"layout":"default","base_unit_name":{"singular":null,"plural":null},"default_variation":null},"tiered_pricing_minimum_quantity":null,"tiered_pricing_roles_data":[],"tiered_pricing_percentage_rules":[],"_links":{"self":[{"href":"https:\/\/lt-laborhandel.de\/en\/wp-json\/wp\/v2\/product\/14364","targetHints":{"allow":["GET"]}}],"collection":[{"href":"https:\/\/lt-laborhandel.de\/en\/wp-json\/wp\/v2\/product"}],"about":[{"href":"https:\/\/lt-laborhandel.de\/en\/wp-json\/wp\/v2\/types\/product"}],"wp:featuredmedia":[{"embeddable":true,"href":"https:\/\/lt-laborhandel.de\/en\/wp-json\/wp\/v2\/media\/14335"}],"wp:attachment":[{"href":"https:\/\/lt-laborhandel.de\/en\/wp-json\/wp\/v2\/media?parent=14364"}],"wp:term":[{"taxonomy":"product_brand","embeddable":true,"href":"https:\/\/lt-laborhandel.de\/en\/wp-json\/wp\/v2\/product_brand?post=14364"},{"taxonomy":"product_cat","embeddable":true,"href":"https:\/\/lt-laborhandel.de\/en\/wp-json\/wp\/v2\/product_cat?post=14364"},{"taxonomy":"product_tag","embeddable":true,"href":"https:\/\/lt-laborhandel.de\/en\/wp-json\/wp\/v2\/product_tag?post=14364"}],"curies":[{"name":"wp","href":"https:\/\/api.w.org\/{rel}","templated":true}]}}