{"id":14358,"date":"2023-10-26T14:37:13","date_gmt":"2023-10-26T12:37:13","guid":{"rendered":"https:\/\/lt-laborhandel.de\/produkt\/binder-standard-inkubator-mit-natuerlicher-konvektion-bds115-230v-9090-0022\/"},"modified":"2026-01-09T21:23:57","modified_gmt":"2026-01-09T20:23:57","slug":"binder-standard-inkubator-mit-natuerlicher-konvektion-bds115-230v-9090-0022","status":"publish","type":"product","link":"https:\/\/lt-laborhandel.de\/en\/produkt\/binder-standard-inkubator-mit-natuerlicher-konvektion-bds115-230v-9090-0022\/","title":{"rendered":"Binder Standard-Inkubator mit nat\u00fcrlicher Konvektion BDS115-230V, #9090-0022"},"content":{"rendered":"<p>Temperaturbereich: +5\u00b0C \u00fcber Umgebungstemperatur bis +70\u00b0C<br \/>\nAPT.line\u2122 Vorw\u00e4rmkammertechnologie<br \/>\nNat\u00fcrliche Konvektion<br \/>\nEinstellbare Abluftklappe<br \/>\nController mit Timerfunktion<br \/>\nInnent\u00fcr aus Sicherheitsglas (ESG)<br \/>\n1 verchromtes Einschubgitter, inkl. Bodentr\u00e4ger<br \/>\nIntegrierter Temperaturw\u00e4hlw\u00e4chter Klasse 3.1 (DIN 12880) mit optischem Alarm<\/p>\n<p>Die neuen Produkte der Solid.Line \u00fcberzeugen durch bew\u00e4hrte BINDER Qualit\u00e4t und Zuverl\u00e4ssigkeit. Sie eignen sich f\u00fcr die Inkubation. Die Leistungsmerkmale der Solid.Line sind auf die jeweilige Anwendung ausgerichtet und finden damit in Forschung und Qualit\u00e4tssicherung ihren Einsatz.<\/p>\n<p>Nennvolumen:\t115 l<br \/>\nGr\u00f6\u00dfte Betriebstemperatur:\t+70 \u00b0C<br \/>\nRegelbare Parameter (Serie oder Option):\tTemperatur<br \/>\nProgrammspeicher:\tJa<br \/>\nProgrammierbar:\tNein<br \/>\nNetzsteckertyp:\tEurostecker (Typ C<\/p>\n","protected":false},"excerpt":{"rendered":"<p><b>Zubeh\u00f6r- und Ersatzteile erhalten Sie gerne auf Anfrage!<\/b><\/p>\n","protected":false},"featured_media":14323,"template":"","meta":[],"product_brand":[359],"product_cat":[366,206],"product_tag":[],"class_list":{"0":"post-14358","1":"product","2":"type-product","3":"status-publish","4":"has-post-thumbnail","6":"product_brand-binder","7":"product_cat-binder","8":"product_cat-brutschraenke","9":"product_shipping_class-standard","11":"first","12":"instock","13":"taxable","14":"shipping-taxable","15":"purchasable","16":"product-type-simple"},"tiered_pricing_type":"fixed","tiered_pricing_fixed_rules":[],"tiered_pricing_product_settings":{"layout":"default","base_unit_name":{"singular":null,"plural":null},"default_variation":null},"tiered_pricing_minimum_quantity":null,"tiered_pricing_roles_data":[],"tiered_pricing_percentage_rules":[],"_links":{"self":[{"href":"https:\/\/lt-laborhandel.de\/en\/wp-json\/wp\/v2\/product\/14358","targetHints":{"allow":["GET"]}}],"collection":[{"href":"https:\/\/lt-laborhandel.de\/en\/wp-json\/wp\/v2\/product"}],"about":[{"href":"https:\/\/lt-laborhandel.de\/en\/wp-json\/wp\/v2\/types\/product"}],"wp:featuredmedia":[{"embeddable":true,"href":"https:\/\/lt-laborhandel.de\/en\/wp-json\/wp\/v2\/media\/14323"}],"wp:attachment":[{"href":"https:\/\/lt-laborhandel.de\/en\/wp-json\/wp\/v2\/media?parent=14358"}],"wp:term":[{"taxonomy":"product_brand","embeddable":true,"href":"https:\/\/lt-laborhandel.de\/en\/wp-json\/wp\/v2\/product_brand?post=14358"},{"taxonomy":"product_cat","embeddable":true,"href":"https:\/\/lt-laborhandel.de\/en\/wp-json\/wp\/v2\/product_cat?post=14358"},{"taxonomy":"product_tag","embeddable":true,"href":"https:\/\/lt-laborhandel.de\/en\/wp-json\/wp\/v2\/product_tag?post=14358"}],"curies":[{"name":"wp","href":"https:\/\/api.w.org\/{rel}","templated":true}]}}