{"id":14307,"date":"2023-10-24T15:22:23","date_gmt":"2023-10-24T13:22:23","guid":{"rendered":"https:\/\/lt-laborhandel.de\/produkt\/binder-trocken-und-waermeschrank-mit-natuerlicher-konvektion-ed400-400v-i-9010-0075\/"},"modified":"2026-01-09T21:23:56","modified_gmt":"2026-01-09T20:23:56","slug":"binder-trocken-und-waermeschrank-mit-natuerlicher-konvektion-ed400-400v-i-9010-0075","status":"publish","type":"product","link":"https:\/\/lt-laborhandel.de\/en\/produkt\/binder-trocken-und-waermeschrank-mit-natuerlicher-konvektion-ed400-400v-i-9010-0075\/","title":{"rendered":"Binder Trocken- und W\u00e4rmeschrank mit nat\u00fcrlicher Konvektion ED400-400V-I, #9010-0075"},"content":{"rendered":"<p>Temperaturbereich: +5 \u00b0C \u00fcber Umgebungstemperatur bis +300 \u00b0C<br \/>\nAPT.line\u2122 Vorw\u00e4rmkammertechnologie<br \/>\nnat\u00fcrliche Konvektion<br \/>\nStellbare Abluftklappe<br \/>\nController mit Zeitfunktionen<br \/>\n2 verchromte Einschubgitter<\/p>\n<p>Die St\u00e4rken von einem BINDER Trockenschrank der Serie ED sind routinem\u00e4\u00dfige Trocknungs- und Sterilisationsarbeiten bis +300 \u00b0C. Durch die nat\u00fcrliche Konvektion laufen bei diesem Trockenschrank alle thermischen Prozesse h\u00f6chst effizient ab. Die Serie ED sorgt so f\u00fcr ein schnelles, gleichm\u00e4\u00dfiges Trocknen.<\/p>\n<p>Nennvolumen:        400 l<br \/>\nKleinste Betriebstemperatur:        5 \u00b0C<br \/>\nGr\u00f6\u00dfte Betriebstemperatur:        300 \u00b0C<br \/>\nRegelbare Parameter (Serie oder Option):        Temperatur<br \/>\nUmlufttemperierung:        Nein<br \/>\nNettogewicht:        125 kg<br \/>\nSchnittstelle:        Ethernet<br \/>\nZeitschaltuhr vorhanden:        Ja<br \/>\nNetzsteckertyp:        Eurostecker (Typ C)<br \/>\nTemperaturw\u00e4hlbegrenzer Klasse 2 (DIN 12880) mit optischem Alarm<\/p>\n","protected":false},"excerpt":{"rendered":"<p><b>Zubeh\u00f6r- und Ersatzteile erhalten Sie gerne auf Anfrage!<\/b><\/p>\n","protected":false},"featured_media":14289,"template":"","meta":[],"product_brand":[359],"product_cat":[366,210],"product_tag":[],"class_list":{"0":"post-14307","1":"product","2":"type-product","3":"status-publish","4":"has-post-thumbnail","6":"product_brand-binder","7":"product_cat-binder","8":"product_cat-waerme-und-trockenschraenke","9":"product_shipping_class-standard","11":"first","12":"instock","13":"taxable","14":"shipping-taxable","15":"purchasable","16":"product-type-simple"},"tiered_pricing_type":"fixed","tiered_pricing_fixed_rules":[],"tiered_pricing_product_settings":{"layout":"default","base_unit_name":{"singular":null,"plural":null},"default_variation":null},"tiered_pricing_minimum_quantity":null,"tiered_pricing_roles_data":[],"tiered_pricing_percentage_rules":[],"_links":{"self":[{"href":"https:\/\/lt-laborhandel.de\/en\/wp-json\/wp\/v2\/product\/14307","targetHints":{"allow":["GET"]}}],"collection":[{"href":"https:\/\/lt-laborhandel.de\/en\/wp-json\/wp\/v2\/product"}],"about":[{"href":"https:\/\/lt-laborhandel.de\/en\/wp-json\/wp\/v2\/types\/product"}],"wp:featuredmedia":[{"embeddable":true,"href":"https:\/\/lt-laborhandel.de\/en\/wp-json\/wp\/v2\/media\/14289"}],"wp:attachment":[{"href":"https:\/\/lt-laborhandel.de\/en\/wp-json\/wp\/v2\/media?parent=14307"}],"wp:term":[{"taxonomy":"product_brand","embeddable":true,"href":"https:\/\/lt-laborhandel.de\/en\/wp-json\/wp\/v2\/product_brand?post=14307"},{"taxonomy":"product_cat","embeddable":true,"href":"https:\/\/lt-laborhandel.de\/en\/wp-json\/wp\/v2\/product_cat?post=14307"},{"taxonomy":"product_tag","embeddable":true,"href":"https:\/\/lt-laborhandel.de\/en\/wp-json\/wp\/v2\/product_tag?post=14307"}],"curies":[{"name":"wp","href":"https:\/\/api.w.org\/{rel}","templated":true}]}}