{"id":14305,"date":"2023-10-24T15:22:20","date_gmt":"2023-10-24T13:22:20","guid":{"rendered":"https:\/\/lt-laborhandel.de\/produkt\/binder-trocken-und-waermeschrank-mit-umluft-und-erweiterten-zeitfunktionen-fed400-400v-9010-0216\/"},"modified":"2026-01-09T21:23:56","modified_gmt":"2026-01-09T20:23:56","slug":"binder-trocken-und-waermeschrank-mit-umluft-und-erweiterten-zeitfunktionen-fed400-400v-9010-0216","status":"publish","type":"product","link":"https:\/\/lt-laborhandel.de\/en\/produkt\/binder-trocken-und-waermeschrank-mit-umluft-und-erweiterten-zeitfunktionen-fed400-400v-9010-0216\/","title":{"rendered":"Binder Trocken- und W\u00e4rmeschrank mit Umluft und erweiterten Zeitfunktionen FED400-400V, #9010-0216"},"content":{"rendered":"<p>Temperaturbereich: +5 \u00b0C \u00fcber Umgebungstemperatur bis +300 \u00b0C<br \/>\nAPT.line\u2122 Vorw\u00e4rmkammertechnologie<br \/>\nEinstellbare L\u00fcfterdrehzahl<br \/>\nStellbare Abluftklappe<br \/>\nController mit erweiterten Zeitfunktionen<br \/>\n2 verchromte Einschubgitter<br \/>\nTemperaturw\u00e4hlbegrenzer Klasse 2 (DIN 12880) mit optischem Alarm<br \/>\nComputer-Schnittstelle: RS 422<\/p>\n<p>Ein BINDER W\u00e4rmeschrank der Serie FED bietet nahezu unbegrenzte Leistungsf\u00e4higkeit und ist dabei besonders anpassungsf\u00e4hig. Durch erweiterte Zeitfunktionen und einen regelbaren L\u00fcfter lassen sich Temperatur und Umluftbedingungen ideal steuern.<\/p>\n<p>Nennvolumen:        400 l<br \/>\nGr\u00f6\u00dfte Betriebstemperatur:        300 \u00b0C<br \/>\nRegelbare Parameter (Serie oder Option):        Temperatur<br \/>\nUmlufttemperierung:        Ja<br \/>\nNettogewicht:        145 kg<br \/>\nProgrammspeicher:        Ja<br \/>\nSchnittstelle:        Ethernet<br \/>\nZeitschaltuhr vorhanden:        Ja<br \/>\nProgrammierbar:        Ja<br \/>\nNetzsteckertyp:        Eurostecker (Typ C)<\/p>\n","protected":false},"excerpt":{"rendered":"<p><b>Zubeh\u00f6r- und Ersatzteile erhalten Sie gerne auf Anfrage!<\/b><\/p>\n","protected":false},"featured_media":14285,"template":"","meta":[],"product_brand":[359],"product_cat":[366,210],"product_tag":[],"class_list":{"0":"post-14305","1":"product","2":"type-product","3":"status-publish","4":"has-post-thumbnail","6":"product_brand-binder","7":"product_cat-binder","8":"product_cat-waerme-und-trockenschraenke","9":"product_shipping_class-standard","11":"first","12":"instock","13":"taxable","14":"shipping-taxable","15":"purchasable","16":"product-type-simple"},"tiered_pricing_type":"fixed","tiered_pricing_fixed_rules":[],"tiered_pricing_product_settings":{"layout":"default","base_unit_name":{"singular":null,"plural":null},"default_variation":null},"tiered_pricing_minimum_quantity":null,"tiered_pricing_roles_data":[],"tiered_pricing_percentage_rules":[],"_links":{"self":[{"href":"https:\/\/lt-laborhandel.de\/en\/wp-json\/wp\/v2\/product\/14305","targetHints":{"allow":["GET"]}}],"collection":[{"href":"https:\/\/lt-laborhandel.de\/en\/wp-json\/wp\/v2\/product"}],"about":[{"href":"https:\/\/lt-laborhandel.de\/en\/wp-json\/wp\/v2\/types\/product"}],"wp:featuredmedia":[{"embeddable":true,"href":"https:\/\/lt-laborhandel.de\/en\/wp-json\/wp\/v2\/media\/14285"}],"wp:attachment":[{"href":"https:\/\/lt-laborhandel.de\/en\/wp-json\/wp\/v2\/media?parent=14305"}],"wp:term":[{"taxonomy":"product_brand","embeddable":true,"href":"https:\/\/lt-laborhandel.de\/en\/wp-json\/wp\/v2\/product_brand?post=14305"},{"taxonomy":"product_cat","embeddable":true,"href":"https:\/\/lt-laborhandel.de\/en\/wp-json\/wp\/v2\/product_cat?post=14305"},{"taxonomy":"product_tag","embeddable":true,"href":"https:\/\/lt-laborhandel.de\/en\/wp-json\/wp\/v2\/product_tag?post=14305"}],"curies":[{"name":"wp","href":"https:\/\/api.w.org\/{rel}","templated":true}]}}