{"id":14301,"date":"2023-10-24T15:22:14","date_gmt":"2023-10-24T13:22:14","guid":{"rendered":"https:\/\/lt-laborhandel.de\/produkt\/binder-standard-inkubatoren-mit-umluft-bf400-230v-9010-0241\/"},"modified":"2026-01-09T21:23:56","modified_gmt":"2026-01-09T20:23:56","slug":"binder-standard-inkubatoren-mit-umluft-bf400-230v-9010-0241","status":"publish","type":"product","link":"https:\/\/lt-laborhandel.de\/en\/produkt\/binder-standard-inkubatoren-mit-umluft-bf400-230v-9010-0241\/","title":{"rendered":"Binder Standard-Inkubatoren mit Umluft BF400-230V, #9010-0241"},"content":{"rendered":"<p>Temperaturbereich: +5 \u00b0C \u00fcber Umgebungstemperatur bis +100 \u00b0C<br \/>\nAPT.line\u2122 Vorw\u00e4rmkammertechnologie<br \/>\nEinstellbare L\u00fcfterdrehzahl<br \/>\nStellbare Abluftklappe<br \/>\nController mit Zeitfunktionen<br \/>\nInnent\u00fcr aus Sicherheitsglas (ESG)<br \/>\n2 verchromte Einschubgitter<br \/>\nTemperaturw\u00e4hlw\u00e4chter Klasse 3.1 (DIN 12880) mit optischem Temperaturalarm<br \/>\nComputer-Schnittstelle: RS 422<\/p>\n<p>Der BINDER Brutschrank der Serie BF mit Umluft ist geeignet f\u00fcr alle schonenden Inkubationsaufgaben, insbesondere im voll beladenen Zustand und gro\u00dfen Chargendurchs\u00e4tzen. Dabei arbeitet dieser Inkubator \u00e4u\u00dferst homogen und verf\u00fcgt \u00fcber schnelle Erholzeiten.<\/p>\n<p>Nennvolumen:\t400 l<br \/>\nGr\u00f6\u00dfte Betriebstemperatur:\t100 \u00b0C<br \/>\nRegelbare Parameter (Serie oder Option):\tTemperatur<br \/>\nNettogewicht:\t145 kg<br \/>\nProgrammspeicher:\tJa<br \/>\nSchnittstelle:\tEthernet<br \/>\nProgrammierbar:\tJa<br \/>\nNetzsteckertyp:\tEurostecker (Typ C)<\/p>\n","protected":false},"excerpt":{"rendered":"<p><b>Zubeh\u00f6r- und Ersatzteile erhalten Sie gerne auf Anfrage!<\/b><\/p>\n","protected":false},"featured_media":14277,"template":"","meta":[],"product_brand":[359],"product_cat":[366,206],"product_tag":[],"class_list":{"0":"post-14301","1":"product","2":"type-product","3":"status-publish","4":"has-post-thumbnail","6":"product_brand-binder","7":"product_cat-binder","8":"product_cat-brutschraenke","9":"product_shipping_class-standard","11":"first","12":"instock","13":"taxable","14":"shipping-taxable","15":"purchasable","16":"product-type-simple"},"tiered_pricing_type":"fixed","tiered_pricing_fixed_rules":[],"tiered_pricing_product_settings":{"layout":"default","base_unit_name":{"singular":null,"plural":null},"default_variation":null},"tiered_pricing_minimum_quantity":null,"tiered_pricing_roles_data":[],"tiered_pricing_percentage_rules":[],"_links":{"self":[{"href":"https:\/\/lt-laborhandel.de\/en\/wp-json\/wp\/v2\/product\/14301","targetHints":{"allow":["GET"]}}],"collection":[{"href":"https:\/\/lt-laborhandel.de\/en\/wp-json\/wp\/v2\/product"}],"about":[{"href":"https:\/\/lt-laborhandel.de\/en\/wp-json\/wp\/v2\/types\/product"}],"wp:featuredmedia":[{"embeddable":true,"href":"https:\/\/lt-laborhandel.de\/en\/wp-json\/wp\/v2\/media\/14277"}],"wp:attachment":[{"href":"https:\/\/lt-laborhandel.de\/en\/wp-json\/wp\/v2\/media?parent=14301"}],"wp:term":[{"taxonomy":"product_brand","embeddable":true,"href":"https:\/\/lt-laborhandel.de\/en\/wp-json\/wp\/v2\/product_brand?post=14301"},{"taxonomy":"product_cat","embeddable":true,"href":"https:\/\/lt-laborhandel.de\/en\/wp-json\/wp\/v2\/product_cat?post=14301"},{"taxonomy":"product_tag","embeddable":true,"href":"https:\/\/lt-laborhandel.de\/en\/wp-json\/wp\/v2\/product_tag?post=14301"}],"curies":[{"name":"wp","href":"https:\/\/api.w.org\/{rel}","templated":true}]}}