{"id":14245,"date":"2023-10-12T14:03:09","date_gmt":"2023-10-12T12:03:09","guid":{"rendered":"https:\/\/lt-laborhandel.de\/produkt\/binder-ufv350-230v-standard-serie-uf-v-ultratiefkuehlschraenke-mit-klimaneutralen-kaeltemitteln-382-l-230-v-1-50-hz-9020-0453\/"},"modified":"2026-01-09T21:23:55","modified_gmt":"2026-01-09T20:23:55","slug":"binder-ufv350-230v-standard-serie-uf-v-ultratiefkuehlschraenke-mit-klimaneutralen-kaeltemitteln-382-l-230-v-1-50-hz-9020-0453","status":"publish","type":"product","link":"https:\/\/lt-laborhandel.de\/en\/produkt\/binder-ufv350-230v-standard-serie-uf-v-ultratiefkuehlschraenke-mit-klimaneutralen-kaeltemitteln-382-l-230-v-1-50-hz-9020-0453\/","title":{"rendered":"Binder Standard-Inkubator mit mechanischer Einstellung B028-230V, #9010-0002"},"content":{"rendered":"<p>Temperaturbereich: 30 \u00b0C bis 70 \u00b0C<br \/>\nHydraulisch-mechanischer Thermostat<br \/>\nInnent\u00fcr aus Sicherheitsglas (ESG)<br \/>\n2 verchromte Einschubgitter<br \/>\nstapelbar<\/p>\n<p>Mit dem Brutschrank der Serie B erhalten Sie ein zuverl\u00e4ssiges und leistungsf\u00e4higes Ger\u00e4t in solider Ausstattung zu einem attraktiven Preis.<\/p>\n<p>Nennvolumen:\t28 l<br \/>\nKleinste Betriebstemperatur:\t30 \u00b0C<br \/>\nGr\u00f6\u00dfte Betriebstemperatur:\t100 \u00b0C<br \/>\nRegelbare Parameter (Serie oder Option):\tTemperatur<br \/>\nNettogewicht:\t23 kg<br \/>\nSchubf\u00e4cher Anzahl:\t1<br \/>\nSchnittstelle:\tRS 232<br \/>\nProgrammierbar:\tJa<br \/>\nNetzsteckertyp:\tEurostecker (Typ C)<\/p>\n","protected":false},"excerpt":{"rendered":"<p><b>Zubeh\u00f6r- und Ersatzteile erhalten Sie gerne auf Anfrage!<\/b><\/p>\n","protected":false},"featured_media":14263,"template":"","meta":[],"product_brand":[359],"product_cat":[366,210],"product_tag":[],"class_list":{"0":"post-14245","1":"product","2":"type-product","3":"status-publish","4":"has-post-thumbnail","6":"product_brand-binder","7":"product_cat-binder","8":"product_cat-waerme-und-trockenschraenke","9":"product_shipping_class-standard","11":"first","12":"instock","13":"taxable","14":"shipping-taxable","15":"purchasable","16":"product-type-simple"},"tiered_pricing_type":"fixed","tiered_pricing_fixed_rules":[],"tiered_pricing_product_settings":{"layout":"default","base_unit_name":{"singular":null,"plural":null},"default_variation":null},"tiered_pricing_minimum_quantity":null,"tiered_pricing_roles_data":[],"tiered_pricing_percentage_rules":[],"_links":{"self":[{"href":"https:\/\/lt-laborhandel.de\/en\/wp-json\/wp\/v2\/product\/14245","targetHints":{"allow":["GET"]}}],"collection":[{"href":"https:\/\/lt-laborhandel.de\/en\/wp-json\/wp\/v2\/product"}],"about":[{"href":"https:\/\/lt-laborhandel.de\/en\/wp-json\/wp\/v2\/types\/product"}],"wp:featuredmedia":[{"embeddable":true,"href":"https:\/\/lt-laborhandel.de\/en\/wp-json\/wp\/v2\/media\/14263"}],"wp:attachment":[{"href":"https:\/\/lt-laborhandel.de\/en\/wp-json\/wp\/v2\/media?parent=14245"}],"wp:term":[{"taxonomy":"product_brand","embeddable":true,"href":"https:\/\/lt-laborhandel.de\/en\/wp-json\/wp\/v2\/product_brand?post=14245"},{"taxonomy":"product_cat","embeddable":true,"href":"https:\/\/lt-laborhandel.de\/en\/wp-json\/wp\/v2\/product_cat?post=14245"},{"taxonomy":"product_tag","embeddable":true,"href":"https:\/\/lt-laborhandel.de\/en\/wp-json\/wp\/v2\/product_tag?post=14245"}],"curies":[{"name":"wp","href":"https:\/\/api.w.org\/{rel}","templated":true}]}}