{"id":14239,"date":"2023-10-12T13:20:07","date_gmt":"2023-10-12T11:20:07","guid":{"rendered":"https:\/\/lt-laborhandel.de\/produkt\/wtw-temperaturfuehler-tfk-325-zur-automatischen-temperaturkompensation-fuer-waessrige-loesungen-mit-1-m-kabel-und-wasserdichtem-stecker-102280\/"},"modified":"2026-01-15T10:22:04","modified_gmt":"2026-01-15T09:22:04","slug":"wtw-temperaturfuehler-tfk-325-zur-automatischen-temperaturkompensation-fuer-waessrige-loesungen-mit-1-m-kabel-und-wasserdichtem-stecker-102280","status":"publish","type":"product","link":"https:\/\/lt-laborhandel.de\/en\/produkt\/wtw-temperaturfuehler-tfk-325-zur-automatischen-temperaturkompensation-fuer-waessrige-loesungen-mit-1-m-kabel-und-wasserdichtem-stecker-102280\/","title":{"rendered":"WTW Temperaturf\u00fchler TFK 325 zur automatischen Temperaturkompensation f\u00fcr w\u00e4ssrige L\u00f6sungen, mit 1 m Kabel und wasserdichtem Stecker, #102280"},"content":{"rendered":"<p>WTW Temperaturf\u00fchler TFK 325 zur automatischen Temperaturkompensation f\u00fcr w\u00e4ssrige L\u00f6sungen, mit 1 m Kabel und wasserdichtem Stecker, #102280<\/p>\n","protected":false},"excerpt":{"rendered":"<p><b>Zubeh\u00f6r- und Ersatzteile erhalten Sie gerne auf Anfrage!<\/b><\/p>\n","protected":false},"featured_media":14210,"template":"","meta":[],"product_brand":[],"product_cat":[270],"product_tag":[],"class_list":{"0":"post-14239","1":"product","2":"type-product","3":"status-publish","4":"has-post-thumbnail","6":"product_cat-elektroden","7":"product_shipping_class-standard","9":"first","10":"instock","11":"taxable","12":"shipping-taxable","13":"purchasable","14":"product-type-simple"},"tiered_pricing_type":"fixed","tiered_pricing_fixed_rules":[],"tiered_pricing_product_settings":{"layout":"default","base_unit_name":{"singular":null,"plural":null},"default_variation":null},"tiered_pricing_minimum_quantity":null,"tiered_pricing_roles_data":[],"tiered_pricing_percentage_rules":[],"_links":{"self":[{"href":"https:\/\/lt-laborhandel.de\/en\/wp-json\/wp\/v2\/product\/14239","targetHints":{"allow":["GET"]}}],"collection":[{"href":"https:\/\/lt-laborhandel.de\/en\/wp-json\/wp\/v2\/product"}],"about":[{"href":"https:\/\/lt-laborhandel.de\/en\/wp-json\/wp\/v2\/types\/product"}],"wp:featuredmedia":[{"embeddable":true,"href":"https:\/\/lt-laborhandel.de\/en\/wp-json\/wp\/v2\/media\/14210"}],"wp:attachment":[{"href":"https:\/\/lt-laborhandel.de\/en\/wp-json\/wp\/v2\/media?parent=14239"}],"wp:term":[{"taxonomy":"product_brand","embeddable":true,"href":"https:\/\/lt-laborhandel.de\/en\/wp-json\/wp\/v2\/product_brand?post=14239"},{"taxonomy":"product_cat","embeddable":true,"href":"https:\/\/lt-laborhandel.de\/en\/wp-json\/wp\/v2\/product_cat?post=14239"},{"taxonomy":"product_tag","embeddable":true,"href":"https:\/\/lt-laborhandel.de\/en\/wp-json\/wp\/v2\/product_tag?post=14239"}],"curies":[{"name":"wp","href":"https:\/\/api.w.org\/{rel}","templated":true}]}}