{"id":13895,"date":"2023-08-14T22:42:28","date_gmt":"2023-08-14T20:42:28","guid":{"rendered":"https:\/\/lt-laborhandel.de\/?post_type=product&#038;p=13895"},"modified":"2026-03-12T12:59:03","modified_gmt":"2026-03-12T11:59:03","slug":"liebherr-labor-kuehlgeraet-mit-kunststoff-innenbehaelter-srfvh-4011-20","status":"publish","type":"product","link":"https:\/\/lt-laborhandel.de\/en\/produkt\/liebherr-labor-kuehlgeraet-mit-kunststoff-innenbehaelter-srfvh-4011-20\/","title":{"rendered":"Liebherr Labor-K\u00fchlger\u00e4t mit Kunststoff-Innenbeh\u00e4lter, #SRFvh 4011-20"},"content":{"rendered":"<p data-path-to-node=\"6\">Der Liebherr SRFvh 4011 ist ein professionelles Labor-K\u00fchlger\u00e4t der Perfection-Serie, das f\u00fcr die zuverl\u00e4ssige Lagerung von sensiblen Substanzen in Laboren und Apotheken konzipiert wurde. Es kombiniert ein hocheffizientes dynamisches K\u00fchlsystem mit der Konformit\u00e4t nach DIN 13277 und einer Isolierglast\u00fcr zur schnellen Sichtkontrolle.<\/p>\n<h3 data-path-to-node=\"7\">DIN 13277 Konformit\u00e4t und h\u00f6chste Temperaturstabilit\u00e4t<\/h3>\n<p data-path-to-node=\"7\">Das Ger\u00e4t erf\u00fcllt alle Leistungskriterien der DIN 13277. Das dynamische (Umluft-) K\u00fchlsystem sorgt f\u00fcr eine hochgradig gleichm\u00e4\u00dfige K\u00e4lteverteilung im gesamten Innenraum und eine maximale Temperaturabweichung von nur \u00b12\u00b0C. Der Temperaturbereich ist flexibel von +3 \u00b0C bis +16 \u00b0C einstellbar.<\/p>\n<h3 data-path-to-node=\"8\">+2\u00b0C SafetyDevice f\u00fcr Frostschutz<\/h3>\n<p data-path-to-node=\"8\">Um das Einfrieren empfindlicher Proben zu verhindern, ist der SRFvh 4011 mit dem +2\u00b0C SafetyDevice ausgestattet. Sinkt die Temperatur im St\u00f6rfall unter +2\u00b0C (bei einer Einstellung von +5\u00b0C oder w\u00e4rmer), \u00fcbernimmt das System die Kontrolle, stabilisiert die Temperatur und aktiviert den Alarm.<\/p>\n<h3 data-path-to-node=\"9\">Integrierte Konnektivit\u00e4t und l\u00fcckenlose Alarmierung<\/h3>\n<p data-path-to-node=\"9\">F\u00fcr die l\u00fcckenlose Dokumentation und \u00dcberwachung ist das Ger\u00e4t bestens ausgestattet: Ein integrierter Datenlogger (via USB-Schnittstelle) zeichnet Temperaturen auf. Die integrierte WLAN\/LAN-Schnittstelle (SmartModule entnehmbar) erm\u00f6glicht die direkte Anbindung an externe Systeme wie Liebherr SmartMonitoring. Ein optischer und akustischer St\u00f6ralarm, ein Netzausfallalarm (mind. 12h) und ein potentialfreier Kontakt runden das Sicherheitspaket ab.<\/p>\n<h3>Technische Details<\/h3>\n<ul>\n<li data-path-to-node=\"12,0,0\">Bruttoinhalt: 420 l<\/li>\n<li data-path-to-node=\"12,1,0\">Nettoinhalt: 297 l<\/li>\n<li data-path-to-node=\"12,2,0\">Normkonformit\u00e4t: DIN 13277<\/li>\n<li data-path-to-node=\"12,3,0\">T\u00fcr-Ausf\u00fchrung: Isolierglast\u00fcr mit Kunststoffrahmen<\/li>\n<li data-path-to-node=\"12,4,0\">K\u00fchlsystem: Dynamisch (Umluft)<\/li>\n<li data-path-to-node=\"12,5,0\">Temperaturbereich: +3 \u00b0C bis +16 \u00b0C<\/li>\n<li data-path-to-node=\"12,6,0\">Temperaturstabilit\u00e4t: max. \u00b12 \u00b0C<\/li>\n<li data-path-to-node=\"12,7,0\">Abtauverfahren: Automatisch<\/li>\n<li data-path-to-node=\"12,8,0\">Lagerung: 5 Roste, kunststoffbeschichtet (verstellbar)<\/li>\n<li data-path-to-node=\"12,9,0\">Innenbeleuchtung: LED-Lichts\u00e4ule links (separat schaltbar)<\/li>\n<li data-path-to-node=\"12,10,0\">Steuerung: 2,4-Zoll-Farbdisplay, Touch &amp; Swipe<\/li>\n<li data-path-to-node=\"12,11,0\">Alarm: Optisch und akustisch, Netzausfallalarm (unmittelbar, mind. 12h)<\/li>\n<li data-path-to-node=\"12,12,0\">Sicherheit: +2\u00b0C SafetyDevice (Frostschutz)<\/li>\n<li data-path-to-node=\"12,13,0\">Datenlogger: Integriert (USB-Schnittstelle)<\/li>\n<li data-path-to-node=\"12,14,0\">Schnittstellen: WLAN\/LAN (Integriert, entnehmbar), Potentialfreier Kontakt<\/li>\n<li data-path-to-node=\"12,15,0\">Schloss: Mechanisch<\/li>\n<li data-path-to-node=\"12,16,0\">K\u00e4ltemittel: R 600a<\/li>\n<li data-path-to-node=\"12,17,0\">Ger\u00e4uschpegel: 49 dB(A)<\/li>\n<li data-path-to-node=\"12,18,0\">Abmessungen (H\/B\/T): 1884 \/ 597 \/ 654 mm<\/li>\n<li data-path-to-node=\"12,19,0\">Nettogewicht: 82 kg<\/li>\n<\/ul>\n<h3>Lieferumfang<\/h3>\n<ul>\n<li data-path-to-node=\"15,0,0\">Liebherr SRFvh 4011 (Grundger\u00e4t mit Glast\u00fcr)<\/li>\n<li data-path-to-node=\"15,1,0\">5 x Roste, kunststoffbeschichtet<\/li>\n<li data-path-to-node=\"15,2,0\">2 x Schl\u00fcssel<\/li>\n<li data-path-to-node=\"15,3,0\">Bedienungsanleitung<\/li>\n<li data-path-to-node=\"15,4,0\">Konformit\u00e4tserkl\u00e4rung (DIN 13277)<\/li>\n<\/ul>\n<h3>Individueller Bedarf &amp; Beschaffungsservice<\/h3>\n<p data-path-to-node=\"18\">Ben\u00f6tigen Sie Zubeh\u00f6r wie zus\u00e4tzliche Tragroste (Art.-Nr. 211330800), Glasplatten (Art.-Nr. 929349300) oder Lizenzen f\u00fcr Liebherr SmartMonitoring? Unser <a class=\"ng-star-inserted\" href=\"https:\/\/lt-laborhandel.de\/service\/\" target=\"_blank\" rel=\"noopener\">individueller Beschaffungsservice<\/a> unterst\u00fctzt Sie bei der Konfiguration und Beschaffung von Artikeln, die nicht im Standardsortiment gelistet sind.<\/p>\n","protected":false},"excerpt":{"rendered":"<ul>\n<li data-path-to-node=\"27,0,0\">Typ: Labor-K\u00fchlger\u00e4t, Umluftk\u00fchlung<\/li>\n<li data-path-to-node=\"27,1,0\">Norm: Erf\u00fcllt DIN 13277<\/li>\n<li data-path-to-node=\"27,2,0\">Ausf\u00fchrung: Isolierglast\u00fcr, LED-Lichts\u00e4ule<\/li>\n<li data-path-to-node=\"27,3,0\">Bruttoinhalt: 420 Liter (Netto: 297 Liter)<\/li>\n<li data-path-to-node=\"27,4,0\">Sicherheit: +2\u00b0C SafetyDevice (Frostschutz), Alarm, Schloss<\/li>\n<li data-path-to-node=\"27,5,0\">Schnittstellen: Integriert (WLAN\/LAN, USB-Datenlogger, Potentialfreier Kontakt)<\/li>\n<\/ul>\n","protected":false},"featured_media":13791,"template":"","meta":[],"product_brand":[372],"product_cat":[304,371],"product_tag":[],"class_list":{"0":"post-13895","1":"product","2":"type-product","3":"status-publish","4":"has-post-thumbnail","6":"product_brand-liebherr","7":"product_cat-laborkuehl-laborgefriergeraete","8":"product_cat-liebherr","9":"product_shipping_class-standard","11":"first","12":"instock","13":"taxable","14":"shipping-taxable","15":"purchasable","16":"product-type-simple"},"tiered_pricing_type":"fixed","tiered_pricing_fixed_rules":[],"tiered_pricing_product_settings":{"layout":"default","base_unit_name":{"singular":null,"plural":null},"default_variation":null},"tiered_pricing_minimum_quantity":null,"tiered_pricing_roles_data":[],"tiered_pricing_percentage_rules":[],"_links":{"self":[{"href":"https:\/\/lt-laborhandel.de\/en\/wp-json\/wp\/v2\/product\/13895","targetHints":{"allow":["GET"]}}],"collection":[{"href":"https:\/\/lt-laborhandel.de\/en\/wp-json\/wp\/v2\/product"}],"about":[{"href":"https:\/\/lt-laborhandel.de\/en\/wp-json\/wp\/v2\/types\/product"}],"wp:featuredmedia":[{"embeddable":true,"href":"https:\/\/lt-laborhandel.de\/en\/wp-json\/wp\/v2\/media\/13791"}],"wp:attachment":[{"href":"https:\/\/lt-laborhandel.de\/en\/wp-json\/wp\/v2\/media?parent=13895"}],"wp:term":[{"taxonomy":"product_brand","embeddable":true,"href":"https:\/\/lt-laborhandel.de\/en\/wp-json\/wp\/v2\/product_brand?post=13895"},{"taxonomy":"product_cat","embeddable":true,"href":"https:\/\/lt-laborhandel.de\/en\/wp-json\/wp\/v2\/product_cat?post=13895"},{"taxonomy":"product_tag","embeddable":true,"href":"https:\/\/lt-laborhandel.de\/en\/wp-json\/wp\/v2\/product_tag?post=13895"}],"curies":[{"name":"wp","href":"https:\/\/api.w.org\/{rel}","templated":true}]}}