{"id":13889,"date":"2023-08-14T22:42:01","date_gmt":"2023-08-14T20:42:01","guid":{"rendered":"https:\/\/lt-laborhandel.de\/?post_type=product&#038;p=13889"},"modified":"2026-03-12T12:59:02","modified_gmt":"2026-03-12T11:59:02","slug":"liebherr-labor-kuehlgeraet-mit-explosionsgeschuetztem-innenraum-srffg-4001-20","status":"publish","type":"product","link":"https:\/\/lt-laborhandel.de\/en\/produkt\/liebherr-labor-kuehlgeraet-mit-explosionsgeschuetztem-innenraum-srffg-4001-20\/","title":{"rendered":"Liebherr SRFfg 4001 Labor-K\u00fchlger\u00e4t 394 L z\u00fcndquellenfrei (ATEX)"},"content":{"rendered":"<p data-path-to-node=\"6\">Der Liebherr SRFfg 4001 ist ein professionelles Labor-K\u00fchlger\u00e4t der Performance-Serie, das speziell f\u00fcr die Lagerung von brennbaren und explosiven Stoffen entwickelt wurde. Das Ger\u00e4t kombiniert ein leistungsstarkes dynamisches K\u00fchlsystem mit einem zertifizierten, z\u00fcndquellenfreien Innenraum.<\/p>\n<h3 data-path-to-node=\"7\">Zertifizierter Explosionsschutz (ATEX)<\/h3>\n<p data-path-to-node=\"7\">Das Hauptmerkmal dieses Ger\u00e4ts ist der z\u00fcndquellenfreie Innenraum. Es erf\u00fcllt die ATEX-Richtlinie 2014\/34\/EU (Klassifizierung II 3 G Ex ec IIC T6). Dies zertifiziert das Ger\u00e4t f\u00fcr die sichere Lagerung von brennbaren Stoffen in geschlossenen Beh\u00e4ltnissen, die explosive Atmosph\u00e4ren bilden k\u00f6nnten.<\/p>\n<h3 data-path-to-node=\"8\">Dynamische K\u00fchlung und hohe Temperaturstabilit\u00e4t<\/h3>\n<p data-path-to-node=\"8\">Das dynamische (Umluft-) K\u00fchlsystem sorgt f\u00fcr eine hochgradig gleichm\u00e4\u00dfige K\u00e4lteverteilung im gesamten Innenraum und eine maximale Temperaturabweichung von nur \u00b13\u00b0C. Der Temperaturbereich ist flexibel von +3 \u00b0C bis +16 \u00b0C einstellbar und wird \u00fcber ein modernes Monochrom-Display mit Touch-Buttons gesteuert.<\/p>\n<h3 data-path-to-node=\"9\">+2\u00b0C SafetyDevice f\u00fcr Frostschutz<\/h3>\n<p data-path-to-node=\"9\">Um das Einfrieren empfindlicher Proben zu verhindern, ist der SRFfg 4001 mit dem +2\u00b0C SafetyDevice ausgestattet. Sinkt die Temperatur im St\u00f6rfall unter +2\u00b0C, \u00fcbernimmt das System die Kontrolle, stabilisiert die Temperatur und aktiviert den Alarm.<\/p>\n<h3 data-path-to-node=\"10\">Umfassende Alarm- und Monitoring-Funktionen<\/h3>\n<p data-path-to-node=\"10\">F\u00fcr die l\u00fcckenlose \u00dcberwachung ist das Ger\u00e4t mit einem optischen und akustischen St\u00f6ralarm sowie einem Netzausfallalarm (bei Netzr\u00fcckkehr) ausgestattet. Ein potentialfreier Kontakt ist standardm\u00e4\u00dfig integriert. Das Ger\u00e4t ist zudem \u00fcber das nachr\u00fcstbare SmartModule f\u00fcr die Anbindung an externe Monitoring-Systeme (WLAN\/LAN) vorbereitet.<\/p>\n<h3>Technische Details<\/h3>\n<ul>\n<li data-path-to-node=\"13,0,0\">Bruttoinhalt: 394 l<\/li>\n<li data-path-to-node=\"13,1,0\">Nettoinhalt: 298 l<\/li>\n<li data-path-to-node=\"13,2,0\">Explosionsschutz: Ja (ATEX II 3 G Ex ec IIC T6)<\/li>\n<li data-path-to-node=\"13,3,0\">K\u00fchlsystem: Dynamisch (Umluft)<\/li>\n<li data-path-to-node=\"13,4,0\">Temperaturbereich: +3 \u00b0C bis +16 \u00b0C<\/li>\n<li data-path-to-node=\"13,5,0\">Temperaturstabilit\u00e4t: max. \u00b13 \u00b0C<\/li>\n<li data-path-to-node=\"13,6,0\">Abtauverfahren: Automatisch<\/li>\n<li data-path-to-node=\"13,7,0\">Lagerung: 5 Glas-Ablagefl\u00e4chen (verstellbar)<\/li>\n<li data-path-to-node=\"13,8,0\">Belastbarkeit Roste: 40 kg<\/li>\n<li data-path-to-node=\"13,9,0\">Steuerung: Monochrom-Display, Touch-Buttons<\/li>\n<li data-path-to-node=\"13,10,0\">Alarm: Optisch und akustisch, Netzausfallalarm (bei Netzr\u00fcckkehr)<\/li>\n<li data-path-to-node=\"13,11,0\">Sicherheit: +2\u00b0C SafetyDevice (Frostschutz)<\/li>\n<li data-path-to-node=\"13,12,0\">Schnittstellen: Potentialfreier Kontakt (Ja), WLAN\/LAN (Nachr\u00fcstbar)<\/li>\n<li data-path-to-node=\"13,13,0\">Material Innenbeh\u00e4lter: Kunststoff wei\u00df<\/li>\n<li data-path-to-node=\"13,14,0\">Schloss: Mechanisch<\/li>\n<li data-path-to-node=\"13,15,0\">K\u00e4ltemittel: R 600a<\/li>\n<li data-path-to-node=\"13,16,0\">Ger\u00e4uschpegel: 49 dB(A)<\/li>\n<li data-path-to-node=\"13,17,0\">Abmessungen (H\/B\/T): 1884 \/ 597 \/ 654 mm<\/li>\n<li data-path-to-node=\"13,18,0\">Nettogewicht: 69 kg<\/li>\n<\/ul>\n<h3>Lieferumfang<\/h3>\n<ul>\n<li data-path-to-node=\"16,0,0\">Liebherr SRFfg 4001 (Grundger\u00e4t)<\/li>\n<li data-path-to-node=\"16,1,0\">5 x Glas-Ablagefl\u00e4chen<\/li>\n<li data-path-to-node=\"16,2,0\">2 x Schl\u00fcssel<\/li>\n<li data-path-to-node=\"16,3,0\">Bedienungsanleitung<\/li>\n<\/ul>\n<h3>Individueller Bedarf &amp; Beschaffungsservice<\/h3>\n<p data-path-to-node=\"19\">Ben\u00f6tigen Sie das <b>SmartModule (Art.-Nr. 614526900)<\/b> zur Nachr\u00fcstung der WLAN\/LAN-Schnittstelle, zus\u00e4tzliche Glasplatten (Art.-Nr. 929192900) oder Lizenzen f\u00fcr Liebherr SmartMonitoring? Unser <a class=\"ng-star-inserted\" href=\"https:\/\/lt-laborhandel.de\/service\/\" target=\"_blank\" rel=\"noopener\">individueller Beschaffungsservice<\/a> unterst\u00fctzt Sie bei der Konfiguration und Beschaffung von Artikeln, die nicht im Standardsortiment gelistet sind.<\/p>\n<h3><\/h3>\n","protected":false},"excerpt":{"rendered":"<ul>\n<li data-path-to-node=\"28,0,0\">Typ: Labor-K\u00fchlger\u00e4t, z\u00fcndquellenfreier Innenraum<\/li>\n<li data-path-to-node=\"28,1,0\">Norm: Erf\u00fcllt ATEX-Richtlinie 2014\/34\/EU (II 3 G Ex ec IIC T6)<\/li>\n<li data-path-to-node=\"28,2,0\">Bruttoinhalt: 394 Liter (Netto: 298 Liter)<\/li>\n<li data-path-to-node=\"28,3,0\">K\u00fchlsystem: Dynamische Umluftk\u00fchlung (+3 \u00b0C bis +16 \u00b0C)<\/li>\n<li data-path-to-node=\"28,4,0\">Sicherheit: +2\u00b0C SafetyDevice (Frostschutz), Alarm, Schloss<\/li>\n<li data-path-to-node=\"28,5,0\">Schnittstellen: Potentialfreier Kontakt, WLAN\/LAN nachr\u00fcstbar<\/li>\n<\/ul>\n","protected":false},"featured_media":24515,"template":"","meta":[],"product_brand":[372],"product_cat":[304,371],"product_tag":[],"class_list":{"0":"post-13889","1":"product","2":"type-product","3":"status-publish","4":"has-post-thumbnail","6":"product_brand-liebherr","7":"product_cat-laborkuehl-laborgefriergeraete","8":"product_cat-liebherr","9":"product_shipping_class-standard","11":"first","12":"instock","13":"taxable","14":"shipping-taxable","15":"purchasable","16":"product-type-simple"},"tiered_pricing_type":"fixed","tiered_pricing_fixed_rules":[],"tiered_pricing_product_settings":{"layout":"default","base_unit_name":{"singular":null,"plural":null},"default_variation":null},"tiered_pricing_minimum_quantity":null,"tiered_pricing_roles_data":[],"tiered_pricing_percentage_rules":[],"_links":{"self":[{"href":"https:\/\/lt-laborhandel.de\/en\/wp-json\/wp\/v2\/product\/13889","targetHints":{"allow":["GET"]}}],"collection":[{"href":"https:\/\/lt-laborhandel.de\/en\/wp-json\/wp\/v2\/product"}],"about":[{"href":"https:\/\/lt-laborhandel.de\/en\/wp-json\/wp\/v2\/types\/product"}],"wp:featuredmedia":[{"embeddable":true,"href":"https:\/\/lt-laborhandel.de\/en\/wp-json\/wp\/v2\/media\/24515"}],"wp:attachment":[{"href":"https:\/\/lt-laborhandel.de\/en\/wp-json\/wp\/v2\/media?parent=13889"}],"wp:term":[{"taxonomy":"product_brand","embeddable":true,"href":"https:\/\/lt-laborhandel.de\/en\/wp-json\/wp\/v2\/product_brand?post=13889"},{"taxonomy":"product_cat","embeddable":true,"href":"https:\/\/lt-laborhandel.de\/en\/wp-json\/wp\/v2\/product_cat?post=13889"},{"taxonomy":"product_tag","embeddable":true,"href":"https:\/\/lt-laborhandel.de\/en\/wp-json\/wp\/v2\/product_tag?post=13889"}],"curies":[{"name":"wp","href":"https:\/\/api.w.org\/{rel}","templated":true}]}}