{"id":13842,"date":"2023-08-14T22:40:57","date_gmt":"2023-08-14T20:40:57","guid":{"rendered":"https:\/\/lt-laborhandel.de\/?post_type=product&#038;p=13842"},"modified":"2026-03-12T12:58:54","modified_gmt":"2026-03-12T11:58:54","slug":"liebherr-kuehl-gefrierkombination-gcv-4010-20","status":"publish","type":"product","link":"https:\/\/lt-laborhandel.de\/en\/produkt\/liebherr-kuehl-gefrierkombination-gcv-4010-20\/","title":{"rendered":"Liebherr K\u00fchl-Gefrierkombination FCFvg 4002 Performance, 377 l, Umluftk\u00fchlung, 2451534"},"content":{"rendered":"<p data-start=\"208\" data-end=\"728\">Die Liebherr K\u00fchl-Gefrierkombination FCFvg 4002 Performance bietet mit 377 Litern Bruttorauminhalt viel Platz und hohe Betriebssicherheit auf 59,7 cm Breite. Beide Zonen sind separat regelbar. LED-Deckenbeleuchtung, klar ablesbares Display und robuste Gefrierschubf\u00e4cher sorgen f\u00fcr komfortable Handhabung im Alltag.<br data-start=\"537\" data-end=\"540\" \/>Der lebensmittelechte Innenraum ist leicht zu reinigen, eine Displaysperre verhindert unbeabsichtigte \u00c4nderungen. Das Ger\u00e4teschild im Display zeigt alle relevanten Serviceinformationen an.<\/p>\n<p data-start=\"730\" data-end=\"753\"><strong data-start=\"730\" data-end=\"751\">Technische Daten:<\/strong><\/p>\n<ul>\n<li data-start=\"756\" data-end=\"788\">Bruttorauminhalt gesamt: 377 l<\/li>\n<li data-start=\"791\" data-end=\"838\">Au\u00dfenma\u00dfe (H \u00d7 B \u00d7 T): 204,4 \u00d7 59,7 \u00d7 65,4 cm<\/li>\n<li data-start=\"841\" data-end=\"879\">Energieverbrauch pro Jahr: 525 kWh\/a<\/li>\n<li data-start=\"882\" data-end=\"903\">K\u00e4ltemittel: R 600a<\/li>\n<li data-start=\"906\" data-end=\"943\">Gewicht (ohne Verpackung): 79,50 kg<\/li>\n<li data-start=\"946\" data-end=\"980\">Gewicht (mit Verpackung): 84,80 kg<\/li>\n<\/ul>\n","protected":false},"excerpt":{"rendered":"<ul>\n<li data-start=\"1037\" data-end=\"1086\">K\u00fchl-Gefrierkombination mit 377 l Bruttovolumen<\/li>\n<li data-start=\"1089\" data-end=\"1131\">Separat regelbare K\u00fchl- und Gefrierzonen<\/li>\n<li data-start=\"1134\" data-end=\"1175\">LED-Deckenbeleuchtung und Displaysperre<\/li>\n<li data-start=\"1178\" data-end=\"1221\">Wartungsarm, lebensmittelechter Innenraum<\/li>\n<li data-start=\"1224\" data-end=\"1253\">Energieverbrauch 525 kWh\/Jahr<\/li>\n<\/ul>\n<p><b>Zubeh\u00f6r- und Ersatzteile erhalten Sie gerne auf Anfrage!<\/b><\/p>\n","protected":false},"featured_media":15660,"template":"","meta":[],"product_brand":[372],"product_cat":[307,371],"product_tag":[],"class_list":{"0":"post-13842","1":"product","2":"type-product","3":"status-publish","4":"has-post-thumbnail","6":"product_brand-liebherr","7":"product_cat-kuehl-und-gefriergeraete","8":"product_cat-liebherr","9":"product_shipping_class-standard","11":"first","12":"instock","13":"taxable","14":"shipping-taxable","15":"purchasable","16":"product-type-simple"},"tiered_pricing_type":"fixed","tiered_pricing_fixed_rules":[],"tiered_pricing_product_settings":{"layout":"default","base_unit_name":{"singular":null,"plural":null},"default_variation":null},"tiered_pricing_minimum_quantity":null,"tiered_pricing_roles_data":[],"tiered_pricing_percentage_rules":[],"_links":{"self":[{"href":"https:\/\/lt-laborhandel.de\/en\/wp-json\/wp\/v2\/product\/13842","targetHints":{"allow":["GET"]}}],"collection":[{"href":"https:\/\/lt-laborhandel.de\/en\/wp-json\/wp\/v2\/product"}],"about":[{"href":"https:\/\/lt-laborhandel.de\/en\/wp-json\/wp\/v2\/types\/product"}],"wp:featuredmedia":[{"embeddable":true,"href":"https:\/\/lt-laborhandel.de\/en\/wp-json\/wp\/v2\/media\/15660"}],"wp:attachment":[{"href":"https:\/\/lt-laborhandel.de\/en\/wp-json\/wp\/v2\/media?parent=13842"}],"wp:term":[{"taxonomy":"product_brand","embeddable":true,"href":"https:\/\/lt-laborhandel.de\/en\/wp-json\/wp\/v2\/product_brand?post=13842"},{"taxonomy":"product_cat","embeddable":true,"href":"https:\/\/lt-laborhandel.de\/en\/wp-json\/wp\/v2\/product_cat?post=13842"},{"taxonomy":"product_tag","embeddable":true,"href":"https:\/\/lt-laborhandel.de\/en\/wp-json\/wp\/v2\/product_tag?post=13842"}],"curies":[{"name":"wp","href":"https:\/\/api.w.org\/{rel}","templated":true}]}}