{"id":13841,"date":"2023-08-14T22:40:57","date_gmt":"2023-08-14T20:40:57","guid":{"rendered":"https:\/\/lt-laborhandel.de\/?post_type=product&#038;p=13841"},"modified":"2026-03-12T12:58:53","modified_gmt":"2026-03-12T11:58:53","slug":"liebherr-kuehlgeraet-mit-umluftkuehlung-frfvg-6501-20","status":"publish","type":"product","link":"https:\/\/lt-laborhandel.de\/en\/produkt\/liebherr-kuehlgeraet-mit-umluftkuehlung-frfvg-6501-20\/","title":{"rendered":"Liebherr K\u00fchlger\u00e4t FRFvg 6501, 655 l brutto, Umluftk\u00fchlung, +1 \u00b0C bis +15 \u00b0C, 2451534"},"content":{"rendered":"<p data-start=\"315\" data-end=\"635\">Das Liebherr FRFvg 6501\u00a0ist ein robustes Umluft-K\u00fchlger\u00e4t mit 655 l Bruttorauminhalt f\u00fcr Labor, Gewerbe und Gastronomie. Das dynamische K\u00fchlsystem sorgt f\u00fcr eine gleichm\u00e4\u00dfige Temperaturverteilung, unterst\u00fctzt durch den Ventilator-T\u00fcrkontaktschalter, der K\u00e4lteverluste bei T\u00fcr\u00f6ffnungen minimiert.<\/p>\n<p data-start=\"637\" data-end=\"859\">Mit einem Temperaturbereich von +1 \u00b0C bis +15 \u00b0C, energieeffizienter Technik (1,652 kWh\/24 h, Effizienzklasse C) und nahezu wartungsfreiem Verdampfer ist dieses Ger\u00e4t f\u00fcr den intensiven Dauereinsatz geeignet.<\/p>\n<p><strong data-start=\"861\" data-end=\"882\">Technische Daten:<\/strong><\/p>\n<ul>\n<li data-start=\"887\" data-end=\"919\">Bruttorauminhalt gesamt: 655 l<\/li>\n<li data-start=\"922\" data-end=\"959\">Temperaturbereich: +1 \u00b0C bis +15 \u00b0C<\/li>\n<li data-start=\"962\" data-end=\"1009\">Au\u00dfenma\u00dfe (H \u00d7 B \u00d7 T): 201,8 \u00d7 74,7 \u00d7 76,9 cm<\/li>\n<li data-start=\"1012\" data-end=\"1049\">Energieverbrauch in 24 h: 1,652 kWh<\/li>\n<li data-start=\"1052\" data-end=\"1079\">Energieeffizienzklasse: C<\/li>\n<li data-start=\"1082\" data-end=\"1098\">Klimaklasse: 5<\/li>\n<li data-start=\"1101\" data-end=\"1121\">K\u00e4ltemittel: R600a<\/li>\n<\/ul>\n","protected":false},"excerpt":{"rendered":"<ul>\n<li data-start=\"1181\" data-end=\"1223\">Umluft-K\u00fchlger\u00e4t mit 655 l Bruttovolumen<\/li>\n<li data-start=\"1226\" data-end=\"1266\">Temperaturbereich von +1 \u00b0C bis +15 \u00b0C<\/li>\n<li data-start=\"1269\" data-end=\"1323\">Ventilator-T\u00fcrkontaktschalter reduziert K\u00e4lteverlust<\/li>\n<li data-start=\"1326\" data-end=\"1370\">Energieverbrauch: 1,652 kWh\/24 h, Klasse C<\/li>\n<li data-start=\"1373\" data-end=\"1417\">Robustes Geh\u00e4use, wartungsarmer Verdampfer<\/li>\n<\/ul>\n<p><b>Zubeh\u00f6r- und Ersatzteile erhalten Sie gerne auf Anfrage!<\/b><\/p>\n","protected":false},"featured_media":13715,"template":"","meta":[],"product_brand":[372],"product_cat":[307,371],"product_tag":[],"class_list":{"0":"post-13841","1":"product","2":"type-product","3":"status-publish","4":"has-post-thumbnail","6":"product_brand-liebherr","7":"product_cat-kuehl-und-gefriergeraete","8":"product_cat-liebherr","9":"product_shipping_class-standard","11":"first","12":"instock","13":"taxable","14":"shipping-taxable","15":"purchasable","16":"product-type-simple"},"tiered_pricing_type":"fixed","tiered_pricing_fixed_rules":[],"tiered_pricing_product_settings":{"layout":"default","base_unit_name":{"singular":null,"plural":null},"default_variation":null},"tiered_pricing_minimum_quantity":null,"tiered_pricing_roles_data":[],"tiered_pricing_percentage_rules":[],"_links":{"self":[{"href":"https:\/\/lt-laborhandel.de\/en\/wp-json\/wp\/v2\/product\/13841","targetHints":{"allow":["GET"]}}],"collection":[{"href":"https:\/\/lt-laborhandel.de\/en\/wp-json\/wp\/v2\/product"}],"about":[{"href":"https:\/\/lt-laborhandel.de\/en\/wp-json\/wp\/v2\/types\/product"}],"wp:featuredmedia":[{"embeddable":true,"href":"https:\/\/lt-laborhandel.de\/en\/wp-json\/wp\/v2\/media\/13715"}],"wp:attachment":[{"href":"https:\/\/lt-laborhandel.de\/en\/wp-json\/wp\/v2\/media?parent=13841"}],"wp:term":[{"taxonomy":"product_brand","embeddable":true,"href":"https:\/\/lt-laborhandel.de\/en\/wp-json\/wp\/v2\/product_brand?post=13841"},{"taxonomy":"product_cat","embeddable":true,"href":"https:\/\/lt-laborhandel.de\/en\/wp-json\/wp\/v2\/product_cat?post=13841"},{"taxonomy":"product_tag","embeddable":true,"href":"https:\/\/lt-laborhandel.de\/en\/wp-json\/wp\/v2\/product_tag?post=13841"}],"curies":[{"name":"wp","href":"https:\/\/api.w.org\/{rel}","templated":true}]}}