{"id":13839,"date":"2023-08-14T22:40:56","date_gmt":"2023-08-14T20:40:56","guid":{"rendered":"https:\/\/lt-laborhandel.de\/?post_type=product&#038;p=13839"},"modified":"2026-03-12T12:58:53","modified_gmt":"2026-03-12T11:58:53","slug":"liebherr-kuehlgeraet-mit-umluftkuehlung-frfvg-4001-20","status":"publish","type":"product","link":"https:\/\/lt-laborhandel.de\/en\/produkt\/liebherr-kuehlgeraet-mit-umluftkuehlung-frfvg-4001-20\/","title":{"rendered":"Liebherr K\u00fchlger\u00e4t FRFvg 4001, 420 l brutto, Umluftk\u00fchlung, +1 \u00b0C bis +15 \u00b0C, 2451534"},"content":{"rendered":"<p data-start=\"316\" data-end=\"549\">Das Liebherr FRFvg 4001-20 ist ein leistungsstarkes Umluft-K\u00fchlger\u00e4t mit 420 l Bruttorauminhalt. Es eignet sich perfekt f\u00fcr den Einsatz in Labors, Gastronomie und Gewerbe, wo eine zuverl\u00e4ssige K\u00fchlung gefordert ist.<\/p>\n<p data-start=\"551\" data-end=\"889\">Mit einem Temperaturbereich von +1 \u00b0C bis +15 \u00b0C und energieeffizientem Betrieb (1,408 kWh\/24 h, Klasse C) \u00fcberzeugt es durch gleichm\u00e4\u00dfige K\u00fchlung und niedrigen Verbrauch. Funktionen wie SuperCool, LightAlarm, selbstschlie\u00dfende T\u00fcr (&lt; 90\u00b0) und nachr\u00fcstbare WiFi-\/LAN-Schnittstelle erh\u00f6hen Sicherheit und Komfort.<\/p>\n<p data-start=\"891\" data-end=\"914\"><strong data-start=\"891\" data-end=\"912\">Technische Daten:<\/strong><\/p>\n<ul>\n<li data-start=\"917\" data-end=\"949\">Bruttorauminhalt gesamt: 420 l<\/li>\n<li data-start=\"952\" data-end=\"989\">Temperaturbereich: +1 \u00b0C bis +15 \u00b0C<\/li>\n<li data-start=\"992\" data-end=\"1039\">Au\u00dfenma\u00dfe (H \u00d7 B \u00d7 T): 188,4 \u00d7 59,7 \u00d7 65,4 cm<\/li>\n<li data-start=\"1042\" data-end=\"1079\">Energieverbrauch in 24 h: 1,408 kWh<\/li>\n<li data-start=\"1082\" data-end=\"1109\">Energieeffizienzklasse: C<\/li>\n<li data-start=\"1112\" data-end=\"1128\">Klimaklasse: 5<\/li>\n<li data-start=\"1131\" data-end=\"1151\">K\u00e4ltemittel: R600a<\/li>\n<\/ul>\n","protected":false},"excerpt":{"rendered":"<ul>\n<li data-start=\"1211\" data-end=\"1253\">Umluft-K\u00fchlger\u00e4t mit 420 l Bruttovolumen<\/li>\n<li data-start=\"1256\" data-end=\"1296\">Temperaturbereich von +1 \u00b0C bis +15 \u00b0C<\/li>\n<li data-start=\"1299\" data-end=\"1342\">Energieverbrauch 1,408 kWh\/24 h, Klasse C<\/li>\n<li data-start=\"1345\" data-end=\"1389\">SuperCool, LightAlarm, T\u00fcrschlie\u00dfautomatik<\/li>\n<li data-start=\"1392\" data-end=\"1429\">WiFi-\/LAN-Schnittstelle nachr\u00fcstbar<\/li>\n<\/ul>\n<p><b>Zubeh\u00f6r- und Ersatzteile erhalten Sie gerne auf Anfrage!<\/b><\/p>\n","protected":false},"featured_media":13719,"template":"","meta":[],"product_brand":[372],"product_cat":[307,371],"product_tag":[],"class_list":{"0":"post-13839","1":"product","2":"type-product","3":"status-publish","4":"has-post-thumbnail","6":"product_brand-liebherr","7":"product_cat-kuehl-und-gefriergeraete","8":"product_cat-liebherr","9":"product_shipping_class-standard","11":"first","12":"instock","13":"taxable","14":"shipping-taxable","15":"purchasable","16":"product-type-simple"},"tiered_pricing_type":"fixed","tiered_pricing_fixed_rules":[],"tiered_pricing_product_settings":{"layout":"default","base_unit_name":{"singular":null,"plural":null},"default_variation":null},"tiered_pricing_minimum_quantity":null,"tiered_pricing_roles_data":[],"tiered_pricing_percentage_rules":[],"_links":{"self":[{"href":"https:\/\/lt-laborhandel.de\/en\/wp-json\/wp\/v2\/product\/13839","targetHints":{"allow":["GET"]}}],"collection":[{"href":"https:\/\/lt-laborhandel.de\/en\/wp-json\/wp\/v2\/product"}],"about":[{"href":"https:\/\/lt-laborhandel.de\/en\/wp-json\/wp\/v2\/types\/product"}],"wp:featuredmedia":[{"embeddable":true,"href":"https:\/\/lt-laborhandel.de\/en\/wp-json\/wp\/v2\/media\/13719"}],"wp:attachment":[{"href":"https:\/\/lt-laborhandel.de\/en\/wp-json\/wp\/v2\/media?parent=13839"}],"wp:term":[{"taxonomy":"product_brand","embeddable":true,"href":"https:\/\/lt-laborhandel.de\/en\/wp-json\/wp\/v2\/product_brand?post=13839"},{"taxonomy":"product_cat","embeddable":true,"href":"https:\/\/lt-laborhandel.de\/en\/wp-json\/wp\/v2\/product_cat?post=13839"},{"taxonomy":"product_tag","embeddable":true,"href":"https:\/\/lt-laborhandel.de\/en\/wp-json\/wp\/v2\/product_tag?post=13839"}],"curies":[{"name":"wp","href":"https:\/\/api.w.org\/{rel}","templated":true}]}}