{"id":13837,"date":"2023-08-14T22:40:55","date_gmt":"2023-08-14T20:40:55","guid":{"rendered":"https:\/\/lt-laborhandel.de\/?post_type=product&#038;p=13837"},"modified":"2026-03-12T12:58:52","modified_gmt":"2026-03-12T11:58:52","slug":"liebherr-kuehlgeraet-mit-umluftkuehlung-frfcvg-6501-20","status":"publish","type":"product","link":"https:\/\/lt-laborhandel.de\/en\/produkt\/liebherr-kuehlgeraet-mit-umluftkuehlung-frfcvg-6501-20\/","title":{"rendered":"Liebherr K\u00fchlger\u00e4t FRFCvg 6501, 655 l brutto, Umluftk\u00fchlung, \u20132 \u00b0C bis +15 \u00b0C, 2451534"},"content":{"rendered":"<hr data-start=\"285\" data-end=\"288\" \/>\n<p data-start=\"318\" data-end=\"600\">Das Liebherr FRFCvg 6501-20 ist ein professionelles Umluft-K\u00fchlger\u00e4t mit einem Bruttorauminhalt von 655 l. Es eignet sich ideal f\u00fcr Labore, Forschung und Gastronomie, wo eine zuverl\u00e4ssige K\u00fchlung im erweiterten Temperaturbereich von \u20132 \u00b0C bis +15 \u00b0C gefordert ist.<\/p>\n<p data-start=\"602\" data-end=\"940\">Die Umluftk\u00fchlung sorgt f\u00fcr gleichm\u00e4\u00dfige Temperaturen, w\u00e4hrend Funktionen wie SuperCool, selbstschlie\u00dfende T\u00fcr (&lt; 90\u00b0) und LightAlarm f\u00fcr Komfort und Sicherheit im Alltag sorgen. Mit wechselbarer T\u00fcrdichtung und nachr\u00fcstbarer WiFi-\/LAN-Schnittstelle ist das Ger\u00e4t besonders wartungsfreundlich und zukunftssicher.<\/p>\n<p data-start=\"942\" data-end=\"965\"><strong data-start=\"942\" data-end=\"963\">Technische Daten:<\/strong><\/p>\n<ul>\n<li data-start=\"968\" data-end=\"1000\">Bruttorauminhalt gesamt: 655 l<\/li>\n<li data-start=\"1003\" data-end=\"1040\">Temperaturbereich: \u20132 \u00b0C bis +15 \u00b0C<\/li>\n<li data-start=\"1043\" data-end=\"1090\">Au\u00dfenma\u00dfe (H \u00d7 B \u00d7 T): 201,8 \u00d7 74,7 \u00d7 76,9 cm<\/li>\n<li data-start=\"1093\" data-end=\"1130\">Energieverbrauch in 24 h: 1,739 kWh<\/li>\n<li data-start=\"1133\" data-end=\"1160\">Energieeffizienzklasse: C<\/li>\n<li data-start=\"1163\" data-end=\"1179\">Klimaklasse: 5<\/li>\n<li data-start=\"1182\" data-end=\"1202\">K\u00e4ltemittel: R600a<\/li>\n<\/ul>\n","protected":false},"excerpt":{"rendered":"<ul>\n<li data-start=\"1262\" data-end=\"1304\">Umluft-K\u00fchlger\u00e4t mit 655 l Bruttovolumen<\/li>\n<li data-start=\"1307\" data-end=\"1343\">Temperaturbereich \u20132 \u00b0C bis +15 \u00b0C<\/li>\n<li data-start=\"1346\" data-end=\"1398\">Energieverbrauch 1,739 kWh\/24 h, Effizienzklasse C<\/li>\n<li data-start=\"1401\" data-end=\"1454\">SuperCool-Funktion, LightAlarm, T\u00fcrschlie\u00dfautomatik<\/li>\n<li data-start=\"1457\" data-end=\"1494\">WiFi-\/LAN-Schnittstelle nachr\u00fcstbar<\/li>\n<\/ul>\n<p><b>Zubeh\u00f6r- und Ersatzteile erhalten Sie gerne auf Anfrage!<\/b><\/p>\n","protected":false},"featured_media":13731,"template":"","meta":[],"product_brand":[372],"product_cat":[307,371],"product_tag":[],"class_list":{"0":"post-13837","1":"product","2":"type-product","3":"status-publish","4":"has-post-thumbnail","6":"product_brand-liebherr","7":"product_cat-kuehl-und-gefriergeraete","8":"product_cat-liebherr","9":"product_shipping_class-standard","11":"first","12":"instock","13":"taxable","14":"shipping-taxable","15":"purchasable","16":"product-type-simple"},"tiered_pricing_type":"fixed","tiered_pricing_fixed_rules":[],"tiered_pricing_product_settings":{"layout":"default","base_unit_name":{"singular":null,"plural":null},"default_variation":null},"tiered_pricing_minimum_quantity":null,"tiered_pricing_roles_data":[],"tiered_pricing_percentage_rules":[],"_links":{"self":[{"href":"https:\/\/lt-laborhandel.de\/en\/wp-json\/wp\/v2\/product\/13837","targetHints":{"allow":["GET"]}}],"collection":[{"href":"https:\/\/lt-laborhandel.de\/en\/wp-json\/wp\/v2\/product"}],"about":[{"href":"https:\/\/lt-laborhandel.de\/en\/wp-json\/wp\/v2\/types\/product"}],"wp:featuredmedia":[{"embeddable":true,"href":"https:\/\/lt-laborhandel.de\/en\/wp-json\/wp\/v2\/media\/13731"}],"wp:attachment":[{"href":"https:\/\/lt-laborhandel.de\/en\/wp-json\/wp\/v2\/media?parent=13837"}],"wp:term":[{"taxonomy":"product_brand","embeddable":true,"href":"https:\/\/lt-laborhandel.de\/en\/wp-json\/wp\/v2\/product_brand?post=13837"},{"taxonomy":"product_cat","embeddable":true,"href":"https:\/\/lt-laborhandel.de\/en\/wp-json\/wp\/v2\/product_cat?post=13837"},{"taxonomy":"product_tag","embeddable":true,"href":"https:\/\/lt-laborhandel.de\/en\/wp-json\/wp\/v2\/product_tag?post=13837"}],"curies":[{"name":"wp","href":"https:\/\/api.w.org\/{rel}","templated":true}]}}