{"id":13836,"date":"2023-08-14T22:40:55","date_gmt":"2023-08-14T20:40:55","guid":{"rendered":"https:\/\/lt-laborhandel.de\/?post_type=product&#038;p=13836"},"modified":"2026-03-12T12:58:51","modified_gmt":"2026-03-12T11:58:51","slug":"liebherr-kuehlgeraet-mit-umluftkuehlung-frfcvg-5511-20","status":"publish","type":"product","link":"https:\/\/lt-laborhandel.de\/en\/produkt\/liebherr-kuehlgeraet-mit-umluftkuehlung-frfcvg-5511-20\/","title":{"rendered":"Liebherr K\u00fchlger\u00e4t mit Umluftk\u00fchlung, #FRFCvg 5511, 2451534"},"content":{"rendered":"<p data-start=\"318\" data-end=\"526\">Das Liebherr FRFCvg 5511\u00a0ist ein leistungsstarkes Umluft-K\u00fchlger\u00e4t mit 600 l Bruttorauminhalt. Es eignet sich optimal f\u00fcr den professionellen Einsatz in Labors, Forschung und Gastronomie.<\/p>\n<p data-start=\"528\" data-end=\"833\">Mit einem Temperaturbereich von +1 \u00b0C bis +15 \u00b0C und dynamischer Umluftk\u00fchlung wird eine gleichm\u00e4\u00dfige Temperaturverteilung gew\u00e4hrleistet. Zur Ausstattung geh\u00f6ren eine digitale Steuerung, selbstschlie\u00dfende T\u00fcr (&lt; 90\u00b0) und eine nachr\u00fcstbare WiFi-\/LAN-Schnittstelle f\u00fcr SmartMonitoring.<\/p>\n<p data-start=\"835\" data-end=\"858\"><strong data-start=\"835\" data-end=\"856\">Technische Daten:<\/strong><\/p>\n<ul>\n<li data-start=\"861\" data-end=\"893\">Bruttorauminhalt gesamt: 600 l<\/li>\n<li data-start=\"896\" data-end=\"933\">Temperaturbereich: +1 \u00b0C bis +15 \u00b0C<\/li>\n<li data-start=\"936\" data-end=\"983\">Au\u00dfenma\u00dfe (H \u00d7 B \u00d7 T): 181,8 \u00d7 74,7 \u00d7 76,9 cm<\/li>\n<li data-start=\"986\" data-end=\"1023\">Energieverbrauch in 24 h: 2,852 kWh<\/li>\n<li data-start=\"1026\" data-end=\"1053\">Energieeffizienzklasse: E<\/li>\n<li data-start=\"1056\" data-end=\"1072\">Klimaklasse: 4<\/li>\n<li data-start=\"1075\" data-end=\"1095\">K\u00e4ltemittel: R600a<\/li>\n<\/ul>\n","protected":false},"excerpt":{"rendered":"<ul>\n<li data-start=\"1155\" data-end=\"1197\">Umluft-K\u00fchlger\u00e4t mit 600 l Bruttovolumen<\/li>\n<li data-start=\"1200\" data-end=\"1240\">Temperaturbereich von +1 \u00b0C bis +15 \u00b0C<\/li>\n<li data-start=\"1243\" data-end=\"1293\">Edelstahl-Innenraum, hygienisch und pflegeleicht<\/li>\n<li data-start=\"1296\" data-end=\"1344\">Energieverbrauch 2,852 kWh\/24 h, Klimaklasse 4<\/li>\n<li data-start=\"1347\" data-end=\"1384\">WiFi-\/LAN-Schnittstelle nachr\u00fcstbar<\/li>\n<\/ul>\n<p><b>Zubeh\u00f6r- und Ersatzteile erhalten Sie gerne auf Anfrage!<\/b><\/p>\n","protected":false},"featured_media":13729,"template":"","meta":[],"product_brand":[372],"product_cat":[307,371],"product_tag":[],"class_list":{"0":"post-13836","1":"product","2":"type-product","3":"status-publish","4":"has-post-thumbnail","6":"product_brand-liebherr","7":"product_cat-kuehl-und-gefriergeraete","8":"product_cat-liebherr","9":"product_shipping_class-standard","11":"first","12":"instock","13":"taxable","14":"shipping-taxable","15":"purchasable","16":"product-type-simple"},"tiered_pricing_type":"fixed","tiered_pricing_fixed_rules":[],"tiered_pricing_product_settings":{"layout":"default","base_unit_name":{"singular":null,"plural":null},"default_variation":null},"tiered_pricing_minimum_quantity":null,"tiered_pricing_roles_data":[],"tiered_pricing_percentage_rules":[],"_links":{"self":[{"href":"https:\/\/lt-laborhandel.de\/en\/wp-json\/wp\/v2\/product\/13836","targetHints":{"allow":["GET"]}}],"collection":[{"href":"https:\/\/lt-laborhandel.de\/en\/wp-json\/wp\/v2\/product"}],"about":[{"href":"https:\/\/lt-laborhandel.de\/en\/wp-json\/wp\/v2\/types\/product"}],"wp:featuredmedia":[{"embeddable":true,"href":"https:\/\/lt-laborhandel.de\/en\/wp-json\/wp\/v2\/media\/13729"}],"wp:attachment":[{"href":"https:\/\/lt-laborhandel.de\/en\/wp-json\/wp\/v2\/media?parent=13836"}],"wp:term":[{"taxonomy":"product_brand","embeddable":true,"href":"https:\/\/lt-laborhandel.de\/en\/wp-json\/wp\/v2\/product_brand?post=13836"},{"taxonomy":"product_cat","embeddable":true,"href":"https:\/\/lt-laborhandel.de\/en\/wp-json\/wp\/v2\/product_cat?post=13836"},{"taxonomy":"product_tag","embeddable":true,"href":"https:\/\/lt-laborhandel.de\/en\/wp-json\/wp\/v2\/product_tag?post=13836"}],"curies":[{"name":"wp","href":"https:\/\/api.w.org\/{rel}","templated":true}]}}