{"id":13835,"date":"2023-08-14T22:40:55","date_gmt":"2023-08-14T20:40:55","guid":{"rendered":"https:\/\/lt-laborhandel.de\/?post_type=product&#038;p=13835"},"modified":"2026-03-12T12:58:51","modified_gmt":"2026-03-12T11:58:51","slug":"liebherr-kuehlgeraet-mit-umluftkuehlung-frfcvg-5501-20","status":"publish","type":"product","link":"https:\/\/lt-laborhandel.de\/en\/produkt\/liebherr-kuehlgeraet-mit-umluftkuehlung-frfcvg-5501-20\/","title":{"rendered":"Liebherr K\u00fchlger\u00e4t FRFCvg 5501, 419 l netto \/ 571 l brutto, Umluftk\u00fchlung, \u20132 \u00b0C bis +15 \u00b0C, 2451534"},"content":{"rendered":"<p data-start=\"419\" data-end=\"515\">Liebherr FRFCvg 5501 \u2013 professionelles Umluft-K\u00fchlger\u00e4t mit erweitertem Temperaturbereich<\/p>\n<p data-start=\"517\" data-end=\"946\">Das Liebherr FRFCvg 5501\u00a0bietet einen Bruttorauminhalt von 571 l und Nettorauminhalt von 419 l \u2013 ideal f\u00fcr Labore, Forschung und Gewerbe mit hohem K\u00fchlbedarf. Der erweiterte Temperaturbereich von \u20132 \u00b0C bis +15 \u00b0C erm\u00f6glicht flexible Anwendungen von der schnellen Abk\u00fchlung bis zur materialschonenden Lagerung. Die Umluftk\u00fchlung sorgt dabei f\u00fcr gleichm\u00e4\u00dfige Temperaturverteilung im gesamten Innenraum.<\/p>\n<p data-start=\"948\" data-end=\"1287\">Robustes wei\u00df pulverbeschichtetes Stahlgeh\u00e4use, Edelstahl-Innenraum f\u00fcr Hygiene und leichte Reinigung sowie digitale Temperaturanzeige f\u00fcr pr\u00e4zise Kontrolle runden das Gesamtkonzept ab. Au\u00dfenma\u00dfe (H\u00d7B\u00d7T): 181,8 \u00d7 74,7 \u00d7 76,9 cm; Energieverbrauch: 1,698 kWh\/24 h; Klimaklasse 5.<\/p>\n<p data-start=\"1289\" data-end=\"1316\"><strong data-start=\"1289\" data-end=\"1314\">Technische Kerndaten:<\/strong><\/p>\n<ul>\n<li data-start=\"1319\" data-end=\"1393\"><strong data-start=\"1319\" data-end=\"1347\">Bruttorauminhalt gesamt:<\/strong> 571 l<\/li>\n<li data-start=\"1396\" data-end=\"1469\"><strong data-start=\"1396\" data-end=\"1423\">Nettorauminhalt gesamt:<\/strong> 419 l<\/li>\n<li data-start=\"1472\" data-end=\"1551\"><strong data-start=\"1472\" data-end=\"1494\">Temperaturbereich:<\/strong> \u20132 \u00b0C bis +15 \u00b0C<\/li>\n<li data-start=\"1554\" data-end=\"1639\"><strong data-start=\"1554\" data-end=\"1576\">Au\u00dfenma\u00dfe (H\u00d7B\u00d7T):<\/strong> 181,8 \u00d7 74,7 \u00d7 76,9 cm<\/li>\n<li data-start=\"1642\" data-end=\"1726\"><strong data-start=\"1642\" data-end=\"1671\">Energieverbrauch in 24 h:<\/strong> 1,698 kWh\/24 h<\/li>\n<li data-start=\"1729\" data-end=\"1787\"><strong data-start=\"1729\" data-end=\"1745\">Klimaklasse:<\/strong> 5<\/li>\n<li data-start=\"1729\" data-end=\"1787\"><strong data-start=\"1790\" data-end=\"1806\">K\u00e4ltemittel:<\/strong> R600a<\/li>\n<\/ul>\n","protected":false},"excerpt":{"rendered":"<p><b>Zubeh\u00f6r- und Ersatzteile erhalten Sie gerne auf Anfrage!<\/b><\/p>\n<ul>\n<li data-start=\"1921\" data-end=\"1966\">Umluftk\u00fchlger\u00e4t, 571 l brutto \/ 419 l netto<\/li>\n<li data-start=\"1969\" data-end=\"2018\">Erweiterter Temperaturbereich: \u20132 \u00b0C bis +15 \u00b0C<\/li>\n<li data-start=\"2021\" data-end=\"2062\">Gleichm\u00e4\u00dfige K\u00fchlung durch Umluftsystem<\/li>\n<li data-start=\"2065\" data-end=\"2113\">Edelstahl-Innenraum, hygienisch &amp; pflegeleicht<\/li>\n<li data-start=\"2116\" data-end=\"2163\">Energieverbrauch: 1,698 kWh\/24 h; Klimaklasse 5<\/li>\n<\/ul>\n","protected":false},"featured_media":13727,"template":"","meta":[],"product_brand":[372],"product_cat":[307,371],"product_tag":[],"class_list":{"0":"post-13835","1":"product","2":"type-product","3":"status-publish","4":"has-post-thumbnail","6":"product_brand-liebherr","7":"product_cat-kuehl-und-gefriergeraete","8":"product_cat-liebherr","9":"product_shipping_class-standard","11":"first","12":"instock","13":"taxable","14":"shipping-taxable","15":"purchasable","16":"product-type-simple"},"tiered_pricing_type":"fixed","tiered_pricing_fixed_rules":[],"tiered_pricing_product_settings":{"layout":"default","base_unit_name":{"singular":null,"plural":null},"default_variation":null},"tiered_pricing_minimum_quantity":null,"tiered_pricing_roles_data":[],"tiered_pricing_percentage_rules":[],"_links":{"self":[{"href":"https:\/\/lt-laborhandel.de\/en\/wp-json\/wp\/v2\/product\/13835","targetHints":{"allow":["GET"]}}],"collection":[{"href":"https:\/\/lt-laborhandel.de\/en\/wp-json\/wp\/v2\/product"}],"about":[{"href":"https:\/\/lt-laborhandel.de\/en\/wp-json\/wp\/v2\/types\/product"}],"wp:featuredmedia":[{"embeddable":true,"href":"https:\/\/lt-laborhandel.de\/en\/wp-json\/wp\/v2\/media\/13727"}],"wp:attachment":[{"href":"https:\/\/lt-laborhandel.de\/en\/wp-json\/wp\/v2\/media?parent=13835"}],"wp:term":[{"taxonomy":"product_brand","embeddable":true,"href":"https:\/\/lt-laborhandel.de\/en\/wp-json\/wp\/v2\/product_brand?post=13835"},{"taxonomy":"product_cat","embeddable":true,"href":"https:\/\/lt-laborhandel.de\/en\/wp-json\/wp\/v2\/product_cat?post=13835"},{"taxonomy":"product_tag","embeddable":true,"href":"https:\/\/lt-laborhandel.de\/en\/wp-json\/wp\/v2\/product_tag?post=13835"}],"curies":[{"name":"wp","href":"https:\/\/api.w.org\/{rel}","templated":true}]}}