{"id":13834,"date":"2023-08-14T22:40:54","date_gmt":"2023-08-14T20:40:54","guid":{"rendered":"https:\/\/lt-laborhandel.de\/?post_type=product&#038;p=13834"},"modified":"2026-03-12T12:58:51","modified_gmt":"2026-03-12T11:58:51","slug":"liebherr-kuehlgeraet-mit-umluftkuehlung-frfcvg-4001-20","status":"publish","type":"product","link":"https:\/\/lt-laborhandel.de\/en\/produkt\/liebherr-kuehlgeraet-mit-umluftkuehlung-frfcvg-4001-20\/","title":{"rendered":"Liebherr K\u00fchlger\u00e4t mit Umluftk\u00fchlung, #FRFCvg 4001, 2451534"},"content":{"rendered":"<p data-start=\"317\" data-end=\"641\">Das Liebherr FRFCvg 4001-20 ist ein kompaktes Umluft-K\u00fchlger\u00e4t mit 420 l Bruttorauminhalt, ideal f\u00fcr Labore, Gastronomie und Forschung. Mit einem Temperaturbereich von \u20132 \u00b0C bis +15 \u00b0C erm\u00f6glicht es vielseitige Anwendungen \u2013 von der frischen Lagerung empfindlicher Proben bis zur K\u00fchlung von Lebensmitteln.<\/p>\n<p data-start=\"643\" data-end=\"835\">Dank Funktionen wie SuperCool, LightAlarm, T\u00fcrschlie\u00dfautomatik (&lt; 90\u00b0) und einer nachr\u00fcstbaren WiFi-\/LAN-Schnittstelle bietet das Ger\u00e4t h\u00f6chsten Bedienkomfort und Sicherheit.<\/p>\n<p data-start=\"837\" data-end=\"860\"><strong data-start=\"837\" data-end=\"858\">Technische Daten:<\/strong><\/p>\n<ul>\n<li data-start=\"863\" data-end=\"895\">Bruttorauminhalt gesamt: 420 l<\/li>\n<li data-start=\"898\" data-end=\"935\">Temperaturbereich: \u20132 \u00b0C bis +15 \u00b0C<\/li>\n<li data-start=\"938\" data-end=\"985\">Au\u00dfenma\u00dfe (H \u00d7 B \u00d7 T): 188,4 \u00d7 59,7 \u00d7 65,4 cm<\/li>\n<li data-start=\"988\" data-end=\"1025\">Energieverbrauch in 24 h: 1,479 kWh<\/li>\n<li data-start=\"1028\" data-end=\"1055\">Energieeffizienzklasse: C<\/li>\n<li data-start=\"1058\" data-end=\"1074\">Klimaklasse: 5<\/li>\n<li data-start=\"1077\" data-end=\"1097\">K\u00e4ltemittel: R600a<\/li>\n<\/ul>\n","protected":false},"excerpt":{"rendered":"<ul>\n<li data-start=\"1157\" data-end=\"1199\">Umluft-K\u00fchlger\u00e4t mit 420 l Bruttovolumen<\/li>\n<li data-start=\"1202\" data-end=\"1238\">Temperaturbereich \u20132 \u00b0C bis +15 \u00b0C<\/li>\n<li data-start=\"1241\" data-end=\"1285\">Energieverbrauch: 1,479 kWh\/24 h, Klasse C<\/li>\n<li data-start=\"1288\" data-end=\"1332\">SuperCool, LightAlarm, T\u00fcrschlie\u00dfautomatik<\/li>\n<li data-start=\"1335\" data-end=\"1372\">WiFi-\/LAN-Schnittstelle nachr\u00fcstbar<\/li>\n<\/ul>\n<p><b>Zubeh\u00f6r- und Ersatzteile erhalten Sie gerne auf Anfrage!<\/b><\/p>\n","protected":false},"featured_media":13725,"template":"","meta":[],"product_brand":[372],"product_cat":[307,371],"product_tag":[],"class_list":{"0":"post-13834","1":"product","2":"type-product","3":"status-publish","4":"has-post-thumbnail","6":"product_brand-liebherr","7":"product_cat-kuehl-und-gefriergeraete","8":"product_cat-liebherr","9":"product_shipping_class-standard","11":"first","12":"instock","13":"taxable","14":"shipping-taxable","15":"purchasable","16":"product-type-simple"},"tiered_pricing_type":"fixed","tiered_pricing_fixed_rules":[],"tiered_pricing_product_settings":{"layout":"default","base_unit_name":{"singular":null,"plural":null},"default_variation":null},"tiered_pricing_minimum_quantity":null,"tiered_pricing_roles_data":[],"tiered_pricing_percentage_rules":[],"_links":{"self":[{"href":"https:\/\/lt-laborhandel.de\/en\/wp-json\/wp\/v2\/product\/13834","targetHints":{"allow":["GET"]}}],"collection":[{"href":"https:\/\/lt-laborhandel.de\/en\/wp-json\/wp\/v2\/product"}],"about":[{"href":"https:\/\/lt-laborhandel.de\/en\/wp-json\/wp\/v2\/types\/product"}],"wp:featuredmedia":[{"embeddable":true,"href":"https:\/\/lt-laborhandel.de\/en\/wp-json\/wp\/v2\/media\/13725"}],"wp:attachment":[{"href":"https:\/\/lt-laborhandel.de\/en\/wp-json\/wp\/v2\/media?parent=13834"}],"wp:term":[{"taxonomy":"product_brand","embeddable":true,"href":"https:\/\/lt-laborhandel.de\/en\/wp-json\/wp\/v2\/product_brand?post=13834"},{"taxonomy":"product_cat","embeddable":true,"href":"https:\/\/lt-laborhandel.de\/en\/wp-json\/wp\/v2\/product_cat?post=13834"},{"taxonomy":"product_tag","embeddable":true,"href":"https:\/\/lt-laborhandel.de\/en\/wp-json\/wp\/v2\/product_tag?post=13834"}],"curies":[{"name":"wp","href":"https:\/\/api.w.org\/{rel}","templated":true}]}}