{"id":13830,"date":"2023-08-14T22:40:53","date_gmt":"2023-08-14T20:40:53","guid":{"rendered":"https:\/\/lt-laborhandel.de\/?post_type=product&#038;p=13830"},"modified":"2026-03-12T12:58:50","modified_gmt":"2026-03-12T11:58:50","slug":"liebherr-standgefrierschrank-mit-nofrost-fffcvg-6501-40","status":"publish","type":"product","link":"https:\/\/lt-laborhandel.de\/en\/produkt\/liebherr-standgefrierschrank-mit-nofrost-fffcvg-6501-40\/","title":{"rendered":"Liebherr Standgefrierschrank FFFCVg 6501-40, NoFrost, 544 l, \u20139 \u00b0C bis \u201326 \u00b0C, 2451537"},"content":{"rendered":"<p data-start=\"313\" data-end=\"595\">Der Liebherr FFFCVg 6501-40 ist ein robuster und leistungsstarker Gewerbe-Gefrierschrank der Perfection-Serie mit NoFrost-Technologie. Mit einem Bruttorauminhalt von 544 Litern bietet er gro\u00dfz\u00fcgigen Stauraum und zuverl\u00e4ssige K\u00fchlleistung auch bei Umgebungstemperaturen bis +40 \u00b0C.<\/p>\n<p data-start=\"597\" data-end=\"911\">Die NoFrost-Technologie verhindert Eisbildung und macht manuelles Abtauen \u00fcberfl\u00fcssig. Durch die Umluftk\u00fchlung bleibt der Innenraum trocken und die Lagertemperatur konstant.<br data-start=\"770\" data-end=\"773\" \/>Praktische Funktionen wie LightAlarm, selbstschlie\u00dfende T\u00fcr und wechselbare Dichtung sorgen f\u00fcr Sicherheit, Effizienz und Bedienkomfort.<\/p>\n<p data-start=\"913\" data-end=\"936\"><strong data-start=\"913\" data-end=\"934\">Technische Daten:<\/strong><\/p>\n<ul>\n<li data-start=\"939\" data-end=\"971\">Bruttorauminhalt Gesamt: 544 l<\/li>\n<li data-start=\"974\" data-end=\"1011\">Temperaturbereich: \u20139 \u00b0C bis \u201326 \u00b0C<\/li>\n<li data-start=\"1014\" data-end=\"1064\">Energieverbrauch in 24 Stunden: 3,057 kWh \/ 24 h<\/li>\n<li data-start=\"1067\" data-end=\"1087\">K\u00e4ltemittel: R 290<\/li>\n<li data-start=\"1090\" data-end=\"1137\">Au\u00dfenma\u00dfe (H \u00d7 B \u00d7 T): 201,8 \u00d7 74,7 \u00d7 76,9 cm<\/li>\n<\/ul>\n","protected":false},"excerpt":{"rendered":"<ul>\n<li data-start=\"1194\" data-end=\"1242\">Gewerbe-Gefrierschrank mit 544 l Bruttovolumen<\/li>\n<li data-start=\"1245\" data-end=\"1287\">NoFrost-Technologie \u2013 kein Abtauen n\u00f6tig<\/li>\n<li data-start=\"1290\" data-end=\"1326\">Temperaturbereich \u20139 \u00b0C bis \u201326 \u00b0C<\/li>\n<li data-start=\"1329\" data-end=\"1362\">Energieverbrauch 3,057 kWh\/24 h<\/li>\n<li data-start=\"1365\" data-end=\"1403\">LightAlarm und selbstschlie\u00dfende T\u00fcr<\/li>\n<\/ul>\n<p><b>Zubeh\u00f6r- und Ersatzteile erhalten Sie gerne auf Anfrage!<\/b><\/p>\n","protected":false},"featured_media":13711,"template":"","meta":[],"product_brand":[372],"product_cat":[307,371],"product_tag":[],"class_list":{"0":"post-13830","1":"product","2":"type-product","3":"status-publish","4":"has-post-thumbnail","6":"product_brand-liebherr","7":"product_cat-kuehl-und-gefriergeraete","8":"product_cat-liebherr","9":"product_shipping_class-standard","11":"first","12":"instock","13":"taxable","14":"shipping-taxable","15":"purchasable","16":"product-type-simple"},"tiered_pricing_type":"fixed","tiered_pricing_fixed_rules":[],"tiered_pricing_product_settings":{"layout":"default","base_unit_name":{"singular":null,"plural":null},"default_variation":null},"tiered_pricing_minimum_quantity":null,"tiered_pricing_roles_data":[],"tiered_pricing_percentage_rules":[],"_links":{"self":[{"href":"https:\/\/lt-laborhandel.de\/en\/wp-json\/wp\/v2\/product\/13830","targetHints":{"allow":["GET"]}}],"collection":[{"href":"https:\/\/lt-laborhandel.de\/en\/wp-json\/wp\/v2\/product"}],"about":[{"href":"https:\/\/lt-laborhandel.de\/en\/wp-json\/wp\/v2\/types\/product"}],"wp:featuredmedia":[{"embeddable":true,"href":"https:\/\/lt-laborhandel.de\/en\/wp-json\/wp\/v2\/media\/13711"}],"wp:attachment":[{"href":"https:\/\/lt-laborhandel.de\/en\/wp-json\/wp\/v2\/media?parent=13830"}],"wp:term":[{"taxonomy":"product_brand","embeddable":true,"href":"https:\/\/lt-laborhandel.de\/en\/wp-json\/wp\/v2\/product_brand?post=13830"},{"taxonomy":"product_cat","embeddable":true,"href":"https:\/\/lt-laborhandel.de\/en\/wp-json\/wp\/v2\/product_cat?post=13830"},{"taxonomy":"product_tag","embeddable":true,"href":"https:\/\/lt-laborhandel.de\/en\/wp-json\/wp\/v2\/product_tag?post=13830"}],"curies":[{"name":"wp","href":"https:\/\/api.w.org\/{rel}","templated":true}]}}